{"id":90,"date":"2017-05-29T14:39:58","date_gmt":"2017-05-29T14:39:58","guid":{"rendered":"https:\/\/zentrum-tcm-kampfkunst.de\/praxis-fuer-tcm\/?page_id=90"},"modified":"2017-05-29T14:39:58","modified_gmt":"2017-05-29T14:39:58","slug":"behandlungsbeispiele","status":"publish","type":"page","link":"https:\/\/zentrum-tcm-kampfkunst.de\/praxis-fuer-tcm\/praxis\/behandlungsbeispiele\/","title":{"rendered":"Behandlungsbeispiele"},"content":{"rendered":"<p><strong>Allgemein:<br \/>\n<\/strong>Kopfschmerzen, M\u00fcdigkeit, Emotionale St\u00f6rungen, Schlafst\u00f6rungen, Erk\u00e4ltungsanf\u00e4lligkeiten, Allergien<\/p>\n<p><strong>Atemwegserkrankungen:<\/strong><br \/>\nAsthma, Heuschnupfen, Sinustitis, Bronchitis<\/p>\n<p><strong>Hauterkrankungen:<\/strong><br \/>\nNeurodermitis, Nesselsucht, Schuppenflechten<\/p>\n<p><strong>Magen-Darm-Erkrankungen:<\/strong><br \/>\nColitis Ulcerosa, Morbus Crohn, Reizdarm, Duchfallerkrankungen (nicht-bakterieller Ursache), Leber- und Gallenfunktionsst\u00f6rungen, Gastritis<\/p>\n<p><strong>Harnapparat:<\/strong><br \/>\nBlasenentz\u00fcndung, Nierensteine<\/p>\n<p><strong>Bewegungsapparat:<\/strong><br \/>\nR\u00fcckenschmerzen, Ischialgie, Rheuma, Schulter-Arm-Syndrom, Nackenverspannung, Gelenkschmerzen, Tennisellbogen, Morbus Bechterew<\/p>\n<p><strong>Neurologie:<\/strong><br \/>\nMigr\u00e4ne, Morbus Parkinson, Morbus Meniere, Trigeminusneuralgie, Axatie, L\u00e4hmungen nach Schlaganfall, Neuopathie, Multiple Sklerose, Phantom-\/ Stumpfschmerzen nach Amputation<\/p>\n<p><strong>Gyn\u00e4kologie:<\/strong><br \/>\nMenstruationsprobleme, Pr\u00e4menstruelles Syndrom, Myome, Zysten, Klimakterium, St\u00f6rungen in der Schwangerschaft, Geburtsvorbereitung, Postportale St\u00f6rungen, Unfruchtbarkeit<\/p>\n","protected":false},"excerpt":{"rendered":"<p>Allgemein: Kopfschmerzen, M\u00fcdigkeit, Emotionale St\u00f6rungen, Schlafst\u00f6rungen, Erk\u00e4ltungsanf\u00e4lligkeiten, Allergien Atemwegserkrankungen: Asthma, Heuschnupfen, Sinustitis, Bronchitis Hauterkrankungen: Neurodermitis, Nesselsucht, Schuppenflechten Magen-Darm-Erkrankungen: Colitis Ulcerosa, Morbus Crohn, Reizdarm, Duchfallerkrankungen (nicht-bakterieller Ursache), Leber- und Gallenfunktionsst\u00f6rungen, Gastritis [&hellip;]<\/p>\n","protected":false},"author":1,"featured_media":0,"parent":26,"menu_order":0,"comment_status":"closed","ping_status":"closed","template":"","meta":{"footnotes":""},"class_list":["post-90","page","type-page","status-publish","hentry"],"yoast_head":"<!-- This site is optimized with the Yoast SEO plugin v27.3 - https:\/\/yoast.com\/product\/yoast-seo-wordpress\/ -->\n<title>Behandlungsbeispiele - Praxis f\u00fcr TCM in Staufen<\/title>\n<meta name=\"robots\" content=\"index, follow, max-snippet:-1, max-image-preview:large, max-video-preview:-1\" \/>\n<link rel=\"canonical\" href=\"https:\/\/zentrum-tcm-kampfkunst.de\/praxis-fuer-tcm\/praxis\/behandlungsbeispiele\/\" \/>\n<meta property=\"og:locale\" content=\"de_DE\" \/>\n<meta property=\"og:type\" content=\"article\" \/>\n<meta property=\"og:title\" content=\"Behandlungsbeispiele - Praxis f\u00fcr TCM in Staufen\" \/>\n<meta property=\"og:description\" content=\"Allgemein: Kopfschmerzen, M\u00fcdigkeit, Emotionale St\u00f6rungen, Schlafst\u00f6rungen, Erk\u00e4ltungsanf\u00e4lligkeiten, Allergien Atemwegserkrankungen: Asthma, Heuschnupfen, Sinustitis, Bronchitis Hauterkrankungen: Neurodermitis, Nesselsucht, Schuppenflechten Magen-Darm-Erkrankungen: Colitis Ulcerosa, Morbus Crohn, Reizdarm, Duchfallerkrankungen (nicht-bakterieller Ursache), Leber- und Gallenfunktionsst\u00f6rungen, Gastritis [&hellip;]\" \/>\n<meta property=\"og:url\" content=\"https:\/\/zentrum-tcm-kampfkunst.de\/praxis-fuer-tcm\/praxis\/behandlungsbeispiele\/\" \/>\n<meta property=\"og:site_name\" content=\"Praxis f\u00fcr TCM in Staufen\" \/>\n<meta name=\"twitter:card\" content=\"summary_large_image\" \/>\n<script type=\"application\/ld+json\" class=\"yoast-schema-graph\">{\"@context\":\"https:\\\/\\\/schema.org\",\"@graph\":[{\"@type\":\"WebPage\",\"@id\":\"https:\\\/\\\/zentrum-tcm-kampfkunst.de\\\/praxis-fuer-tcm\\\/praxis\\\/behandlungsbeispiele\\\/\",\"url\":\"https:\\\/\\\/zentrum-tcm-kampfkunst.de\\\/praxis-fuer-tcm\\\/praxis\\\/behandlungsbeispiele\\\/\",\"name\":\"Behandlungsbeispiele - Praxis f\u00fcr TCM in Staufen\",\"isPartOf\":{\"@id\":\"https:\\\/\\\/zentrum-tcm-kampfkunst.de\\\/praxis-fuer-tcm\\\/#website\"},\"datePublished\":\"2017-05-29T14:39:58+00:00\",\"breadcrumb\":{\"@id\":\"https:\\\/\\\/zentrum-tcm-kampfkunst.de\\\/praxis-fuer-tcm\\\/praxis\\\/behandlungsbeispiele\\\/#breadcrumb\"},\"inLanguage\":\"de\",\"potentialAction\":[{\"@type\":\"ReadAction\",\"target\":[\"https:\\\/\\\/zentrum-tcm-kampfkunst.de\\\/praxis-fuer-tcm\\\/praxis\\\/behandlungsbeispiele\\\/\"]}]},{\"@type\":\"BreadcrumbList\",\"@id\":\"https:\\\/\\\/zentrum-tcm-kampfkunst.de\\\/praxis-fuer-tcm\\\/praxis\\\/behandlungsbeispiele\\\/#breadcrumb\",\"itemListElement\":[{\"@type\":\"ListItem\",\"position\":1,\"name\":\"Startseite\",\"item\":\"https:\\\/\\\/zentrum-tcm-kampfkunst.de\\\/praxis-fuer-tcm\\\/\"},{\"@type\":\"ListItem\",\"position\":2,\"name\":\"Praxis\",\"item\":\"https:\\\/\\\/zentrum-tcm-kampfkunst.de\\\/praxis-fuer-tcm\\\/praxis\\\/\"},{\"@type\":\"ListItem\",\"position\":3,\"name\":\"Behandlungsbeispiele\"}]},{\"@type\":\"WebSite\",\"@id\":\"https:\\\/\\\/zentrum-tcm-kampfkunst.de\\\/praxis-fuer-tcm\\\/#website\",\"url\":\"https:\\\/\\\/zentrum-tcm-kampfkunst.de\\\/praxis-fuer-tcm\\\/\",\"name\":\"Praxis f\u00fcr TCM in Staufen\",\"description\":\"Zentrum f\u00fcr TCM &amp; Kampfkunst Guo-Shu\",\"potentialAction\":[{\"@type\":\"SearchAction\",\"target\":{\"@type\":\"EntryPoint\",\"urlTemplate\":\"https:\\\/\\\/zentrum-tcm-kampfkunst.de\\\/praxis-fuer-tcm\\\/?s={search_term_string}\"},\"query-input\":{\"@type\":\"PropertyValueSpecification\",\"valueRequired\":true,\"valueName\":\"search_term_string\"}}],\"inLanguage\":\"de\"}]}<\/script>\n<!-- \/ Yoast SEO plugin. -->","yoast_head_json":{"title":"Behandlungsbeispiele - Praxis f\u00fcr TCM in Staufen","robots":{"index":"index","follow":"follow","max-snippet":"max-snippet:-1","max-image-preview":"max-image-preview:large","max-video-preview":"max-video-preview:-1"},"canonical":"https:\/\/zentrum-tcm-kampfkunst.de\/praxis-fuer-tcm\/praxis\/behandlungsbeispiele\/","og_locale":"de_DE","og_type":"article","og_title":"Behandlungsbeispiele - Praxis f\u00fcr TCM in Staufen","og_description":"Allgemein: Kopfschmerzen, M\u00fcdigkeit, Emotionale St\u00f6rungen, Schlafst\u00f6rungen, Erk\u00e4ltungsanf\u00e4lligkeiten, Allergien Atemwegserkrankungen: Asthma, Heuschnupfen, Sinustitis, Bronchitis Hauterkrankungen: Neurodermitis, Nesselsucht, Schuppenflechten Magen-Darm-Erkrankungen: Colitis Ulcerosa, Morbus Crohn, Reizdarm, Duchfallerkrankungen (nicht-bakterieller Ursache), Leber- und Gallenfunktionsst\u00f6rungen, Gastritis [&hellip;]","og_url":"https:\/\/zentrum-tcm-kampfkunst.de\/praxis-fuer-tcm\/praxis\/behandlungsbeispiele\/","og_site_name":"Praxis f\u00fcr TCM in Staufen","twitter_card":"summary_large_image","schema":{"@context":"https:\/\/schema.org","@graph":[{"@type":"WebPage","@id":"https:\/\/zentrum-tcm-kampfkunst.de\/praxis-fuer-tcm\/praxis\/behandlungsbeispiele\/","url":"https:\/\/zentrum-tcm-kampfkunst.de\/praxis-fuer-tcm\/praxis\/behandlungsbeispiele\/","name":"Behandlungsbeispiele - Praxis f\u00fcr TCM in Staufen","isPartOf":{"@id":"https:\/\/zentrum-tcm-kampfkunst.de\/praxis-fuer-tcm\/#website"},"datePublished":"2017-05-29T14:39:58+00:00","breadcrumb":{"@id":"https:\/\/zentrum-tcm-kampfkunst.de\/praxis-fuer-tcm\/praxis\/behandlungsbeispiele\/#breadcrumb"},"inLanguage":"de","potentialAction":[{"@type":"ReadAction","target":["https:\/\/zentrum-tcm-kampfkunst.de\/praxis-fuer-tcm\/praxis\/behandlungsbeispiele\/"]}]},{"@type":"BreadcrumbList","@id":"https:\/\/zentrum-tcm-kampfkunst.de\/praxis-fuer-tcm\/praxis\/behandlungsbeispiele\/#breadcrumb","itemListElement":[{"@type":"ListItem","position":1,"name":"Startseite","item":"https:\/\/zentrum-tcm-kampfkunst.de\/praxis-fuer-tcm\/"},{"@type":"ListItem","position":2,"name":"Praxis","item":"https:\/\/zentrum-tcm-kampfkunst.de\/praxis-fuer-tcm\/praxis\/"},{"@type":"ListItem","position":3,"name":"Behandlungsbeispiele"}]},{"@type":"WebSite","@id":"https:\/\/zentrum-tcm-kampfkunst.de\/praxis-fuer-tcm\/#website","url":"https:\/\/zentrum-tcm-kampfkunst.de\/praxis-fuer-tcm\/","name":"Praxis f\u00fcr TCM in Staufen","description":"Zentrum f\u00fcr TCM &amp; Kampfkunst Guo-Shu","potentialAction":[{"@type":"SearchAction","target":{"@type":"EntryPoint","urlTemplate":"https:\/\/zentrum-tcm-kampfkunst.de\/praxis-fuer-tcm\/?s={search_term_string}"},"query-input":{"@type":"PropertyValueSpecification","valueRequired":true,"valueName":"search_term_string"}}],"inLanguage":"de"}]}},"_links":{"self":[{"href":"https:\/\/zentrum-tcm-kampfkunst.de\/praxis-fuer-tcm\/wp-json\/wp\/v2\/pages\/90","targetHints":{"allow":["GET"]}}],"collection":[{"href":"https:\/\/zentrum-tcm-kampfkunst.de\/praxis-fuer-tcm\/wp-json\/wp\/v2\/pages"}],"about":[{"href":"https:\/\/zentrum-tcm-kampfkunst.de\/praxis-fuer-tcm\/wp-json\/wp\/v2\/types\/page"}],"author":[{"embeddable":true,"href":"https:\/\/zentrum-tcm-kampfkunst.de\/praxis-fuer-tcm\/wp-json\/wp\/v2\/users\/1"}],"replies":[{"embeddable":true,"href":"https:\/\/zentrum-tcm-kampfkunst.de\/praxis-fuer-tcm\/wp-json\/wp\/v2\/comments?post=90"}],"version-history":[{"count":0,"href":"https:\/\/zentrum-tcm-kampfkunst.de\/praxis-fuer-tcm\/wp-json\/wp\/v2\/pages\/90\/revisions"}],"up":[{"embeddable":true,"href":"https:\/\/zentrum-tcm-kampfkunst.de\/praxis-fuer-tcm\/wp-json\/wp\/v2\/pages\/26"}],"wp:attachment":[{"href":"https:\/\/zentrum-tcm-kampfkunst.de\/praxis-fuer-tcm\/wp-json\/wp\/v2\/media?parent=90"}],"curies":[{"name":"wp","href":"https:\/\/api.w.org\/{rel}","templated":true}]}}