{"id":87,"date":"2017-05-29T14:36:33","date_gmt":"2017-05-29T14:36:33","guid":{"rendered":"https:\/\/zentrum-tcm-kampfkunst.de\/praxis-fuer-tcm\/?page_id=87"},"modified":"2017-07-12T11:57:09","modified_gmt":"2017-07-12T09:57:09","slug":"kinderheilkunde","status":"publish","type":"page","link":"https:\/\/zentrum-tcm-kampfkunst.de\/praxis-fuer-tcm\/behandlungsmethoden\/kinderheilkunde\/","title":{"rendered":"Kinderheilkunde"},"content":{"rendered":"<div class=\"csc-textpic-text\">\n<p class=\"bodytext\"><img loading=\"lazy\" decoding=\"async\" class=\"size-full wp-image-119 alignright\" src=\"https:\/\/zentrum-tcm-kampfkunst.de\/praxis-fuer-tcm\/wp-content\/uploads\/sites\/2\/2017\/05\/kinder_web_3.jpg\" alt=\"\" width=\"200\" height=\"133\" \/>Dirk Gomez y Rieser (K\u00e4stner) ist einer der wenigen Therapeuten der Traditionellen Chinesischen Medizin in Deutschland, der <b>S\u00e4ugl<\/b><b>i<\/b><b>n<\/b><b>ge, <\/b><b>s<\/b><b>o<\/b><b>wie Kinder und Jugendliche<\/b> mit dieser sanften Methode behandeln kann. Hierbei kommt sehr h\u00e4ufig die atraumatische Laserakupunktur zum Einsatz. Die Kinderheilkunde hat sich seit der Song-Dynastie (960-1279) zu einem Spezialgebiet innerhalb der TCM entwickelt und hat sich heute an die westlichen Bedingungen angepasst.<\/p>\n<p class=\"bodytext\">Behandelt werden k\u00f6nnen:<\/p>\n<ul>\n<li><span class=\"internal-link\">Verdauungsst\u00f6rungen<\/span><\/li>\n<li><span class=\"internal-link\">Autismus <\/span><\/li>\n<li>Essst\u00f6rung<\/li>\n<li>Legasthenie<\/li>\n<li>Asthma<\/li>\n<li>Krampfanf\u00e4lle<\/li>\n<li>Schlafst\u00f6rungen<\/li>\n<li>Bettn\u00e4ssen<\/li>\n<li>Neurodermitis<\/li>\n<li>Hyperaktivit\u00e4t<\/li>\n<li>Lernschwierigkeiten<\/li>\n<li>Zahnen<\/li>\n<li>Pubert\u00e4tsprobleme<\/li>\n<li>Down-Syndrom<\/li>\n<li>Bauchschmerzen<\/li>\n<\/ul>\n<\/div>\n","protected":false},"excerpt":{"rendered":"<p>Dirk Gomez y Rieser (K\u00e4stner) ist einer der wenigen Therapeuten der Traditionellen Chinesischen Medizin in Deutschland, der S\u00e4uglinge, sowie Kinder und Jugendliche mit dieser sanften Methode behandeln kann. Hierbei kommt [&hellip;]<\/p>\n","protected":false},"author":1,"featured_media":0,"parent":10,"menu_order":0,"comment_status":"closed","ping_status":"closed","template":"","meta":{"footnotes":""},"class_list":["post-87","page","type-page","status-publish","hentry"],"yoast_head":"<!-- This site is optimized with the Yoast SEO plugin v27.3 - https:\/\/yoast.com\/product\/yoast-seo-wordpress\/ -->\n<title>Kinderheilkunde - Praxis f\u00fcr TCM in Staufen<\/title>\n<meta name=\"robots\" content=\"index, follow, max-snippet:-1, max-image-preview:large, max-video-preview:-1\" \/>\n<link rel=\"canonical\" href=\"https:\/\/zentrum-tcm-kampfkunst.de\/praxis-fuer-tcm\/behandlungsmethoden\/kinderheilkunde\/\" \/>\n<meta property=\"og:locale\" content=\"de_DE\" \/>\n<meta property=\"og:type\" content=\"article\" \/>\n<meta property=\"og:title\" content=\"Kinderheilkunde - Praxis f\u00fcr TCM in Staufen\" \/>\n<meta property=\"og:description\" content=\"Dirk Gomez y Rieser (K\u00e4stner) ist einer der wenigen Therapeuten der Traditionellen Chinesischen Medizin in Deutschland, der S\u00e4uglinge, sowie Kinder und Jugendliche mit dieser sanften Methode behandeln kann. Hierbei kommt [&hellip;]\" \/>\n<meta property=\"og:url\" content=\"https:\/\/zentrum-tcm-kampfkunst.de\/praxis-fuer-tcm\/behandlungsmethoden\/kinderheilkunde\/\" \/>\n<meta property=\"og:site_name\" content=\"Praxis f\u00fcr TCM in Staufen\" \/>\n<meta property=\"article:modified_time\" content=\"2017-07-12T09:57:09+00:00\" \/>\n<meta property=\"og:image\" content=\"https:\/\/zentrum-tcm-kampfkunst.de\/praxis-fuer-tcm\/wp-content\/uploads\/sites\/2\/2017\/05\/kinder_web_3.jpg\" \/>\n<meta name=\"twitter:card\" content=\"summary_large_image\" \/>\n<script type=\"application\/ld+json\" class=\"yoast-schema-graph\">{\"@context\":\"https:\\\/\\\/schema.org\",\"@graph\":[{\"@type\":\"WebPage\",\"@id\":\"https:\\\/\\\/zentrum-tcm-kampfkunst.de\\\/praxis-fuer-tcm\\\/behandlungsmethoden\\\/kinderheilkunde\\\/\",\"url\":\"https:\\\/\\\/zentrum-tcm-kampfkunst.de\\\/praxis-fuer-tcm\\\/behandlungsmethoden\\\/kinderheilkunde\\\/\",\"name\":\"Kinderheilkunde - Praxis f\u00fcr TCM in Staufen\",\"isPartOf\":{\"@id\":\"https:\\\/\\\/zentrum-tcm-kampfkunst.de\\\/praxis-fuer-tcm\\\/#website\"},\"primaryImageOfPage\":{\"@id\":\"https:\\\/\\\/zentrum-tcm-kampfkunst.de\\\/praxis-fuer-tcm\\\/behandlungsmethoden\\\/kinderheilkunde\\\/#primaryimage\"},\"image\":{\"@id\":\"https:\\\/\\\/zentrum-tcm-kampfkunst.de\\\/praxis-fuer-tcm\\\/behandlungsmethoden\\\/kinderheilkunde\\\/#primaryimage\"},\"thumbnailUrl\":\"https:\\\/\\\/zentrum-tcm-kampfkunst.de\\\/praxis-fuer-tcm\\\/wp-content\\\/uploads\\\/sites\\\/2\\\/2017\\\/05\\\/kinder_web_3.jpg\",\"datePublished\":\"2017-05-29T14:36:33+00:00\",\"dateModified\":\"2017-07-12T09:57:09+00:00\",\"breadcrumb\":{\"@id\":\"https:\\\/\\\/zentrum-tcm-kampfkunst.de\\\/praxis-fuer-tcm\\\/behandlungsmethoden\\\/kinderheilkunde\\\/#breadcrumb\"},\"inLanguage\":\"de\",\"potentialAction\":[{\"@type\":\"ReadAction\",\"target\":[\"https:\\\/\\\/zentrum-tcm-kampfkunst.de\\\/praxis-fuer-tcm\\\/behandlungsmethoden\\\/kinderheilkunde\\\/\"]}]},{\"@type\":\"ImageObject\",\"inLanguage\":\"de\",\"@id\":\"https:\\\/\\\/zentrum-tcm-kampfkunst.de\\\/praxis-fuer-tcm\\\/behandlungsmethoden\\\/kinderheilkunde\\\/#primaryimage\",\"url\":\"https:\\\/\\\/zentrum-tcm-kampfkunst.de\\\/praxis-fuer-tcm\\\/wp-content\\\/uploads\\\/sites\\\/2\\\/2017\\\/05\\\/kinder_web_3.jpg\",\"contentUrl\":\"https:\\\/\\\/zentrum-tcm-kampfkunst.de\\\/praxis-fuer-tcm\\\/wp-content\\\/uploads\\\/sites\\\/2\\\/2017\\\/05\\\/kinder_web_3.jpg\"},{\"@type\":\"BreadcrumbList\",\"@id\":\"https:\\\/\\\/zentrum-tcm-kampfkunst.de\\\/praxis-fuer-tcm\\\/behandlungsmethoden\\\/kinderheilkunde\\\/#breadcrumb\",\"itemListElement\":[{\"@type\":\"ListItem\",\"position\":1,\"name\":\"Startseite\",\"item\":\"https:\\\/\\\/zentrum-tcm-kampfkunst.de\\\/praxis-fuer-tcm\\\/\"},{\"@type\":\"ListItem\",\"position\":2,\"name\":\"Behandlungsmethoden (\u00dcbersicht)\",\"item\":\"https:\\\/\\\/zentrum-tcm-kampfkunst.de\\\/praxis-fuer-tcm\\\/behandlungsmethoden\\\/\"},{\"@type\":\"ListItem\",\"position\":3,\"name\":\"Kinderheilkunde\"}]},{\"@type\":\"WebSite\",\"@id\":\"https:\\\/\\\/zentrum-tcm-kampfkunst.de\\\/praxis-fuer-tcm\\\/#website\",\"url\":\"https:\\\/\\\/zentrum-tcm-kampfkunst.de\\\/praxis-fuer-tcm\\\/\",\"name\":\"Praxis f\u00fcr TCM in Staufen\",\"description\":\"Zentrum f\u00fcr TCM &amp; Kampfkunst Guo-Shu\",\"potentialAction\":[{\"@type\":\"SearchAction\",\"target\":{\"@type\":\"EntryPoint\",\"urlTemplate\":\"https:\\\/\\\/zentrum-tcm-kampfkunst.de\\\/praxis-fuer-tcm\\\/?s={search_term_string}\"},\"query-input\":{\"@type\":\"PropertyValueSpecification\",\"valueRequired\":true,\"valueName\":\"search_term_string\"}}],\"inLanguage\":\"de\"}]}<\/script>\n<!-- \/ Yoast SEO plugin. -->","yoast_head_json":{"title":"Kinderheilkunde - Praxis f\u00fcr TCM in Staufen","robots":{"index":"index","follow":"follow","max-snippet":"max-snippet:-1","max-image-preview":"max-image-preview:large","max-video-preview":"max-video-preview:-1"},"canonical":"https:\/\/zentrum-tcm-kampfkunst.de\/praxis-fuer-tcm\/behandlungsmethoden\/kinderheilkunde\/","og_locale":"de_DE","og_type":"article","og_title":"Kinderheilkunde - Praxis f\u00fcr TCM in Staufen","og_description":"Dirk Gomez y Rieser (K\u00e4stner) ist einer der wenigen Therapeuten der Traditionellen Chinesischen Medizin in Deutschland, der S\u00e4uglinge, sowie Kinder und Jugendliche mit dieser sanften Methode behandeln kann. Hierbei kommt [&hellip;]","og_url":"https:\/\/zentrum-tcm-kampfkunst.de\/praxis-fuer-tcm\/behandlungsmethoden\/kinderheilkunde\/","og_site_name":"Praxis f\u00fcr TCM in Staufen","article_modified_time":"2017-07-12T09:57:09+00:00","og_image":[{"url":"https:\/\/zentrum-tcm-kampfkunst.de\/praxis-fuer-tcm\/wp-content\/uploads\/sites\/2\/2017\/05\/kinder_web_3.jpg","type":"","width":"","height":""}],"twitter_card":"summary_large_image","schema":{"@context":"https:\/\/schema.org","@graph":[{"@type":"WebPage","@id":"https:\/\/zentrum-tcm-kampfkunst.de\/praxis-fuer-tcm\/behandlungsmethoden\/kinderheilkunde\/","url":"https:\/\/zentrum-tcm-kampfkunst.de\/praxis-fuer-tcm\/behandlungsmethoden\/kinderheilkunde\/","name":"Kinderheilkunde - Praxis f\u00fcr TCM in Staufen","isPartOf":{"@id":"https:\/\/zentrum-tcm-kampfkunst.de\/praxis-fuer-tcm\/#website"},"primaryImageOfPage":{"@id":"https:\/\/zentrum-tcm-kampfkunst.de\/praxis-fuer-tcm\/behandlungsmethoden\/kinderheilkunde\/#primaryimage"},"image":{"@id":"https:\/\/zentrum-tcm-kampfkunst.de\/praxis-fuer-tcm\/behandlungsmethoden\/kinderheilkunde\/#primaryimage"},"thumbnailUrl":"https:\/\/zentrum-tcm-kampfkunst.de\/praxis-fuer-tcm\/wp-content\/uploads\/sites\/2\/2017\/05\/kinder_web_3.jpg","datePublished":"2017-05-29T14:36:33+00:00","dateModified":"2017-07-12T09:57:09+00:00","breadcrumb":{"@id":"https:\/\/zentrum-tcm-kampfkunst.de\/praxis-fuer-tcm\/behandlungsmethoden\/kinderheilkunde\/#breadcrumb"},"inLanguage":"de","potentialAction":[{"@type":"ReadAction","target":["https:\/\/zentrum-tcm-kampfkunst.de\/praxis-fuer-tcm\/behandlungsmethoden\/kinderheilkunde\/"]}]},{"@type":"ImageObject","inLanguage":"de","@id":"https:\/\/zentrum-tcm-kampfkunst.de\/praxis-fuer-tcm\/behandlungsmethoden\/kinderheilkunde\/#primaryimage","url":"https:\/\/zentrum-tcm-kampfkunst.de\/praxis-fuer-tcm\/wp-content\/uploads\/sites\/2\/2017\/05\/kinder_web_3.jpg","contentUrl":"https:\/\/zentrum-tcm-kampfkunst.de\/praxis-fuer-tcm\/wp-content\/uploads\/sites\/2\/2017\/05\/kinder_web_3.jpg"},{"@type":"BreadcrumbList","@id":"https:\/\/zentrum-tcm-kampfkunst.de\/praxis-fuer-tcm\/behandlungsmethoden\/kinderheilkunde\/#breadcrumb","itemListElement":[{"@type":"ListItem","position":1,"name":"Startseite","item":"https:\/\/zentrum-tcm-kampfkunst.de\/praxis-fuer-tcm\/"},{"@type":"ListItem","position":2,"name":"Behandlungsmethoden (\u00dcbersicht)","item":"https:\/\/zentrum-tcm-kampfkunst.de\/praxis-fuer-tcm\/behandlungsmethoden\/"},{"@type":"ListItem","position":3,"name":"Kinderheilkunde"}]},{"@type":"WebSite","@id":"https:\/\/zentrum-tcm-kampfkunst.de\/praxis-fuer-tcm\/#website","url":"https:\/\/zentrum-tcm-kampfkunst.de\/praxis-fuer-tcm\/","name":"Praxis f\u00fcr TCM in Staufen","description":"Zentrum f\u00fcr TCM &amp; Kampfkunst Guo-Shu","potentialAction":[{"@type":"SearchAction","target":{"@type":"EntryPoint","urlTemplate":"https:\/\/zentrum-tcm-kampfkunst.de\/praxis-fuer-tcm\/?s={search_term_string}"},"query-input":{"@type":"PropertyValueSpecification","valueRequired":true,"valueName":"search_term_string"}}],"inLanguage":"de"}]}},"_links":{"self":[{"href":"https:\/\/zentrum-tcm-kampfkunst.de\/praxis-fuer-tcm\/wp-json\/wp\/v2\/pages\/87","targetHints":{"allow":["GET"]}}],"collection":[{"href":"https:\/\/zentrum-tcm-kampfkunst.de\/praxis-fuer-tcm\/wp-json\/wp\/v2\/pages"}],"about":[{"href":"https:\/\/zentrum-tcm-kampfkunst.de\/praxis-fuer-tcm\/wp-json\/wp\/v2\/types\/page"}],"author":[{"embeddable":true,"href":"https:\/\/zentrum-tcm-kampfkunst.de\/praxis-fuer-tcm\/wp-json\/wp\/v2\/users\/1"}],"replies":[{"embeddable":true,"href":"https:\/\/zentrum-tcm-kampfkunst.de\/praxis-fuer-tcm\/wp-json\/wp\/v2\/comments?post=87"}],"version-history":[{"count":1,"href":"https:\/\/zentrum-tcm-kampfkunst.de\/praxis-fuer-tcm\/wp-json\/wp\/v2\/pages\/87\/revisions"}],"predecessor-version":[{"id":120,"href":"https:\/\/zentrum-tcm-kampfkunst.de\/praxis-fuer-tcm\/wp-json\/wp\/v2\/pages\/87\/revisions\/120"}],"up":[{"embeddable":true,"href":"https:\/\/zentrum-tcm-kampfkunst.de\/praxis-fuer-tcm\/wp-json\/wp\/v2\/pages\/10"}],"wp:attachment":[{"href":"https:\/\/zentrum-tcm-kampfkunst.de\/praxis-fuer-tcm\/wp-json\/wp\/v2\/media?parent=87"}],"curies":[{"name":"wp","href":"https:\/\/api.w.org\/{rel}","templated":true}]}}