{"id":77,"date":"2017-05-29T05:03:32","date_gmt":"2017-05-29T05:03:32","guid":{"rendered":"https:\/\/zentrum-tcm-kampfkunst.de\/praxis-fuer-tcm\/?page_id=77"},"modified":"2017-07-12T17:04:19","modified_gmt":"2017-07-12T15:04:19","slug":"faq-tcm-diagnose","status":"publish","type":"page","link":"https:\/\/zentrum-tcm-kampfkunst.de\/praxis-fuer-tcm\/faq-tcm-diagnose\/","title":{"rendered":"FAQ &#8211; TCM Diagnose"},"content":{"rendered":"<p class=\"bodytext\"><strong>Warum Nachdiagnose, obwohl die erste Diagnose doch sehr gr\u00fcndlich war?<br \/>\n<\/strong>Gesundheit bedeutet nach den theoretischen Grundlagen der TCM eine Harmonie aller k\u00f6rperlichen und geistigen Funktionen. Eine Krankheit entsteht, wenn diese nicht im Gleichgewicht sind. Nachdem alle aktuellen Informationen durch den TCM-Therapeuten gesammelt wurden, ergibt sich daraus ein aktuelles Gesamtbild, dass alle derzeit nicht im Gleichgewicht befindlichen Anteile des Individuums zu erfassen sucht.<\/p>\n<p class=\"bodytext\">Das komplizierte menschliche Netzwerk aus K\u00f6rper und Geist, der durch Umwelt, Ern\u00e4hrung, Emotion und auch der Therapie selbst Ver\u00e4nderung erf\u00fchrt, erfordert die individuelle Behandlung immer wieder eine kurze \u00fcberpr\u00fcfung des aktuellen Zustandes und eine &#8222;Feineinstellung&#8220; der Therapie. Nur so kann durch Nachdiagnosen und die jeweils aktuelle Modifikation der Rezeptur die optimale Wirkung erreicht werden.<\/p>\n<p class=\"bodytext\">Die gro\u00dfe St\u00e4rke der 2500 Jahre alten Arzneimitteltherapie in der TCM liegt demnach in ihrer exakten Reaktion auf die individuelle und aktuelle Situation. Ihre pr\u00e4ziseste Anwendungsform ist daher die jeweils einzigartige Rezepturmischung und deren Modifikation.<\/p>\n<p class=\"additional-info\"><strong>Was macht denn der TCM-Therapeut bei der Diagnose?<br \/>\n<\/strong>Da es vor 2000 Jahren noch keine Maschinen gab, legte und legt man Wert auf das pr\u00e4ziseste Messinstrument, das Ver\u00e4nderungen des Gesundheitszustandes sofort erkennt: Den eigenen K\u00f6rper des Patienten als subjektives Ma\u00df, der genau nach Symptomen befragt wird. \u00a0Als objektives Ma\u00df werden die f\u00fcnf Sinne des Therapeuten eingesetzt, n\u00e4mlich \u00a0durch Begutachten von z.B. Haut, Haaren, K\u00f6rperausscheidungen usw., durch Beobachten des Klanges, z.B. beim Sprechen oder Husten, durch Analyse der Zunge und des Zungenbelages und Ertasten empfindlicher Stellen und vor allem des Pulses. Diese werden mit Gesunden verglichen und nach jeder Behandlung mit dem Zustand vor der Behandlung. Da der K\u00f6rper sich auch durch die Behandlung ver\u00e4ndert, entsteht so eine dynamische Behandlung, die stets dem aktuellen Zustand entspricht.<\/p>\n<p class=\"bodytext\">Einem <b>TCM<\/b>-Therapeuten k\u00e4me es also absurd vor, immer wieder die gleiche Arznei oder Akupunkturkombination zu verwenden, da der menschliche K\u00f6rper st\u00e4ndig im Wandel ist, und ein Teil des Wandels auch durch die Therapie verursacht wird.<\/p>\n<p class=\"bodytext\">Den K\u00f6rper sieht er also nicht anatomisch wie im Westen, sondern eher wie eine &#8222;Black Box&#8220;, eine Schachtel mit unbekanntem Inhalt, die durch die Diagnose Informationen an ihn herausgibt. Beispiel: Wenn ein vormals gesunder K\u00f6rper pl\u00f6tzlich fiebert und schwitzt, der Mensch also Informationen ausgibt, die den Arzt auf &#8222;Hitze&#8220; schlie\u00dfen lassen, dann geht er davon aus, das die gesunde Balance des Systems K\u00f6rpers z.B. durch Informationen in Form einer eingedrungenen Krankheit in Richtung Hei\u00df\u00a0 (yang) verschoben ist. Aus Erfahrung wei\u00df er, dass bestimmte Punkte oder Kr\u00e4uter k\u00fchlend wirken, also einen Gesunden frieren lassen w\u00fcrden. Gibt er nun die Information &#8222;K\u00fchle Arznei&#8220; (yin) in das System mit der &#8222;hei\u00dfen Krankheit&#8220;, dann wird die \u00a0Harmonie wieder hergestellt.<\/p>\n<p class=\"bodytext\">Das klingt sehr einfach, aber durch die umfassende pharmakologische Forschung wei\u00df man heutzutage, das z.B. genau diese durch Erfahrung gefundenen Arzneien, fiebersenkend, entz\u00fcndungshemmend oder antibakteriell wirken.<\/p>\n","protected":false},"excerpt":{"rendered":"<p>Warum Nachdiagnose, obwohl die erste Diagnose doch sehr gr\u00fcndlich war? Gesundheit bedeutet nach den theoretischen Grundlagen der TCM eine Harmonie aller k\u00f6rperlichen und geistigen Funktionen. Eine Krankheit entsteht, wenn diese [&hellip;]<\/p>\n","protected":false},"author":1,"featured_media":0,"parent":0,"menu_order":0,"comment_status":"closed","ping_status":"closed","template":"","meta":{"footnotes":""},"class_list":["post-77","page","type-page","status-publish","hentry"],"yoast_head":"<!-- This site is optimized with the Yoast SEO plugin v27.3 - https:\/\/yoast.com\/product\/yoast-seo-wordpress\/ -->\n<title>FAQ - TCM Diagnose - Praxis f\u00fcr TCM in Staufen<\/title>\n<meta name=\"robots\" content=\"index, follow, max-snippet:-1, max-image-preview:large, max-video-preview:-1\" \/>\n<link rel=\"canonical\" href=\"https:\/\/zentrum-tcm-kampfkunst.de\/praxis-fuer-tcm\/faq-tcm-diagnose\/\" \/>\n<meta property=\"og:locale\" content=\"de_DE\" \/>\n<meta property=\"og:type\" content=\"article\" \/>\n<meta property=\"og:title\" content=\"FAQ - TCM Diagnose - Praxis f\u00fcr TCM in Staufen\" \/>\n<meta property=\"og:description\" content=\"Warum Nachdiagnose, obwohl die erste Diagnose doch sehr gr\u00fcndlich war? Gesundheit bedeutet nach den theoretischen Grundlagen der TCM eine Harmonie aller k\u00f6rperlichen und geistigen Funktionen. Eine Krankheit entsteht, wenn diese [&hellip;]\" \/>\n<meta property=\"og:url\" content=\"https:\/\/zentrum-tcm-kampfkunst.de\/praxis-fuer-tcm\/faq-tcm-diagnose\/\" \/>\n<meta property=\"og:site_name\" content=\"Praxis f\u00fcr TCM in Staufen\" \/>\n<meta property=\"article:modified_time\" content=\"2017-07-12T15:04:19+00:00\" \/>\n<meta name=\"twitter:card\" content=\"summary_large_image\" \/>\n<meta name=\"twitter:label1\" content=\"Gesch\u00e4tzte Lesezeit\" \/>\n\t<meta name=\"twitter:data1\" content=\"2\u00a0Minuten\" \/>\n<script type=\"application\/ld+json\" class=\"yoast-schema-graph\">{\"@context\":\"https:\\\/\\\/schema.org\",\"@graph\":[{\"@type\":\"WebPage\",\"@id\":\"https:\\\/\\\/zentrum-tcm-kampfkunst.de\\\/praxis-fuer-tcm\\\/faq-tcm-diagnose\\\/\",\"url\":\"https:\\\/\\\/zentrum-tcm-kampfkunst.de\\\/praxis-fuer-tcm\\\/faq-tcm-diagnose\\\/\",\"name\":\"FAQ - TCM Diagnose - Praxis f\u00fcr TCM in Staufen\",\"isPartOf\":{\"@id\":\"https:\\\/\\\/zentrum-tcm-kampfkunst.de\\\/praxis-fuer-tcm\\\/#website\"},\"datePublished\":\"2017-05-29T05:03:32+00:00\",\"dateModified\":\"2017-07-12T15:04:19+00:00\",\"breadcrumb\":{\"@id\":\"https:\\\/\\\/zentrum-tcm-kampfkunst.de\\\/praxis-fuer-tcm\\\/faq-tcm-diagnose\\\/#breadcrumb\"},\"inLanguage\":\"de\",\"potentialAction\":[{\"@type\":\"ReadAction\",\"target\":[\"https:\\\/\\\/zentrum-tcm-kampfkunst.de\\\/praxis-fuer-tcm\\\/faq-tcm-diagnose\\\/\"]}]},{\"@type\":\"BreadcrumbList\",\"@id\":\"https:\\\/\\\/zentrum-tcm-kampfkunst.de\\\/praxis-fuer-tcm\\\/faq-tcm-diagnose\\\/#breadcrumb\",\"itemListElement\":[{\"@type\":\"ListItem\",\"position\":1,\"name\":\"Startseite\",\"item\":\"https:\\\/\\\/zentrum-tcm-kampfkunst.de\\\/praxis-fuer-tcm\\\/\"},{\"@type\":\"ListItem\",\"position\":2,\"name\":\"FAQ &#8211; TCM Diagnose\"}]},{\"@type\":\"WebSite\",\"@id\":\"https:\\\/\\\/zentrum-tcm-kampfkunst.de\\\/praxis-fuer-tcm\\\/#website\",\"url\":\"https:\\\/\\\/zentrum-tcm-kampfkunst.de\\\/praxis-fuer-tcm\\\/\",\"name\":\"Praxis f\u00fcr TCM in Staufen\",\"description\":\"Zentrum f\u00fcr TCM &amp; Kampfkunst Guo-Shu\",\"potentialAction\":[{\"@type\":\"SearchAction\",\"target\":{\"@type\":\"EntryPoint\",\"urlTemplate\":\"https:\\\/\\\/zentrum-tcm-kampfkunst.de\\\/praxis-fuer-tcm\\\/?s={search_term_string}\"},\"query-input\":{\"@type\":\"PropertyValueSpecification\",\"valueRequired\":true,\"valueName\":\"search_term_string\"}}],\"inLanguage\":\"de\"}]}<\/script>\n<!-- \/ Yoast SEO plugin. -->","yoast_head_json":{"title":"FAQ - TCM Diagnose - Praxis f\u00fcr TCM in Staufen","robots":{"index":"index","follow":"follow","max-snippet":"max-snippet:-1","max-image-preview":"max-image-preview:large","max-video-preview":"max-video-preview:-1"},"canonical":"https:\/\/zentrum-tcm-kampfkunst.de\/praxis-fuer-tcm\/faq-tcm-diagnose\/","og_locale":"de_DE","og_type":"article","og_title":"FAQ - TCM Diagnose - Praxis f\u00fcr TCM in Staufen","og_description":"Warum Nachdiagnose, obwohl die erste Diagnose doch sehr gr\u00fcndlich war? Gesundheit bedeutet nach den theoretischen Grundlagen der TCM eine Harmonie aller k\u00f6rperlichen und geistigen Funktionen. Eine Krankheit entsteht, wenn diese [&hellip;]","og_url":"https:\/\/zentrum-tcm-kampfkunst.de\/praxis-fuer-tcm\/faq-tcm-diagnose\/","og_site_name":"Praxis f\u00fcr TCM in Staufen","article_modified_time":"2017-07-12T15:04:19+00:00","twitter_card":"summary_large_image","twitter_misc":{"Gesch\u00e4tzte Lesezeit":"2\u00a0Minuten"},"schema":{"@context":"https:\/\/schema.org","@graph":[{"@type":"WebPage","@id":"https:\/\/zentrum-tcm-kampfkunst.de\/praxis-fuer-tcm\/faq-tcm-diagnose\/","url":"https:\/\/zentrum-tcm-kampfkunst.de\/praxis-fuer-tcm\/faq-tcm-diagnose\/","name":"FAQ - TCM Diagnose - Praxis f\u00fcr TCM in Staufen","isPartOf":{"@id":"https:\/\/zentrum-tcm-kampfkunst.de\/praxis-fuer-tcm\/#website"},"datePublished":"2017-05-29T05:03:32+00:00","dateModified":"2017-07-12T15:04:19+00:00","breadcrumb":{"@id":"https:\/\/zentrum-tcm-kampfkunst.de\/praxis-fuer-tcm\/faq-tcm-diagnose\/#breadcrumb"},"inLanguage":"de","potentialAction":[{"@type":"ReadAction","target":["https:\/\/zentrum-tcm-kampfkunst.de\/praxis-fuer-tcm\/faq-tcm-diagnose\/"]}]},{"@type":"BreadcrumbList","@id":"https:\/\/zentrum-tcm-kampfkunst.de\/praxis-fuer-tcm\/faq-tcm-diagnose\/#breadcrumb","itemListElement":[{"@type":"ListItem","position":1,"name":"Startseite","item":"https:\/\/zentrum-tcm-kampfkunst.de\/praxis-fuer-tcm\/"},{"@type":"ListItem","position":2,"name":"FAQ &#8211; TCM Diagnose"}]},{"@type":"WebSite","@id":"https:\/\/zentrum-tcm-kampfkunst.de\/praxis-fuer-tcm\/#website","url":"https:\/\/zentrum-tcm-kampfkunst.de\/praxis-fuer-tcm\/","name":"Praxis f\u00fcr TCM in Staufen","description":"Zentrum f\u00fcr TCM &amp; Kampfkunst Guo-Shu","potentialAction":[{"@type":"SearchAction","target":{"@type":"EntryPoint","urlTemplate":"https:\/\/zentrum-tcm-kampfkunst.de\/praxis-fuer-tcm\/?s={search_term_string}"},"query-input":{"@type":"PropertyValueSpecification","valueRequired":true,"valueName":"search_term_string"}}],"inLanguage":"de"}]}},"_links":{"self":[{"href":"https:\/\/zentrum-tcm-kampfkunst.de\/praxis-fuer-tcm\/wp-json\/wp\/v2\/pages\/77","targetHints":{"allow":["GET"]}}],"collection":[{"href":"https:\/\/zentrum-tcm-kampfkunst.de\/praxis-fuer-tcm\/wp-json\/wp\/v2\/pages"}],"about":[{"href":"https:\/\/zentrum-tcm-kampfkunst.de\/praxis-fuer-tcm\/wp-json\/wp\/v2\/types\/page"}],"author":[{"embeddable":true,"href":"https:\/\/zentrum-tcm-kampfkunst.de\/praxis-fuer-tcm\/wp-json\/wp\/v2\/users\/1"}],"replies":[{"embeddable":true,"href":"https:\/\/zentrum-tcm-kampfkunst.de\/praxis-fuer-tcm\/wp-json\/wp\/v2\/comments?post=77"}],"version-history":[{"count":2,"href":"https:\/\/zentrum-tcm-kampfkunst.de\/praxis-fuer-tcm\/wp-json\/wp\/v2\/pages\/77\/revisions"}],"predecessor-version":[{"id":183,"href":"https:\/\/zentrum-tcm-kampfkunst.de\/praxis-fuer-tcm\/wp-json\/wp\/v2\/pages\/77\/revisions\/183"}],"wp:attachment":[{"href":"https:\/\/zentrum-tcm-kampfkunst.de\/praxis-fuer-tcm\/wp-json\/wp\/v2\/media?parent=77"}],"curies":[{"name":"wp","href":"https:\/\/api.w.org\/{rel}","templated":true}]}}