{"id":70,"date":"2017-05-29T05:00:02","date_gmt":"2017-05-29T05:00:02","guid":{"rendered":"https:\/\/zentrum-tcm-kampfkunst.de\/praxis-fuer-tcm\/?page_id=70"},"modified":"2017-07-12T17:06:20","modified_gmt":"2017-07-12T15:06:20","slug":"faq-arzneien","status":"publish","type":"page","link":"https:\/\/zentrum-tcm-kampfkunst.de\/praxis-fuer-tcm\/faq-arzneien\/","title":{"rendered":"FAQ &#8211; Arzneien"},"content":{"rendered":"<p><strong>Kann man immer die gleiche Mischung von Arzneien\/ Kombination und Akupunkturpunkten verwenden?<br \/>\n<\/strong>Nein, denn verschreibt man zu lange die gleiche Mischung ohne zu \u00fcberpr\u00fcfen, ob sie noch zum diagnostizierten Ungleichgewicht passt, so kann man auch \u00fcber das Ziel hinausschie\u00dfen, d.h. einem h\u00e4ufig frierenden Patienten wird es durch w\u00e4rmende Arzneien irgendwann zu hei\u00df, wenn \u201cder Fahrer immer nur Gas gibt\u201d, um beim obigen Beispiel zu bleiben.<\/p>\n<p class=\"bodytext\"><strong>Warum bekommt ein Patient Kr\u00e4uterabkochungen, einer Pillen und einer ein Pulver?<br \/>\n<\/strong>Je nach dem, welche Therapieform der TCM am besten geeignet ist, also Qi-Gong, Ern\u00e4hrungsumstellung, Massage, <a href=\"https:\/\/zentrum-tcm-kampfkunst.de\/praxis-fuer-tcm\/behandlungsmethoden\/moxibustion\/\">Moxa<\/a>, <a href=\"https:\/\/zentrum-tcm-kampfkunst.de\/praxis-fuer-tcm\/behandlungsmethoden\/schroepfen\/\">Schr\u00f6pfen<\/a>, Akupunktur oder Kr\u00e4uterheilkunde, alles sind Teile der TCM. Bei der Arznei gibt es die Abkochung das Pulver, eine Fertigarznei oder Kombinationen daraus, es wird die geeignetste Anwendung gew\u00e4hlt.<\/p>\n<p class=\"bodytext\">Bei der Einnahme von Arzneien hat jede Form ihre Vor- und Nachteile: W\u00e4hrend eine individuelle Mischung aus Kr\u00e4utern genauer auf den momentanen Zustand des Ungleichgewichts eingestellt werden kann, deren Kochen jedoch zeitaufwendig ist, schmecken Fertigarzneien, z.B. Dragees besser, k\u00f6nnen aber nicht jede individuelle und aktuelle St\u00f6rung ber\u00fccksichtigen. Pulver liegen als Kompromiss dazwischen, da sie individuell gemischt und schneller zubereitet werden k\u00f6nnen, aber etwas langsamer in der Wirkung als Abkochungen sind.<\/p>\n<p class=\"bodytext\"><strong>Der Absud, die Abkochung, das Dekokt -Die Zubereitung?<br \/>\n<\/strong>Die gebr\u00e4uchlichste und wichtigste Verabreichungsform von chinesischen Arzneimittelen ist die w\u00e4ssrige Abkochung. Der entscheidende Vorteil der Abkochung besteht darin, dass im Dekokt das vollst\u00e4ndige medizinische Potential aus dem Arzneimittel enthalten ist.<\/p>\n<p class=\"bodytext\"><span style=\"text-decoration: underline;\">Zubereitung des Dekokts:<\/span><\/p>\n<p class=\"bodytext\">Bitte vorher die Kr\u00e4utermischung mind. 2 Std. oder \u00fcber Nacht und am besten in einen emaillierten Topf oder Edelstahl-Rostfreien Topf einweichen.<\/p>\n<p class=\"bodytext\">Grundsatz: Tagesmenge an Kr\u00e4uterrezeptur immer mit einem Liter Wasser Kochen.<\/p>\n<p class=\"bodytext\">Beispiel: Sie haben eine Kr\u00e4uterrezeptur f\u00fcr 5 Tage verordnet bekommen, diese Teilen sie bitte (Haltbarkeit des Dekokts) in zwei Teile. Jetzt haben Sie die Menge an Kr\u00e4utern (Rohdrogen) f\u00fcr 2,5 Tage. Dies entspricht einer Wassermenge von 2,5 Liter, in der Sie dann die Rohdrogen mindestens 2 h vorher einweichen. Die Kr\u00e4utersubstanzen nehmen einiges an Fl\u00fcssigkeit auf. Diese Fl\u00fcssigkeit sollten Sie bis zur 2,5 Liter Marke wieder auff\u00fcllen.<\/p>\n<p class=\"bodytext\">Dann lassen Sie die eingeweichten Rohdrogen mit den 2,5 Liter Wasser 30 min. ohne Deckel k\u00f6cheln.\u00a0 Wenn die Fl\u00fcssigkeit abk\u00fchlt ist, filtern Sie diese mittels einem feinen Sieb oder Baumwolltuch ab. Diese Fl\u00fcssigkeit k\u00f6nnen Sie in geeignete Gef\u00e4\u00dfe wie z.B.: Mineralwasserflasche abf\u00fcllen und im K\u00fchlschrank aufbewahren.<\/p>\n<p class=\"bodytext\">Geschmack: Wenn der Geschmack zu intensiv ist, so kann man entweder mehr Wasser hinzuf\u00fcgen (also verd\u00fcnnen), oder man kann das Dekokt auch mit einem dicken Strohhalm, der tief in den Mund genommen wird, an der Zunge vorbeisp\u00fclen. Keinesfalls sollten Sie dem Dekokt S\u00fc\u00dfungsmittel beif\u00fcgen, das dies das Energieverhalten der Kr\u00e4uter ver\u00e4ndern kann. Kaffee und Tee sollten auch nie zugleich mit der Abkochung in den Magen gelangen, da sie die Wirkung abschw\u00e4chen.<\/p>\n","protected":false},"excerpt":{"rendered":"<p>Kann man immer die gleiche Mischung von Arzneien\/ Kombination und Akupunkturpunkten verwenden? Nein, denn verschreibt man zu lange die gleiche Mischung ohne zu \u00fcberpr\u00fcfen, ob sie noch zum diagnostizierten Ungleichgewicht [&hellip;]<\/p>\n","protected":false},"author":1,"featured_media":0,"parent":0,"menu_order":0,"comment_status":"closed","ping_status":"closed","template":"","meta":{"footnotes":""},"class_list":["post-70","page","type-page","status-publish","hentry"],"yoast_head":"<!-- This site is optimized with the Yoast SEO plugin v27.4 - https:\/\/yoast.com\/product\/yoast-seo-wordpress\/ -->\n<title>FAQ - Arzneien - Praxis f\u00fcr TCM in Staufen<\/title>\n<meta name=\"robots\" content=\"index, follow, max-snippet:-1, max-image-preview:large, max-video-preview:-1\" \/>\n<link rel=\"canonical\" href=\"https:\/\/zentrum-tcm-kampfkunst.de\/praxis-fuer-tcm\/faq-arzneien\/\" \/>\n<meta property=\"og:locale\" content=\"de_DE\" \/>\n<meta property=\"og:type\" content=\"article\" \/>\n<meta property=\"og:title\" content=\"FAQ - Arzneien - Praxis f\u00fcr TCM in Staufen\" \/>\n<meta property=\"og:description\" content=\"Kann man immer die gleiche Mischung von Arzneien\/ Kombination und Akupunkturpunkten verwenden? Nein, denn verschreibt man zu lange die gleiche Mischung ohne zu \u00fcberpr\u00fcfen, ob sie noch zum diagnostizierten Ungleichgewicht [&hellip;]\" \/>\n<meta property=\"og:url\" content=\"https:\/\/zentrum-tcm-kampfkunst.de\/praxis-fuer-tcm\/faq-arzneien\/\" \/>\n<meta property=\"og:site_name\" content=\"Praxis f\u00fcr TCM in Staufen\" \/>\n<meta property=\"article:modified_time\" content=\"2017-07-12T15:06:20+00:00\" \/>\n<meta name=\"twitter:card\" content=\"summary_large_image\" \/>\n<meta name=\"twitter:label1\" content=\"Gesch\u00e4tzte Lesezeit\" \/>\n\t<meta name=\"twitter:data1\" content=\"2\u00a0Minuten\" \/>\n<script type=\"application\/ld+json\" class=\"yoast-schema-graph\">{\"@context\":\"https:\\\/\\\/schema.org\",\"@graph\":[{\"@type\":\"WebPage\",\"@id\":\"https:\\\/\\\/zentrum-tcm-kampfkunst.de\\\/praxis-fuer-tcm\\\/faq-arzneien\\\/\",\"url\":\"https:\\\/\\\/zentrum-tcm-kampfkunst.de\\\/praxis-fuer-tcm\\\/faq-arzneien\\\/\",\"name\":\"FAQ - Arzneien - Praxis f\u00fcr TCM in Staufen\",\"isPartOf\":{\"@id\":\"https:\\\/\\\/zentrum-tcm-kampfkunst.de\\\/praxis-fuer-tcm\\\/#website\"},\"datePublished\":\"2017-05-29T05:00:02+00:00\",\"dateModified\":\"2017-07-12T15:06:20+00:00\",\"breadcrumb\":{\"@id\":\"https:\\\/\\\/zentrum-tcm-kampfkunst.de\\\/praxis-fuer-tcm\\\/faq-arzneien\\\/#breadcrumb\"},\"inLanguage\":\"de\",\"potentialAction\":[{\"@type\":\"ReadAction\",\"target\":[\"https:\\\/\\\/zentrum-tcm-kampfkunst.de\\\/praxis-fuer-tcm\\\/faq-arzneien\\\/\"]}]},{\"@type\":\"BreadcrumbList\",\"@id\":\"https:\\\/\\\/zentrum-tcm-kampfkunst.de\\\/praxis-fuer-tcm\\\/faq-arzneien\\\/#breadcrumb\",\"itemListElement\":[{\"@type\":\"ListItem\",\"position\":1,\"name\":\"Startseite\",\"item\":\"https:\\\/\\\/zentrum-tcm-kampfkunst.de\\\/praxis-fuer-tcm\\\/\"},{\"@type\":\"ListItem\",\"position\":2,\"name\":\"FAQ &#8211; Arzneien\"}]},{\"@type\":\"WebSite\",\"@id\":\"https:\\\/\\\/zentrum-tcm-kampfkunst.de\\\/praxis-fuer-tcm\\\/#website\",\"url\":\"https:\\\/\\\/zentrum-tcm-kampfkunst.de\\\/praxis-fuer-tcm\\\/\",\"name\":\"Praxis f\u00fcr TCM in Staufen\",\"description\":\"Zentrum f\u00fcr TCM &amp; Kampfkunst Guo-Shu\",\"potentialAction\":[{\"@type\":\"SearchAction\",\"target\":{\"@type\":\"EntryPoint\",\"urlTemplate\":\"https:\\\/\\\/zentrum-tcm-kampfkunst.de\\\/praxis-fuer-tcm\\\/?s={search_term_string}\"},\"query-input\":{\"@type\":\"PropertyValueSpecification\",\"valueRequired\":true,\"valueName\":\"search_term_string\"}}],\"inLanguage\":\"de\"}]}<\/script>\n<!-- \/ Yoast SEO plugin. -->","yoast_head_json":{"title":"FAQ - Arzneien - Praxis f\u00fcr TCM in Staufen","robots":{"index":"index","follow":"follow","max-snippet":"max-snippet:-1","max-image-preview":"max-image-preview:large","max-video-preview":"max-video-preview:-1"},"canonical":"https:\/\/zentrum-tcm-kampfkunst.de\/praxis-fuer-tcm\/faq-arzneien\/","og_locale":"de_DE","og_type":"article","og_title":"FAQ - Arzneien - Praxis f\u00fcr TCM in Staufen","og_description":"Kann man immer die gleiche Mischung von Arzneien\/ Kombination und Akupunkturpunkten verwenden? Nein, denn verschreibt man zu lange die gleiche Mischung ohne zu \u00fcberpr\u00fcfen, ob sie noch zum diagnostizierten Ungleichgewicht [&hellip;]","og_url":"https:\/\/zentrum-tcm-kampfkunst.de\/praxis-fuer-tcm\/faq-arzneien\/","og_site_name":"Praxis f\u00fcr TCM in Staufen","article_modified_time":"2017-07-12T15:06:20+00:00","twitter_card":"summary_large_image","twitter_misc":{"Gesch\u00e4tzte Lesezeit":"2\u00a0Minuten"},"schema":{"@context":"https:\/\/schema.org","@graph":[{"@type":"WebPage","@id":"https:\/\/zentrum-tcm-kampfkunst.de\/praxis-fuer-tcm\/faq-arzneien\/","url":"https:\/\/zentrum-tcm-kampfkunst.de\/praxis-fuer-tcm\/faq-arzneien\/","name":"FAQ - Arzneien - Praxis f\u00fcr TCM in Staufen","isPartOf":{"@id":"https:\/\/zentrum-tcm-kampfkunst.de\/praxis-fuer-tcm\/#website"},"datePublished":"2017-05-29T05:00:02+00:00","dateModified":"2017-07-12T15:06:20+00:00","breadcrumb":{"@id":"https:\/\/zentrum-tcm-kampfkunst.de\/praxis-fuer-tcm\/faq-arzneien\/#breadcrumb"},"inLanguage":"de","potentialAction":[{"@type":"ReadAction","target":["https:\/\/zentrum-tcm-kampfkunst.de\/praxis-fuer-tcm\/faq-arzneien\/"]}]},{"@type":"BreadcrumbList","@id":"https:\/\/zentrum-tcm-kampfkunst.de\/praxis-fuer-tcm\/faq-arzneien\/#breadcrumb","itemListElement":[{"@type":"ListItem","position":1,"name":"Startseite","item":"https:\/\/zentrum-tcm-kampfkunst.de\/praxis-fuer-tcm\/"},{"@type":"ListItem","position":2,"name":"FAQ &#8211; Arzneien"}]},{"@type":"WebSite","@id":"https:\/\/zentrum-tcm-kampfkunst.de\/praxis-fuer-tcm\/#website","url":"https:\/\/zentrum-tcm-kampfkunst.de\/praxis-fuer-tcm\/","name":"Praxis f\u00fcr TCM in Staufen","description":"Zentrum f\u00fcr TCM &amp; Kampfkunst Guo-Shu","potentialAction":[{"@type":"SearchAction","target":{"@type":"EntryPoint","urlTemplate":"https:\/\/zentrum-tcm-kampfkunst.de\/praxis-fuer-tcm\/?s={search_term_string}"},"query-input":{"@type":"PropertyValueSpecification","valueRequired":true,"valueName":"search_term_string"}}],"inLanguage":"de"}]}},"_links":{"self":[{"href":"https:\/\/zentrum-tcm-kampfkunst.de\/praxis-fuer-tcm\/wp-json\/wp\/v2\/pages\/70","targetHints":{"allow":["GET"]}}],"collection":[{"href":"https:\/\/zentrum-tcm-kampfkunst.de\/praxis-fuer-tcm\/wp-json\/wp\/v2\/pages"}],"about":[{"href":"https:\/\/zentrum-tcm-kampfkunst.de\/praxis-fuer-tcm\/wp-json\/wp\/v2\/types\/page"}],"author":[{"embeddable":true,"href":"https:\/\/zentrum-tcm-kampfkunst.de\/praxis-fuer-tcm\/wp-json\/wp\/v2\/users\/1"}],"replies":[{"embeddable":true,"href":"https:\/\/zentrum-tcm-kampfkunst.de\/praxis-fuer-tcm\/wp-json\/wp\/v2\/comments?post=70"}],"version-history":[{"count":1,"href":"https:\/\/zentrum-tcm-kampfkunst.de\/praxis-fuer-tcm\/wp-json\/wp\/v2\/pages\/70\/revisions"}],"predecessor-version":[{"id":185,"href":"https:\/\/zentrum-tcm-kampfkunst.de\/praxis-fuer-tcm\/wp-json\/wp\/v2\/pages\/70\/revisions\/185"}],"wp:attachment":[{"href":"https:\/\/zentrum-tcm-kampfkunst.de\/praxis-fuer-tcm\/wp-json\/wp\/v2\/media?parent=70"}],"curies":[{"name":"wp","href":"https:\/\/api.w.org\/{rel}","templated":true}]}}