{"id":67,"date":"2017-05-29T04:45:19","date_gmt":"2017-05-29T04:45:19","guid":{"rendered":"https:\/\/zentrum-tcm-kampfkunst.de\/praxis-fuer-tcm\/?page_id=67"},"modified":"2017-07-12T12:17:09","modified_gmt":"2017-07-12T10:17:09","slug":"traditionelle-chinesische-medizin","status":"publish","type":"page","link":"https:\/\/zentrum-tcm-kampfkunst.de\/praxis-fuer-tcm\/traditionelle-chinesische-medizin\/","title":{"rendered":"Traditionelle Chinesische Medizin"},"content":{"rendered":"<div class=\"csc-textpic csc-textpic-intext-right\">\n<div class=\"csc-textpic-text\">\n<p class=\"bodytext\"><img loading=\"lazy\" decoding=\"async\" class=\"size-full wp-image-160 alignright\" src=\"https:\/\/zentrum-tcm-kampfkunst.de\/praxis-fuer-tcm\/wp-content\/uploads\/sites\/2\/2017\/05\/tcm.jpg\" alt=\"\" width=\"100\" height=\"224\" \/>China, das Reich der Mitte, geh\u00f6rt zu den \u00e4ltesten Kulturen unserer Erde. Seit Anbeginn haben die Menschen sich mit Naturgewalten, Notzeiten und feindseliger Konfrontation auseinandersetzen m\u00fcssen. Krankheiten und Verletzungen mussten behandelt werden. Die TCM geh\u00f6rte zu den fr\u00fchesten Heilverfahren der Menschheitsgeschichte.<\/p>\n<\/div>\n<\/div>\n<div class=\"csc-textpic csc-textpic-intext-left csc-textpic-border csc-textpic-equalheight\">\n<div class=\"csc-textpic-text\">\n<p class=\"bodytext\"><img loading=\"lazy\" decoding=\"async\" class=\"size-full wp-image-161 alignleft\" src=\"https:\/\/zentrum-tcm-kampfkunst.de\/praxis-fuer-tcm\/wp-content\/uploads\/sites\/2\/2017\/05\/f794c2215a.jpg\" alt=\"\" width=\"180\" height=\"269\" \/>In den letzten Jahren hat die Nachfrage nach Behandlungen mit Traditioneller Chinesischer Medizin in den westlichen L\u00e4ndern stark zugenommen.<\/p>\n<p class=\"bodytext\">Anders als die westliche Medizin, geht die Traditionelle Chinesische Medizin davon aus, dass ein Mensch bereits dann krank ist, wenn Yin und Yang im Ungleichgewicht sind, Qi (str\u00f6mende Lebenskraft) also nicht mehr flie\u00dfen kann oder fehlgeleitet wird.<\/p>\n<p class=\"bodytext\">YIN YANG bedeutet Leben im harmonischen Gleichgewicht, in seiner eigenen Mitte. Es symbolisiert das Prinzip der Gegens\u00e4tze und der Dualit\u00e4t. Jede Ver\u00e4nderung des einen Teils l\u00f6st zwangsl\u00e4ufig eine Ver\u00e4nderung im anderen Teil aus.<\/p>\n<p class=\"bodytext\"><span class=\"important\">Wir werden hin und wieder aus unserer Mitte gebracht und bemerken dies oftmals erst durch Signale unseres K\u00f6rpers, die wir nicht mehr \u00fcbersehen k\u00f6nnen, wie zum Beispiel Schlafst\u00f6rungen, Gewichtsprobleme, Hautprobleme, Magen- Darmerkrankungen, Migr\u00e4ne usw.<\/span><\/p>\n<p class=\"bodytext\">Verantwortlich daf\u00fcr k\u00f6nnen alle Dinge sein, die auf den Menschen Einfluss haben. Das Ziel der Traditionellen Chinesischen Medizin liegt darin, das Gleichgewicht wieder herzustellen.<\/p>\n<\/div>\n<\/div>\n","protected":false},"excerpt":{"rendered":"<p>China, das Reich der Mitte, geh\u00f6rt zu den \u00e4ltesten Kulturen unserer Erde. Seit Anbeginn haben die Menschen sich mit Naturgewalten, Notzeiten und feindseliger Konfrontation auseinandersetzen m\u00fcssen. Krankheiten und Verletzungen mussten [&hellip;]<\/p>\n","protected":false},"author":1,"featured_media":0,"parent":0,"menu_order":0,"comment_status":"closed","ping_status":"closed","template":"","meta":{"footnotes":""},"class_list":["post-67","page","type-page","status-publish","hentry"],"yoast_head":"<!-- This site is optimized with the Yoast SEO plugin v27.4 - https:\/\/yoast.com\/product\/yoast-seo-wordpress\/ -->\n<title>Traditionelle Chinesische Medizin - Praxis f\u00fcr TCM in Staufen<\/title>\n<meta name=\"robots\" content=\"index, follow, max-snippet:-1, max-image-preview:large, max-video-preview:-1\" \/>\n<link rel=\"canonical\" href=\"https:\/\/zentrum-tcm-kampfkunst.de\/praxis-fuer-tcm\/traditionelle-chinesische-medizin\/\" \/>\n<meta property=\"og:locale\" content=\"de_DE\" \/>\n<meta property=\"og:type\" content=\"article\" \/>\n<meta property=\"og:title\" content=\"Traditionelle Chinesische Medizin - Praxis f\u00fcr TCM in Staufen\" \/>\n<meta property=\"og:description\" content=\"China, das Reich der Mitte, geh\u00f6rt zu den \u00e4ltesten Kulturen unserer Erde. Seit Anbeginn haben die Menschen sich mit Naturgewalten, Notzeiten und feindseliger Konfrontation auseinandersetzen m\u00fcssen. Krankheiten und Verletzungen mussten [&hellip;]\" \/>\n<meta property=\"og:url\" content=\"https:\/\/zentrum-tcm-kampfkunst.de\/praxis-fuer-tcm\/traditionelle-chinesische-medizin\/\" \/>\n<meta property=\"og:site_name\" content=\"Praxis f\u00fcr TCM in Staufen\" \/>\n<meta property=\"article:modified_time\" content=\"2017-07-12T10:17:09+00:00\" \/>\n<meta property=\"og:image\" content=\"https:\/\/zentrum-tcm-kampfkunst.de\/praxis-fuer-tcm\/wp-content\/uploads\/sites\/2\/2017\/05\/tcm.jpg\" \/>\n<meta name=\"twitter:card\" content=\"summary_large_image\" \/>\n<meta name=\"twitter:label1\" content=\"Gesch\u00e4tzte Lesezeit\" \/>\n\t<meta name=\"twitter:data1\" content=\"1\u00a0Minute\" \/>\n<script type=\"application\/ld+json\" class=\"yoast-schema-graph\">{\"@context\":\"https:\\\/\\\/schema.org\",\"@graph\":[{\"@type\":\"WebPage\",\"@id\":\"https:\\\/\\\/zentrum-tcm-kampfkunst.de\\\/praxis-fuer-tcm\\\/traditionelle-chinesische-medizin\\\/\",\"url\":\"https:\\\/\\\/zentrum-tcm-kampfkunst.de\\\/praxis-fuer-tcm\\\/traditionelle-chinesische-medizin\\\/\",\"name\":\"Traditionelle Chinesische Medizin - Praxis f\u00fcr TCM in Staufen\",\"isPartOf\":{\"@id\":\"https:\\\/\\\/zentrum-tcm-kampfkunst.de\\\/praxis-fuer-tcm\\\/#website\"},\"primaryImageOfPage\":{\"@id\":\"https:\\\/\\\/zentrum-tcm-kampfkunst.de\\\/praxis-fuer-tcm\\\/traditionelle-chinesische-medizin\\\/#primaryimage\"},\"image\":{\"@id\":\"https:\\\/\\\/zentrum-tcm-kampfkunst.de\\\/praxis-fuer-tcm\\\/traditionelle-chinesische-medizin\\\/#primaryimage\"},\"thumbnailUrl\":\"https:\\\/\\\/zentrum-tcm-kampfkunst.de\\\/praxis-fuer-tcm\\\/wp-content\\\/uploads\\\/sites\\\/2\\\/2017\\\/05\\\/tcm.jpg\",\"datePublished\":\"2017-05-29T04:45:19+00:00\",\"dateModified\":\"2017-07-12T10:17:09+00:00\",\"breadcrumb\":{\"@id\":\"https:\\\/\\\/zentrum-tcm-kampfkunst.de\\\/praxis-fuer-tcm\\\/traditionelle-chinesische-medizin\\\/#breadcrumb\"},\"inLanguage\":\"de\",\"potentialAction\":[{\"@type\":\"ReadAction\",\"target\":[\"https:\\\/\\\/zentrum-tcm-kampfkunst.de\\\/praxis-fuer-tcm\\\/traditionelle-chinesische-medizin\\\/\"]}]},{\"@type\":\"ImageObject\",\"inLanguage\":\"de\",\"@id\":\"https:\\\/\\\/zentrum-tcm-kampfkunst.de\\\/praxis-fuer-tcm\\\/traditionelle-chinesische-medizin\\\/#primaryimage\",\"url\":\"https:\\\/\\\/zentrum-tcm-kampfkunst.de\\\/praxis-fuer-tcm\\\/wp-content\\\/uploads\\\/sites\\\/2\\\/2017\\\/05\\\/tcm.jpg\",\"contentUrl\":\"https:\\\/\\\/zentrum-tcm-kampfkunst.de\\\/praxis-fuer-tcm\\\/wp-content\\\/uploads\\\/sites\\\/2\\\/2017\\\/05\\\/tcm.jpg\",\"width\":100,\"height\":224},{\"@type\":\"BreadcrumbList\",\"@id\":\"https:\\\/\\\/zentrum-tcm-kampfkunst.de\\\/praxis-fuer-tcm\\\/traditionelle-chinesische-medizin\\\/#breadcrumb\",\"itemListElement\":[{\"@type\":\"ListItem\",\"position\":1,\"name\":\"Startseite\",\"item\":\"https:\\\/\\\/zentrum-tcm-kampfkunst.de\\\/praxis-fuer-tcm\\\/\"},{\"@type\":\"ListItem\",\"position\":2,\"name\":\"Traditionelle Chinesische Medizin\"}]},{\"@type\":\"WebSite\",\"@id\":\"https:\\\/\\\/zentrum-tcm-kampfkunst.de\\\/praxis-fuer-tcm\\\/#website\",\"url\":\"https:\\\/\\\/zentrum-tcm-kampfkunst.de\\\/praxis-fuer-tcm\\\/\",\"name\":\"Praxis f\u00fcr TCM in Staufen\",\"description\":\"Zentrum f\u00fcr TCM &amp; Kampfkunst Guo-Shu\",\"potentialAction\":[{\"@type\":\"SearchAction\",\"target\":{\"@type\":\"EntryPoint\",\"urlTemplate\":\"https:\\\/\\\/zentrum-tcm-kampfkunst.de\\\/praxis-fuer-tcm\\\/?s={search_term_string}\"},\"query-input\":{\"@type\":\"PropertyValueSpecification\",\"valueRequired\":true,\"valueName\":\"search_term_string\"}}],\"inLanguage\":\"de\"}]}<\/script>\n<!-- \/ Yoast SEO plugin. -->","yoast_head_json":{"title":"Traditionelle Chinesische Medizin - Praxis f\u00fcr TCM in Staufen","robots":{"index":"index","follow":"follow","max-snippet":"max-snippet:-1","max-image-preview":"max-image-preview:large","max-video-preview":"max-video-preview:-1"},"canonical":"https:\/\/zentrum-tcm-kampfkunst.de\/praxis-fuer-tcm\/traditionelle-chinesische-medizin\/","og_locale":"de_DE","og_type":"article","og_title":"Traditionelle Chinesische Medizin - Praxis f\u00fcr TCM in Staufen","og_description":"China, das Reich der Mitte, geh\u00f6rt zu den \u00e4ltesten Kulturen unserer Erde. Seit Anbeginn haben die Menschen sich mit Naturgewalten, Notzeiten und feindseliger Konfrontation auseinandersetzen m\u00fcssen. Krankheiten und Verletzungen mussten [&hellip;]","og_url":"https:\/\/zentrum-tcm-kampfkunst.de\/praxis-fuer-tcm\/traditionelle-chinesische-medizin\/","og_site_name":"Praxis f\u00fcr TCM in Staufen","article_modified_time":"2017-07-12T10:17:09+00:00","og_image":[{"url":"https:\/\/zentrum-tcm-kampfkunst.de\/praxis-fuer-tcm\/wp-content\/uploads\/sites\/2\/2017\/05\/tcm.jpg","type":"","width":"","height":""}],"twitter_card":"summary_large_image","twitter_misc":{"Gesch\u00e4tzte Lesezeit":"1\u00a0Minute"},"schema":{"@context":"https:\/\/schema.org","@graph":[{"@type":"WebPage","@id":"https:\/\/zentrum-tcm-kampfkunst.de\/praxis-fuer-tcm\/traditionelle-chinesische-medizin\/","url":"https:\/\/zentrum-tcm-kampfkunst.de\/praxis-fuer-tcm\/traditionelle-chinesische-medizin\/","name":"Traditionelle Chinesische Medizin - Praxis f\u00fcr TCM in Staufen","isPartOf":{"@id":"https:\/\/zentrum-tcm-kampfkunst.de\/praxis-fuer-tcm\/#website"},"primaryImageOfPage":{"@id":"https:\/\/zentrum-tcm-kampfkunst.de\/praxis-fuer-tcm\/traditionelle-chinesische-medizin\/#primaryimage"},"image":{"@id":"https:\/\/zentrum-tcm-kampfkunst.de\/praxis-fuer-tcm\/traditionelle-chinesische-medizin\/#primaryimage"},"thumbnailUrl":"https:\/\/zentrum-tcm-kampfkunst.de\/praxis-fuer-tcm\/wp-content\/uploads\/sites\/2\/2017\/05\/tcm.jpg","datePublished":"2017-05-29T04:45:19+00:00","dateModified":"2017-07-12T10:17:09+00:00","breadcrumb":{"@id":"https:\/\/zentrum-tcm-kampfkunst.de\/praxis-fuer-tcm\/traditionelle-chinesische-medizin\/#breadcrumb"},"inLanguage":"de","potentialAction":[{"@type":"ReadAction","target":["https:\/\/zentrum-tcm-kampfkunst.de\/praxis-fuer-tcm\/traditionelle-chinesische-medizin\/"]}]},{"@type":"ImageObject","inLanguage":"de","@id":"https:\/\/zentrum-tcm-kampfkunst.de\/praxis-fuer-tcm\/traditionelle-chinesische-medizin\/#primaryimage","url":"https:\/\/zentrum-tcm-kampfkunst.de\/praxis-fuer-tcm\/wp-content\/uploads\/sites\/2\/2017\/05\/tcm.jpg","contentUrl":"https:\/\/zentrum-tcm-kampfkunst.de\/praxis-fuer-tcm\/wp-content\/uploads\/sites\/2\/2017\/05\/tcm.jpg","width":100,"height":224},{"@type":"BreadcrumbList","@id":"https:\/\/zentrum-tcm-kampfkunst.de\/praxis-fuer-tcm\/traditionelle-chinesische-medizin\/#breadcrumb","itemListElement":[{"@type":"ListItem","position":1,"name":"Startseite","item":"https:\/\/zentrum-tcm-kampfkunst.de\/praxis-fuer-tcm\/"},{"@type":"ListItem","position":2,"name":"Traditionelle Chinesische Medizin"}]},{"@type":"WebSite","@id":"https:\/\/zentrum-tcm-kampfkunst.de\/praxis-fuer-tcm\/#website","url":"https:\/\/zentrum-tcm-kampfkunst.de\/praxis-fuer-tcm\/","name":"Praxis f\u00fcr TCM in Staufen","description":"Zentrum f\u00fcr TCM &amp; Kampfkunst Guo-Shu","potentialAction":[{"@type":"SearchAction","target":{"@type":"EntryPoint","urlTemplate":"https:\/\/zentrum-tcm-kampfkunst.de\/praxis-fuer-tcm\/?s={search_term_string}"},"query-input":{"@type":"PropertyValueSpecification","valueRequired":true,"valueName":"search_term_string"}}],"inLanguage":"de"}]}},"_links":{"self":[{"href":"https:\/\/zentrum-tcm-kampfkunst.de\/praxis-fuer-tcm\/wp-json\/wp\/v2\/pages\/67","targetHints":{"allow":["GET"]}}],"collection":[{"href":"https:\/\/zentrum-tcm-kampfkunst.de\/praxis-fuer-tcm\/wp-json\/wp\/v2\/pages"}],"about":[{"href":"https:\/\/zentrum-tcm-kampfkunst.de\/praxis-fuer-tcm\/wp-json\/wp\/v2\/types\/page"}],"author":[{"embeddable":true,"href":"https:\/\/zentrum-tcm-kampfkunst.de\/praxis-fuer-tcm\/wp-json\/wp\/v2\/users\/1"}],"replies":[{"embeddable":true,"href":"https:\/\/zentrum-tcm-kampfkunst.de\/praxis-fuer-tcm\/wp-json\/wp\/v2\/comments?post=67"}],"version-history":[{"count":1,"href":"https:\/\/zentrum-tcm-kampfkunst.de\/praxis-fuer-tcm\/wp-json\/wp\/v2\/pages\/67\/revisions"}],"predecessor-version":[{"id":162,"href":"https:\/\/zentrum-tcm-kampfkunst.de\/praxis-fuer-tcm\/wp-json\/wp\/v2\/pages\/67\/revisions\/162"}],"wp:attachment":[{"href":"https:\/\/zentrum-tcm-kampfkunst.de\/praxis-fuer-tcm\/wp-json\/wp\/v2\/media?parent=67"}],"curies":[{"name":"wp","href":"https:\/\/api.w.org\/{rel}","templated":true}]}}