{"id":58,"date":"2017-05-24T15:11:17","date_gmt":"2017-05-24T15:11:17","guid":{"rendered":"https:\/\/zentrum-tcm-kampfkunst.de\/praxis-fuer-tcm\/?page_id=58"},"modified":"2017-07-12T12:08:50","modified_gmt":"2017-07-12T10:08:50","slug":"skasys-test","status":"publish","type":"page","link":"https:\/\/zentrum-tcm-kampfkunst.de\/praxis-fuer-tcm\/diagnostik\/skasys-test\/","title":{"rendered":"SkaSys &#8211; Test"},"content":{"rendered":"<div class=\"csc-textpic-text\">\n<p class=\"bodytext\"><img loading=\"lazy\" decoding=\"async\" class=\"size-medium wp-image-146 alignleft\" src=\"https:\/\/zentrum-tcm-kampfkunst.de\/praxis-fuer-tcm\/wp-content\/uploads\/sites\/2\/2017\/05\/SkaSys-Frei-Web-300x209.jpg\" alt=\"\" width=\"300\" height=\"209\" srcset=\"https:\/\/zentrum-tcm-kampfkunst.de\/praxis-fuer-tcm\/wp-content\/uploads\/sites\/2\/2017\/05\/SkaSys-Frei-Web-300x209.jpg 300w, https:\/\/zentrum-tcm-kampfkunst.de\/praxis-fuer-tcm\/wp-content\/uploads\/sites\/2\/2017\/05\/SkaSys-Frei-Web.jpg 600w\" sizes=\"auto, (max-width: 300px) 100vw, 300px\" \/>Testen in einer neuen Dimension mit dem computergest\u00fctzen SkaSys-System, zur Optimierung Ihrer Therapie. Dieses System beinhaltet unter anderem den EAV-Test (Elektroakupunktur nach Dr. Voll).<\/p>\n<p class=\"bodytext\">Das SkaSys-Testsystem unterst\u00fctzt bioenergetische bzw. bioinformative Testverfahren. Unter dem Begriff \u201eBioenergetische Testverfahren\u201c werden diagnostische Methoden zusammengefasst, die \u201cFragen\u201c an den Organismus des Patienten stellen, auf die dieser mit einer \u00c4nderung physiologischer Parameter reagiert. Diese Parameter sind zum Beispiel die Muskelkraft und Muskell\u00e4nge bestimmter Muskeln und Muskelketten, der Hautleitwert an Akupunkturpunkten oder der Gef\u00e4sspulse an der Arteria radialis.<\/p>\n<p class=\"bodytext\">Mit diesem Testsystem k\u00f6nnen ca. <b>14.000 Fragestellungen<\/b> aus folgenden Hauptgebieten beantwortet werden.<\/p>\n<p class=\"bodytext\"><b>Bewegungsapparat &#8211; Organe &#8211; Medikamentenvertr\u00e4glichkeit &#8211; Gewebesystem &#8211; Intoxikationen &#8211; Meridiansystem &#8211; Dysbiosen &#8211; Gyn\u00e4kologie &#8211; Immunsystem &#8211; Hormone\/Peptide &#8211; Stoffwechsel &#8211; Zellrezeptoren &#8211; Blutgerinnung &#8211; Entz\u00fcndungen &#8211; Biologische Fremdsysteme &#8211; Miasmen &#8211; Autoimmunst\u00f6rungen &#8211; Narbenst\u00f6rfelder &#8211; Nervensystem &#8211; Allergien u. Unvertr\u00e4glichkeiten &#8211; St\u00f6rung der Entgiftungsfunktion &#8211; Zahn(medizinischer) Test &#8211; Zahnst\u00f6rfelder &#8211; Stoffwechselst\u00f6rungen u. Mangelerscheinungen &#8211; St\u00f6rfelder<\/b><\/p>\n<\/div>\n","protected":false},"excerpt":{"rendered":"<p>Testen in einer neuen Dimension mit dem computergest\u00fctzen SkaSys-System, zur Optimierung Ihrer Therapie. Dieses System beinhaltet unter anderem den EAV-Test (Elektroakupunktur nach Dr. Voll). Das SkaSys-Testsystem unterst\u00fctzt bioenergetische bzw. bioinformative [&hellip;]<\/p>\n","protected":false},"author":1,"featured_media":0,"parent":16,"menu_order":0,"comment_status":"closed","ping_status":"closed","template":"","meta":{"footnotes":""},"class_list":["post-58","page","type-page","status-publish","hentry"],"yoast_head":"<!-- This site is optimized with the Yoast SEO plugin v27.4 - https:\/\/yoast.com\/product\/yoast-seo-wordpress\/ -->\n<title>SkaSys - Test - Praxis f\u00fcr TCM in Staufen<\/title>\n<meta name=\"robots\" content=\"index, follow, max-snippet:-1, max-image-preview:large, max-video-preview:-1\" \/>\n<link rel=\"canonical\" href=\"https:\/\/zentrum-tcm-kampfkunst.de\/praxis-fuer-tcm\/diagnostik\/skasys-test\/\" \/>\n<meta property=\"og:locale\" content=\"de_DE\" \/>\n<meta property=\"og:type\" content=\"article\" \/>\n<meta property=\"og:title\" content=\"SkaSys - Test - Praxis f\u00fcr TCM in Staufen\" \/>\n<meta property=\"og:description\" content=\"Testen in einer neuen Dimension mit dem computergest\u00fctzen SkaSys-System, zur Optimierung Ihrer Therapie. Dieses System beinhaltet unter anderem den EAV-Test (Elektroakupunktur nach Dr. Voll). Das SkaSys-Testsystem unterst\u00fctzt bioenergetische bzw. bioinformative [&hellip;]\" \/>\n<meta property=\"og:url\" content=\"https:\/\/zentrum-tcm-kampfkunst.de\/praxis-fuer-tcm\/diagnostik\/skasys-test\/\" \/>\n<meta property=\"og:site_name\" content=\"Praxis f\u00fcr TCM in Staufen\" \/>\n<meta property=\"article:modified_time\" content=\"2017-07-12T10:08:50+00:00\" \/>\n<meta property=\"og:image\" content=\"https:\/\/zentrum-tcm-kampfkunst.de\/praxis-fuer-tcm\/wp-content\/uploads\/sites\/2\/2017\/05\/SkaSys-Frei-Web-300x209.jpg\" \/>\n<meta name=\"twitter:card\" content=\"summary_large_image\" \/>\n<meta name=\"twitter:label1\" content=\"Gesch\u00e4tzte Lesezeit\" \/>\n\t<meta name=\"twitter:data1\" content=\"1\u00a0Minute\" \/>\n<script type=\"application\/ld+json\" class=\"yoast-schema-graph\">{\"@context\":\"https:\\\/\\\/schema.org\",\"@graph\":[{\"@type\":\"WebPage\",\"@id\":\"https:\\\/\\\/zentrum-tcm-kampfkunst.de\\\/praxis-fuer-tcm\\\/diagnostik\\\/skasys-test\\\/\",\"url\":\"https:\\\/\\\/zentrum-tcm-kampfkunst.de\\\/praxis-fuer-tcm\\\/diagnostik\\\/skasys-test\\\/\",\"name\":\"SkaSys - Test - Praxis f\u00fcr TCM in Staufen\",\"isPartOf\":{\"@id\":\"https:\\\/\\\/zentrum-tcm-kampfkunst.de\\\/praxis-fuer-tcm\\\/#website\"},\"primaryImageOfPage\":{\"@id\":\"https:\\\/\\\/zentrum-tcm-kampfkunst.de\\\/praxis-fuer-tcm\\\/diagnostik\\\/skasys-test\\\/#primaryimage\"},\"image\":{\"@id\":\"https:\\\/\\\/zentrum-tcm-kampfkunst.de\\\/praxis-fuer-tcm\\\/diagnostik\\\/skasys-test\\\/#primaryimage\"},\"thumbnailUrl\":\"https:\\\/\\\/zentrum-tcm-kampfkunst.de\\\/praxis-fuer-tcm\\\/wp-content\\\/uploads\\\/sites\\\/2\\\/2017\\\/05\\\/SkaSys-Frei-Web-300x209.jpg\",\"datePublished\":\"2017-05-24T15:11:17+00:00\",\"dateModified\":\"2017-07-12T10:08:50+00:00\",\"breadcrumb\":{\"@id\":\"https:\\\/\\\/zentrum-tcm-kampfkunst.de\\\/praxis-fuer-tcm\\\/diagnostik\\\/skasys-test\\\/#breadcrumb\"},\"inLanguage\":\"de\",\"potentialAction\":[{\"@type\":\"ReadAction\",\"target\":[\"https:\\\/\\\/zentrum-tcm-kampfkunst.de\\\/praxis-fuer-tcm\\\/diagnostik\\\/skasys-test\\\/\"]}]},{\"@type\":\"ImageObject\",\"inLanguage\":\"de\",\"@id\":\"https:\\\/\\\/zentrum-tcm-kampfkunst.de\\\/praxis-fuer-tcm\\\/diagnostik\\\/skasys-test\\\/#primaryimage\",\"url\":\"https:\\\/\\\/zentrum-tcm-kampfkunst.de\\\/praxis-fuer-tcm\\\/wp-content\\\/uploads\\\/sites\\\/2\\\/2017\\\/05\\\/SkaSys-Frei-Web.jpg\",\"contentUrl\":\"https:\\\/\\\/zentrum-tcm-kampfkunst.de\\\/praxis-fuer-tcm\\\/wp-content\\\/uploads\\\/sites\\\/2\\\/2017\\\/05\\\/SkaSys-Frei-Web.jpg\",\"width\":600,\"height\":418},{\"@type\":\"BreadcrumbList\",\"@id\":\"https:\\\/\\\/zentrum-tcm-kampfkunst.de\\\/praxis-fuer-tcm\\\/diagnostik\\\/skasys-test\\\/#breadcrumb\",\"itemListElement\":[{\"@type\":\"ListItem\",\"position\":1,\"name\":\"Startseite\",\"item\":\"https:\\\/\\\/zentrum-tcm-kampfkunst.de\\\/praxis-fuer-tcm\\\/\"},{\"@type\":\"ListItem\",\"position\":2,\"name\":\"Diagnostik\",\"item\":\"https:\\\/\\\/zentrum-tcm-kampfkunst.de\\\/praxis-fuer-tcm\\\/diagnostik\\\/\"},{\"@type\":\"ListItem\",\"position\":3,\"name\":\"SkaSys &#8211; Test\"}]},{\"@type\":\"WebSite\",\"@id\":\"https:\\\/\\\/zentrum-tcm-kampfkunst.de\\\/praxis-fuer-tcm\\\/#website\",\"url\":\"https:\\\/\\\/zentrum-tcm-kampfkunst.de\\\/praxis-fuer-tcm\\\/\",\"name\":\"Praxis f\u00fcr TCM in Staufen\",\"description\":\"Zentrum f\u00fcr TCM &amp; Kampfkunst Guo-Shu\",\"potentialAction\":[{\"@type\":\"SearchAction\",\"target\":{\"@type\":\"EntryPoint\",\"urlTemplate\":\"https:\\\/\\\/zentrum-tcm-kampfkunst.de\\\/praxis-fuer-tcm\\\/?s={search_term_string}\"},\"query-input\":{\"@type\":\"PropertyValueSpecification\",\"valueRequired\":true,\"valueName\":\"search_term_string\"}}],\"inLanguage\":\"de\"}]}<\/script>\n<!-- \/ Yoast SEO plugin. -->","yoast_head_json":{"title":"SkaSys - Test - Praxis f\u00fcr TCM in Staufen","robots":{"index":"index","follow":"follow","max-snippet":"max-snippet:-1","max-image-preview":"max-image-preview:large","max-video-preview":"max-video-preview:-1"},"canonical":"https:\/\/zentrum-tcm-kampfkunst.de\/praxis-fuer-tcm\/diagnostik\/skasys-test\/","og_locale":"de_DE","og_type":"article","og_title":"SkaSys - Test - Praxis f\u00fcr TCM in Staufen","og_description":"Testen in einer neuen Dimension mit dem computergest\u00fctzen SkaSys-System, zur Optimierung Ihrer Therapie. Dieses System beinhaltet unter anderem den EAV-Test (Elektroakupunktur nach Dr. Voll). Das SkaSys-Testsystem unterst\u00fctzt bioenergetische bzw. bioinformative [&hellip;]","og_url":"https:\/\/zentrum-tcm-kampfkunst.de\/praxis-fuer-tcm\/diagnostik\/skasys-test\/","og_site_name":"Praxis f\u00fcr TCM in Staufen","article_modified_time":"2017-07-12T10:08:50+00:00","og_image":[{"url":"https:\/\/zentrum-tcm-kampfkunst.de\/praxis-fuer-tcm\/wp-content\/uploads\/sites\/2\/2017\/05\/SkaSys-Frei-Web-300x209.jpg","type":"","width":"","height":""}],"twitter_card":"summary_large_image","twitter_misc":{"Gesch\u00e4tzte Lesezeit":"1\u00a0Minute"},"schema":{"@context":"https:\/\/schema.org","@graph":[{"@type":"WebPage","@id":"https:\/\/zentrum-tcm-kampfkunst.de\/praxis-fuer-tcm\/diagnostik\/skasys-test\/","url":"https:\/\/zentrum-tcm-kampfkunst.de\/praxis-fuer-tcm\/diagnostik\/skasys-test\/","name":"SkaSys - Test - Praxis f\u00fcr TCM in Staufen","isPartOf":{"@id":"https:\/\/zentrum-tcm-kampfkunst.de\/praxis-fuer-tcm\/#website"},"primaryImageOfPage":{"@id":"https:\/\/zentrum-tcm-kampfkunst.de\/praxis-fuer-tcm\/diagnostik\/skasys-test\/#primaryimage"},"image":{"@id":"https:\/\/zentrum-tcm-kampfkunst.de\/praxis-fuer-tcm\/diagnostik\/skasys-test\/#primaryimage"},"thumbnailUrl":"https:\/\/zentrum-tcm-kampfkunst.de\/praxis-fuer-tcm\/wp-content\/uploads\/sites\/2\/2017\/05\/SkaSys-Frei-Web-300x209.jpg","datePublished":"2017-05-24T15:11:17+00:00","dateModified":"2017-07-12T10:08:50+00:00","breadcrumb":{"@id":"https:\/\/zentrum-tcm-kampfkunst.de\/praxis-fuer-tcm\/diagnostik\/skasys-test\/#breadcrumb"},"inLanguage":"de","potentialAction":[{"@type":"ReadAction","target":["https:\/\/zentrum-tcm-kampfkunst.de\/praxis-fuer-tcm\/diagnostik\/skasys-test\/"]}]},{"@type":"ImageObject","inLanguage":"de","@id":"https:\/\/zentrum-tcm-kampfkunst.de\/praxis-fuer-tcm\/diagnostik\/skasys-test\/#primaryimage","url":"https:\/\/zentrum-tcm-kampfkunst.de\/praxis-fuer-tcm\/wp-content\/uploads\/sites\/2\/2017\/05\/SkaSys-Frei-Web.jpg","contentUrl":"https:\/\/zentrum-tcm-kampfkunst.de\/praxis-fuer-tcm\/wp-content\/uploads\/sites\/2\/2017\/05\/SkaSys-Frei-Web.jpg","width":600,"height":418},{"@type":"BreadcrumbList","@id":"https:\/\/zentrum-tcm-kampfkunst.de\/praxis-fuer-tcm\/diagnostik\/skasys-test\/#breadcrumb","itemListElement":[{"@type":"ListItem","position":1,"name":"Startseite","item":"https:\/\/zentrum-tcm-kampfkunst.de\/praxis-fuer-tcm\/"},{"@type":"ListItem","position":2,"name":"Diagnostik","item":"https:\/\/zentrum-tcm-kampfkunst.de\/praxis-fuer-tcm\/diagnostik\/"},{"@type":"ListItem","position":3,"name":"SkaSys &#8211; Test"}]},{"@type":"WebSite","@id":"https:\/\/zentrum-tcm-kampfkunst.de\/praxis-fuer-tcm\/#website","url":"https:\/\/zentrum-tcm-kampfkunst.de\/praxis-fuer-tcm\/","name":"Praxis f\u00fcr TCM in Staufen","description":"Zentrum f\u00fcr TCM &amp; Kampfkunst Guo-Shu","potentialAction":[{"@type":"SearchAction","target":{"@type":"EntryPoint","urlTemplate":"https:\/\/zentrum-tcm-kampfkunst.de\/praxis-fuer-tcm\/?s={search_term_string}"},"query-input":{"@type":"PropertyValueSpecification","valueRequired":true,"valueName":"search_term_string"}}],"inLanguage":"de"}]}},"_links":{"self":[{"href":"https:\/\/zentrum-tcm-kampfkunst.de\/praxis-fuer-tcm\/wp-json\/wp\/v2\/pages\/58","targetHints":{"allow":["GET"]}}],"collection":[{"href":"https:\/\/zentrum-tcm-kampfkunst.de\/praxis-fuer-tcm\/wp-json\/wp\/v2\/pages"}],"about":[{"href":"https:\/\/zentrum-tcm-kampfkunst.de\/praxis-fuer-tcm\/wp-json\/wp\/v2\/types\/page"}],"author":[{"embeddable":true,"href":"https:\/\/zentrum-tcm-kampfkunst.de\/praxis-fuer-tcm\/wp-json\/wp\/v2\/users\/1"}],"replies":[{"embeddable":true,"href":"https:\/\/zentrum-tcm-kampfkunst.de\/praxis-fuer-tcm\/wp-json\/wp\/v2\/comments?post=58"}],"version-history":[{"count":1,"href":"https:\/\/zentrum-tcm-kampfkunst.de\/praxis-fuer-tcm\/wp-json\/wp\/v2\/pages\/58\/revisions"}],"predecessor-version":[{"id":147,"href":"https:\/\/zentrum-tcm-kampfkunst.de\/praxis-fuer-tcm\/wp-json\/wp\/v2\/pages\/58\/revisions\/147"}],"up":[{"embeddable":true,"href":"https:\/\/zentrum-tcm-kampfkunst.de\/praxis-fuer-tcm\/wp-json\/wp\/v2\/pages\/16"}],"wp:attachment":[{"href":"https:\/\/zentrum-tcm-kampfkunst.de\/praxis-fuer-tcm\/wp-json\/wp\/v2\/media?parent=58"}],"curies":[{"name":"wp","href":"https:\/\/api.w.org\/{rel}","templated":true}]}}