{"id":40,"date":"2017-05-17T15:30:09","date_gmt":"2017-05-17T15:30:09","guid":{"rendered":"https:\/\/zentrum-tcm-kampfkunst.de\/praxis-fuer-tcm\/?page_id=40"},"modified":"2017-07-12T12:04:44","modified_gmt":"2017-07-12T10:04:44","slug":"tui-na","status":"publish","type":"page","link":"https:\/\/zentrum-tcm-kampfkunst.de\/praxis-fuer-tcm\/behandlungsmethoden\/tui-na\/","title":{"rendered":"Tui &#8211; Na"},"content":{"rendered":"<p class=\"bodytext\"><img loading=\"lazy\" decoding=\"async\" class=\"size-full wp-image-138 alignright\" src=\"https:\/\/zentrum-tcm-kampfkunst.de\/praxis-fuer-tcm\/wp-content\/uploads\/sites\/2\/2017\/05\/tuina.jpg\" alt=\"\" width=\"100\" height=\"221\" \/>Tuina wird haupts\u00e4chlich in der Traumatologie, Orthop\u00e4die und Kinderheilkunde angewandt und bildet im Rahmen der TCM eine eigene Therapiemethode.<\/p>\n<div class=\"csc-textpic csc-textpic-intext-right\">\n<div class=\"csc-textpic-text\">\n<p class=\"bodytext\">Tuina (Tui bedeutet &#8222;schieben&#8220;, &#8222;sto\u00dfen&#8220;; Na &#8222;greifen&#8220;, &#8222;nehmen&#8220;, &#8222;aufnehmen&#8220;) ist seit der Ming-Dynastie der Oberbegriff f\u00fcr eine Therapieform, die sich aus dem Anmo (An hei\u00dft &#8222;dr\u00fccken&#8220;; Mo &#8222;kreisendes streichen&#8220;) entwickelt hat. Anmo ist als Massage im allgemeinen Sinne zu verstehen.<\/p>\n<\/div>\n<\/div>\n<div class=\"csc-textpic csc-textpic-intext-left csc-textpic-border\">\n<div class=\"csc-textpic-text\">\n<p class=\"bodytext\"><img loading=\"lazy\" decoding=\"async\" class=\"size-full wp-image-139 alignleft\" src=\"https:\/\/zentrum-tcm-kampfkunst.de\/praxis-fuer-tcm\/wp-content\/uploads\/sites\/2\/2017\/05\/tuina-web.jpg\" alt=\"\" width=\"270\" height=\"180\" \/>Sie beinhaltet im wesentlichen die Bearbeitung des aktiven Bewegungsapparates (Muskulatur und Bindegewebe), wogegen Tuina das Spektrum um die mobilisierende und reponierende Manipulationen erweitert und auch am Skelett, sowie den Sehnen und Gelenken ansetzt. Eine weitere Technik in dieser Therapieform stellt die Akupressur dar<\/p>\n<p class=\"bodytext\">Durch Tuina wird der Organismus harmonisiert, Qi (Energie, Funktion, Aktivit\u00e4t) und Xue (Blut) werden angeregt, die Organfunktionskreise beeinflusst, Gelenke mobilisiert, \u00e4u\u00dfere krankmachende Einfl\u00fcsse wie Wind, K\u00e4lte und N\u00e4sse vertrieben. Tuina korrigiert Fehlstellungen des Halteapparates, wirkt Schwellungen und Blutstauungen entgegen und l\u00f6st Verklebungen an Muskeln und Sehnenscheiden. Fehlgelaufene oder gestaute Energie im Inneren des K\u00f6rpers werden in die richtige Bahn gebracht.<\/p>\n<\/div>\n<\/div>\n","protected":false},"excerpt":{"rendered":"<p>Tuina wird haupts\u00e4chlich in der Traumatologie, Orthop\u00e4die und Kinderheilkunde angewandt und bildet im Rahmen der TCM eine eigene Therapiemethode. Tuina (Tui bedeutet &#8222;schieben&#8220;, &#8222;sto\u00dfen&#8220;; Na &#8222;greifen&#8220;, &#8222;nehmen&#8220;, &#8222;aufnehmen&#8220;) ist seit [&hellip;]<\/p>\n","protected":false},"author":1,"featured_media":0,"parent":10,"menu_order":0,"comment_status":"closed","ping_status":"closed","template":"","meta":{"footnotes":""},"class_list":["post-40","page","type-page","status-publish","hentry"],"yoast_head":"<!-- This site is optimized with the Yoast SEO plugin v27.4 - https:\/\/yoast.com\/product\/yoast-seo-wordpress\/ -->\n<title>Tui - Na - Praxis f\u00fcr TCM in Staufen<\/title>\n<meta name=\"robots\" content=\"index, follow, max-snippet:-1, max-image-preview:large, max-video-preview:-1\" \/>\n<link rel=\"canonical\" href=\"https:\/\/zentrum-tcm-kampfkunst.de\/praxis-fuer-tcm\/behandlungsmethoden\/tui-na\/\" \/>\n<meta property=\"og:locale\" content=\"de_DE\" \/>\n<meta property=\"og:type\" content=\"article\" \/>\n<meta property=\"og:title\" content=\"Tui - Na - Praxis f\u00fcr TCM in Staufen\" \/>\n<meta property=\"og:description\" content=\"Tuina wird haupts\u00e4chlich in der Traumatologie, Orthop\u00e4die und Kinderheilkunde angewandt und bildet im Rahmen der TCM eine eigene Therapiemethode. Tuina (Tui bedeutet &#8222;schieben&#8220;, &#8222;sto\u00dfen&#8220;; Na &#8222;greifen&#8220;, &#8222;nehmen&#8220;, &#8222;aufnehmen&#8220;) ist seit [&hellip;]\" \/>\n<meta property=\"og:url\" content=\"https:\/\/zentrum-tcm-kampfkunst.de\/praxis-fuer-tcm\/behandlungsmethoden\/tui-na\/\" \/>\n<meta property=\"og:site_name\" content=\"Praxis f\u00fcr TCM in Staufen\" \/>\n<meta property=\"article:modified_time\" content=\"2017-07-12T10:04:44+00:00\" \/>\n<meta property=\"og:image\" content=\"https:\/\/zentrum-tcm-kampfkunst.de\/praxis-fuer-tcm\/wp-content\/uploads\/sites\/2\/2017\/05\/tuina.jpg\" \/>\n<meta name=\"twitter:card\" content=\"summary_large_image\" \/>\n<meta name=\"twitter:label1\" content=\"Gesch\u00e4tzte Lesezeit\" \/>\n\t<meta name=\"twitter:data1\" content=\"1\u00a0Minute\" \/>\n<script type=\"application\/ld+json\" class=\"yoast-schema-graph\">{\"@context\":\"https:\\\/\\\/schema.org\",\"@graph\":[{\"@type\":\"WebPage\",\"@id\":\"https:\\\/\\\/zentrum-tcm-kampfkunst.de\\\/praxis-fuer-tcm\\\/behandlungsmethoden\\\/tui-na\\\/\",\"url\":\"https:\\\/\\\/zentrum-tcm-kampfkunst.de\\\/praxis-fuer-tcm\\\/behandlungsmethoden\\\/tui-na\\\/\",\"name\":\"Tui - Na - Praxis f\u00fcr TCM in Staufen\",\"isPartOf\":{\"@id\":\"https:\\\/\\\/zentrum-tcm-kampfkunst.de\\\/praxis-fuer-tcm\\\/#website\"},\"primaryImageOfPage\":{\"@id\":\"https:\\\/\\\/zentrum-tcm-kampfkunst.de\\\/praxis-fuer-tcm\\\/behandlungsmethoden\\\/tui-na\\\/#primaryimage\"},\"image\":{\"@id\":\"https:\\\/\\\/zentrum-tcm-kampfkunst.de\\\/praxis-fuer-tcm\\\/behandlungsmethoden\\\/tui-na\\\/#primaryimage\"},\"thumbnailUrl\":\"https:\\\/\\\/zentrum-tcm-kampfkunst.de\\\/praxis-fuer-tcm\\\/wp-content\\\/uploads\\\/sites\\\/2\\\/2017\\\/05\\\/tuina.jpg\",\"datePublished\":\"2017-05-17T15:30:09+00:00\",\"dateModified\":\"2017-07-12T10:04:44+00:00\",\"breadcrumb\":{\"@id\":\"https:\\\/\\\/zentrum-tcm-kampfkunst.de\\\/praxis-fuer-tcm\\\/behandlungsmethoden\\\/tui-na\\\/#breadcrumb\"},\"inLanguage\":\"de\",\"potentialAction\":[{\"@type\":\"ReadAction\",\"target\":[\"https:\\\/\\\/zentrum-tcm-kampfkunst.de\\\/praxis-fuer-tcm\\\/behandlungsmethoden\\\/tui-na\\\/\"]}]},{\"@type\":\"ImageObject\",\"inLanguage\":\"de\",\"@id\":\"https:\\\/\\\/zentrum-tcm-kampfkunst.de\\\/praxis-fuer-tcm\\\/behandlungsmethoden\\\/tui-na\\\/#primaryimage\",\"url\":\"https:\\\/\\\/zentrum-tcm-kampfkunst.de\\\/praxis-fuer-tcm\\\/wp-content\\\/uploads\\\/sites\\\/2\\\/2017\\\/05\\\/tuina.jpg\",\"contentUrl\":\"https:\\\/\\\/zentrum-tcm-kampfkunst.de\\\/praxis-fuer-tcm\\\/wp-content\\\/uploads\\\/sites\\\/2\\\/2017\\\/05\\\/tuina.jpg\",\"width\":100,\"height\":221},{\"@type\":\"BreadcrumbList\",\"@id\":\"https:\\\/\\\/zentrum-tcm-kampfkunst.de\\\/praxis-fuer-tcm\\\/behandlungsmethoden\\\/tui-na\\\/#breadcrumb\",\"itemListElement\":[{\"@type\":\"ListItem\",\"position\":1,\"name\":\"Startseite\",\"item\":\"https:\\\/\\\/zentrum-tcm-kampfkunst.de\\\/praxis-fuer-tcm\\\/\"},{\"@type\":\"ListItem\",\"position\":2,\"name\":\"Behandlungsmethoden (\u00dcbersicht)\",\"item\":\"https:\\\/\\\/zentrum-tcm-kampfkunst.de\\\/praxis-fuer-tcm\\\/behandlungsmethoden\\\/\"},{\"@type\":\"ListItem\",\"position\":3,\"name\":\"Tui &#8211; Na\"}]},{\"@type\":\"WebSite\",\"@id\":\"https:\\\/\\\/zentrum-tcm-kampfkunst.de\\\/praxis-fuer-tcm\\\/#website\",\"url\":\"https:\\\/\\\/zentrum-tcm-kampfkunst.de\\\/praxis-fuer-tcm\\\/\",\"name\":\"Praxis f\u00fcr TCM in Staufen\",\"description\":\"Zentrum f\u00fcr TCM &amp; Kampfkunst Guo-Shu\",\"potentialAction\":[{\"@type\":\"SearchAction\",\"target\":{\"@type\":\"EntryPoint\",\"urlTemplate\":\"https:\\\/\\\/zentrum-tcm-kampfkunst.de\\\/praxis-fuer-tcm\\\/?s={search_term_string}\"},\"query-input\":{\"@type\":\"PropertyValueSpecification\",\"valueRequired\":true,\"valueName\":\"search_term_string\"}}],\"inLanguage\":\"de\"}]}<\/script>\n<!-- \/ Yoast SEO plugin. -->","yoast_head_json":{"title":"Tui - Na - Praxis f\u00fcr TCM in Staufen","robots":{"index":"index","follow":"follow","max-snippet":"max-snippet:-1","max-image-preview":"max-image-preview:large","max-video-preview":"max-video-preview:-1"},"canonical":"https:\/\/zentrum-tcm-kampfkunst.de\/praxis-fuer-tcm\/behandlungsmethoden\/tui-na\/","og_locale":"de_DE","og_type":"article","og_title":"Tui - Na - Praxis f\u00fcr TCM in Staufen","og_description":"Tuina wird haupts\u00e4chlich in der Traumatologie, Orthop\u00e4die und Kinderheilkunde angewandt und bildet im Rahmen der TCM eine eigene Therapiemethode. Tuina (Tui bedeutet &#8222;schieben&#8220;, &#8222;sto\u00dfen&#8220;; Na &#8222;greifen&#8220;, &#8222;nehmen&#8220;, &#8222;aufnehmen&#8220;) ist seit [&hellip;]","og_url":"https:\/\/zentrum-tcm-kampfkunst.de\/praxis-fuer-tcm\/behandlungsmethoden\/tui-na\/","og_site_name":"Praxis f\u00fcr TCM in Staufen","article_modified_time":"2017-07-12T10:04:44+00:00","og_image":[{"url":"https:\/\/zentrum-tcm-kampfkunst.de\/praxis-fuer-tcm\/wp-content\/uploads\/sites\/2\/2017\/05\/tuina.jpg","type":"","width":"","height":""}],"twitter_card":"summary_large_image","twitter_misc":{"Gesch\u00e4tzte Lesezeit":"1\u00a0Minute"},"schema":{"@context":"https:\/\/schema.org","@graph":[{"@type":"WebPage","@id":"https:\/\/zentrum-tcm-kampfkunst.de\/praxis-fuer-tcm\/behandlungsmethoden\/tui-na\/","url":"https:\/\/zentrum-tcm-kampfkunst.de\/praxis-fuer-tcm\/behandlungsmethoden\/tui-na\/","name":"Tui - Na - Praxis f\u00fcr TCM in Staufen","isPartOf":{"@id":"https:\/\/zentrum-tcm-kampfkunst.de\/praxis-fuer-tcm\/#website"},"primaryImageOfPage":{"@id":"https:\/\/zentrum-tcm-kampfkunst.de\/praxis-fuer-tcm\/behandlungsmethoden\/tui-na\/#primaryimage"},"image":{"@id":"https:\/\/zentrum-tcm-kampfkunst.de\/praxis-fuer-tcm\/behandlungsmethoden\/tui-na\/#primaryimage"},"thumbnailUrl":"https:\/\/zentrum-tcm-kampfkunst.de\/praxis-fuer-tcm\/wp-content\/uploads\/sites\/2\/2017\/05\/tuina.jpg","datePublished":"2017-05-17T15:30:09+00:00","dateModified":"2017-07-12T10:04:44+00:00","breadcrumb":{"@id":"https:\/\/zentrum-tcm-kampfkunst.de\/praxis-fuer-tcm\/behandlungsmethoden\/tui-na\/#breadcrumb"},"inLanguage":"de","potentialAction":[{"@type":"ReadAction","target":["https:\/\/zentrum-tcm-kampfkunst.de\/praxis-fuer-tcm\/behandlungsmethoden\/tui-na\/"]}]},{"@type":"ImageObject","inLanguage":"de","@id":"https:\/\/zentrum-tcm-kampfkunst.de\/praxis-fuer-tcm\/behandlungsmethoden\/tui-na\/#primaryimage","url":"https:\/\/zentrum-tcm-kampfkunst.de\/praxis-fuer-tcm\/wp-content\/uploads\/sites\/2\/2017\/05\/tuina.jpg","contentUrl":"https:\/\/zentrum-tcm-kampfkunst.de\/praxis-fuer-tcm\/wp-content\/uploads\/sites\/2\/2017\/05\/tuina.jpg","width":100,"height":221},{"@type":"BreadcrumbList","@id":"https:\/\/zentrum-tcm-kampfkunst.de\/praxis-fuer-tcm\/behandlungsmethoden\/tui-na\/#breadcrumb","itemListElement":[{"@type":"ListItem","position":1,"name":"Startseite","item":"https:\/\/zentrum-tcm-kampfkunst.de\/praxis-fuer-tcm\/"},{"@type":"ListItem","position":2,"name":"Behandlungsmethoden (\u00dcbersicht)","item":"https:\/\/zentrum-tcm-kampfkunst.de\/praxis-fuer-tcm\/behandlungsmethoden\/"},{"@type":"ListItem","position":3,"name":"Tui &#8211; Na"}]},{"@type":"WebSite","@id":"https:\/\/zentrum-tcm-kampfkunst.de\/praxis-fuer-tcm\/#website","url":"https:\/\/zentrum-tcm-kampfkunst.de\/praxis-fuer-tcm\/","name":"Praxis f\u00fcr TCM in Staufen","description":"Zentrum f\u00fcr TCM &amp; Kampfkunst Guo-Shu","potentialAction":[{"@type":"SearchAction","target":{"@type":"EntryPoint","urlTemplate":"https:\/\/zentrum-tcm-kampfkunst.de\/praxis-fuer-tcm\/?s={search_term_string}"},"query-input":{"@type":"PropertyValueSpecification","valueRequired":true,"valueName":"search_term_string"}}],"inLanguage":"de"}]}},"_links":{"self":[{"href":"https:\/\/zentrum-tcm-kampfkunst.de\/praxis-fuer-tcm\/wp-json\/wp\/v2\/pages\/40","targetHints":{"allow":["GET"]}}],"collection":[{"href":"https:\/\/zentrum-tcm-kampfkunst.de\/praxis-fuer-tcm\/wp-json\/wp\/v2\/pages"}],"about":[{"href":"https:\/\/zentrum-tcm-kampfkunst.de\/praxis-fuer-tcm\/wp-json\/wp\/v2\/types\/page"}],"author":[{"embeddable":true,"href":"https:\/\/zentrum-tcm-kampfkunst.de\/praxis-fuer-tcm\/wp-json\/wp\/v2\/users\/1"}],"replies":[{"embeddable":true,"href":"https:\/\/zentrum-tcm-kampfkunst.de\/praxis-fuer-tcm\/wp-json\/wp\/v2\/comments?post=40"}],"version-history":[{"count":1,"href":"https:\/\/zentrum-tcm-kampfkunst.de\/praxis-fuer-tcm\/wp-json\/wp\/v2\/pages\/40\/revisions"}],"predecessor-version":[{"id":140,"href":"https:\/\/zentrum-tcm-kampfkunst.de\/praxis-fuer-tcm\/wp-json\/wp\/v2\/pages\/40\/revisions\/140"}],"up":[{"embeddable":true,"href":"https:\/\/zentrum-tcm-kampfkunst.de\/praxis-fuer-tcm\/wp-json\/wp\/v2\/pages\/10"}],"wp:attachment":[{"href":"https:\/\/zentrum-tcm-kampfkunst.de\/praxis-fuer-tcm\/wp-json\/wp\/v2\/media?parent=40"}],"curies":[{"name":"wp","href":"https:\/\/api.w.org\/{rel}","templated":true}]}}