{"id":38,"date":"2017-05-17T15:29:16","date_gmt":"2017-05-17T15:29:16","guid":{"rendered":"https:\/\/zentrum-tcm-kampfkunst.de\/praxis-fuer-tcm\/?page_id=38"},"modified":"2017-07-12T12:03:48","modified_gmt":"2017-07-12T10:03:48","slug":"chinesische-kraeuterheilkunde","status":"publish","type":"page","link":"https:\/\/zentrum-tcm-kampfkunst.de\/praxis-fuer-tcm\/behandlungsmethoden\/chinesische-kraeuterheilkunde\/","title":{"rendered":"Chinesische Kr\u00e4uterheilkunde"},"content":{"rendered":"<div class=\"csc-textpic csc-textpic-intext-right\">\n<div class=\"csc-textpic-text\">\n<p class=\"bodytext\"><img loading=\"lazy\" decoding=\"async\" class=\"size-medium wp-image-135 alignright\" src=\"https:\/\/zentrum-tcm-kampfkunst.de\/praxis-fuer-tcm\/wp-content\/uploads\/sites\/2\/2017\/05\/kraeuter_02-100x300.jpg\" alt=\"\" width=\"100\" height=\"300\" \/>Kr\u00e4uter werden in China, wie in anderen alten Kulturen, seit Jahrtausenden zur Behandlung von Krankheiten benutzt. Bereits vor dem ersten Klassiker der TCM, dem &#8222;Neijing&#8220;, sind schriftliche Aufzeichnungen \u00fcber Heilkr\u00e4uter und ihre Anwendung zu finden.<\/p>\n<p>Die Kr\u00e4utertherapie im modernen China ist ein sehr traditioneller Aspekt der TCM, der sich dennoch kontinuierlich weiterentwickelt. Sie ehrt und benutzt das Wissen aus der Vergangenheit, nimmt aber auch Neuerungen auf, die auf klinischer Erfahrung und wissenschaftlicher Untersuchung basieren.<\/p>\n<p class=\"bodytext\">Sie gew\u00e4hrleistet nicht nur die langfristige Stabilisierung der mit der Akupunktur erzielten Effekte, sondern erm\u00f6glicht auch die individuelle Feinabstimmung der Therapie und stellt somit eine hochspezifische Behandlungsform dar.<\/p>\n<\/div>\n<\/div>\n<div class=\"csc-textpic csc-textpic-intext-left csc-textpic-border\">\n<div class=\"csc-textpic-text\">\n<p class=\"bodytext\"><img loading=\"lazy\" decoding=\"async\" class=\"size-full wp-image-136 alignleft\" src=\"https:\/\/zentrum-tcm-kampfkunst.de\/praxis-fuer-tcm\/wp-content\/uploads\/sites\/2\/2017\/05\/kraeuterweb_01.jpg\" alt=\"\" width=\"266\" height=\"200\" \/>Die ca. 350 wichtigsten verwendeten Kr\u00e4uter werden bestimmten Geschmacksrichtungen (bitter, neutral, salzig, sauer, scharf und s\u00fc\u00df), Temperaturverhalten (warm, hei\u00df, k\u00fchl und kalt) sowie den Funktionskreisen (z.B. Herz und Magen) zugeordnet.<\/p>\n<p class=\"bodytext\">Die Kr\u00e4uterrezepte bestehen aus mehreren Einzelkr\u00e4utern, die nach Priorit\u00e4t bzw. Hirarchie der gew\u00fcnschten Wirkungsweise (Kaiserkraut, Minister bis zum Gesandten) gegliedert sind. Diese bilden wiederum Fragmente, die jederzeit individuell modifiziert werden k\u00f6nnen. Das Rezept wird dann ca. 30 Minuten in Wasser gekocht und als Sud (Dekokt) zu sich genommen.<\/p>\n<\/div>\n<\/div>\n","protected":false},"excerpt":{"rendered":"<p>Kr\u00e4uter werden in China, wie in anderen alten Kulturen, seit Jahrtausenden zur Behandlung von Krankheiten benutzt. Bereits vor dem ersten Klassiker der TCM, dem &#8222;Neijing&#8220;, sind schriftliche Aufzeichnungen \u00fcber Heilkr\u00e4uter [&hellip;]<\/p>\n","protected":false},"author":1,"featured_media":0,"parent":10,"menu_order":0,"comment_status":"closed","ping_status":"closed","template":"","meta":{"footnotes":""},"class_list":["post-38","page","type-page","status-publish","hentry"],"yoast_head":"<!-- This site is optimized with the Yoast SEO plugin v27.3 - https:\/\/yoast.com\/product\/yoast-seo-wordpress\/ -->\n<title>Chinesische Kr\u00e4uterheilkunde - Praxis f\u00fcr TCM in Staufen<\/title>\n<meta name=\"robots\" content=\"index, follow, max-snippet:-1, max-image-preview:large, max-video-preview:-1\" \/>\n<link rel=\"canonical\" href=\"https:\/\/zentrum-tcm-kampfkunst.de\/praxis-fuer-tcm\/behandlungsmethoden\/chinesische-kraeuterheilkunde\/\" \/>\n<meta property=\"og:locale\" content=\"de_DE\" \/>\n<meta property=\"og:type\" content=\"article\" \/>\n<meta property=\"og:title\" content=\"Chinesische Kr\u00e4uterheilkunde - Praxis f\u00fcr TCM in Staufen\" \/>\n<meta property=\"og:description\" content=\"Kr\u00e4uter werden in China, wie in anderen alten Kulturen, seit Jahrtausenden zur Behandlung von Krankheiten benutzt. Bereits vor dem ersten Klassiker der TCM, dem &#8222;Neijing&#8220;, sind schriftliche Aufzeichnungen \u00fcber Heilkr\u00e4uter [&hellip;]\" \/>\n<meta property=\"og:url\" content=\"https:\/\/zentrum-tcm-kampfkunst.de\/praxis-fuer-tcm\/behandlungsmethoden\/chinesische-kraeuterheilkunde\/\" \/>\n<meta property=\"og:site_name\" content=\"Praxis f\u00fcr TCM in Staufen\" \/>\n<meta property=\"article:modified_time\" content=\"2017-07-12T10:03:48+00:00\" \/>\n<meta property=\"og:image\" content=\"https:\/\/zentrum-tcm-kampfkunst.de\/praxis-fuer-tcm\/wp-content\/uploads\/sites\/2\/2017\/05\/kraeuter_02-100x300.jpg\" \/>\n<meta name=\"twitter:card\" content=\"summary_large_image\" \/>\n<meta name=\"twitter:label1\" content=\"Gesch\u00e4tzte Lesezeit\" \/>\n\t<meta name=\"twitter:data1\" content=\"1\u00a0Minute\" \/>\n<script type=\"application\/ld+json\" class=\"yoast-schema-graph\">{\"@context\":\"https:\\\/\\\/schema.org\",\"@graph\":[{\"@type\":\"WebPage\",\"@id\":\"https:\\\/\\\/zentrum-tcm-kampfkunst.de\\\/praxis-fuer-tcm\\\/behandlungsmethoden\\\/chinesische-kraeuterheilkunde\\\/\",\"url\":\"https:\\\/\\\/zentrum-tcm-kampfkunst.de\\\/praxis-fuer-tcm\\\/behandlungsmethoden\\\/chinesische-kraeuterheilkunde\\\/\",\"name\":\"Chinesische Kr\u00e4uterheilkunde - Praxis f\u00fcr TCM in Staufen\",\"isPartOf\":{\"@id\":\"https:\\\/\\\/zentrum-tcm-kampfkunst.de\\\/praxis-fuer-tcm\\\/#website\"},\"primaryImageOfPage\":{\"@id\":\"https:\\\/\\\/zentrum-tcm-kampfkunst.de\\\/praxis-fuer-tcm\\\/behandlungsmethoden\\\/chinesische-kraeuterheilkunde\\\/#primaryimage\"},\"image\":{\"@id\":\"https:\\\/\\\/zentrum-tcm-kampfkunst.de\\\/praxis-fuer-tcm\\\/behandlungsmethoden\\\/chinesische-kraeuterheilkunde\\\/#primaryimage\"},\"thumbnailUrl\":\"https:\\\/\\\/zentrum-tcm-kampfkunst.de\\\/praxis-fuer-tcm\\\/wp-content\\\/uploads\\\/sites\\\/2\\\/2017\\\/05\\\/kraeuter_02-100x300.jpg\",\"datePublished\":\"2017-05-17T15:29:16+00:00\",\"dateModified\":\"2017-07-12T10:03:48+00:00\",\"breadcrumb\":{\"@id\":\"https:\\\/\\\/zentrum-tcm-kampfkunst.de\\\/praxis-fuer-tcm\\\/behandlungsmethoden\\\/chinesische-kraeuterheilkunde\\\/#breadcrumb\"},\"inLanguage\":\"de\",\"potentialAction\":[{\"@type\":\"ReadAction\",\"target\":[\"https:\\\/\\\/zentrum-tcm-kampfkunst.de\\\/praxis-fuer-tcm\\\/behandlungsmethoden\\\/chinesische-kraeuterheilkunde\\\/\"]}]},{\"@type\":\"ImageObject\",\"inLanguage\":\"de\",\"@id\":\"https:\\\/\\\/zentrum-tcm-kampfkunst.de\\\/praxis-fuer-tcm\\\/behandlungsmethoden\\\/chinesische-kraeuterheilkunde\\\/#primaryimage\",\"url\":\"https:\\\/\\\/zentrum-tcm-kampfkunst.de\\\/praxis-fuer-tcm\\\/wp-content\\\/uploads\\\/sites\\\/2\\\/2017\\\/05\\\/kraeuter_02.jpg\",\"contentUrl\":\"https:\\\/\\\/zentrum-tcm-kampfkunst.de\\\/praxis-fuer-tcm\\\/wp-content\\\/uploads\\\/sites\\\/2\\\/2017\\\/05\\\/kraeuter_02.jpg\",\"width\":100,\"height\":300},{\"@type\":\"BreadcrumbList\",\"@id\":\"https:\\\/\\\/zentrum-tcm-kampfkunst.de\\\/praxis-fuer-tcm\\\/behandlungsmethoden\\\/chinesische-kraeuterheilkunde\\\/#breadcrumb\",\"itemListElement\":[{\"@type\":\"ListItem\",\"position\":1,\"name\":\"Startseite\",\"item\":\"https:\\\/\\\/zentrum-tcm-kampfkunst.de\\\/praxis-fuer-tcm\\\/\"},{\"@type\":\"ListItem\",\"position\":2,\"name\":\"Behandlungsmethoden (\u00dcbersicht)\",\"item\":\"https:\\\/\\\/zentrum-tcm-kampfkunst.de\\\/praxis-fuer-tcm\\\/behandlungsmethoden\\\/\"},{\"@type\":\"ListItem\",\"position\":3,\"name\":\"Chinesische Kr\u00e4uterheilkunde\"}]},{\"@type\":\"WebSite\",\"@id\":\"https:\\\/\\\/zentrum-tcm-kampfkunst.de\\\/praxis-fuer-tcm\\\/#website\",\"url\":\"https:\\\/\\\/zentrum-tcm-kampfkunst.de\\\/praxis-fuer-tcm\\\/\",\"name\":\"Praxis f\u00fcr TCM in Staufen\",\"description\":\"Zentrum f\u00fcr TCM &amp; Kampfkunst Guo-Shu\",\"potentialAction\":[{\"@type\":\"SearchAction\",\"target\":{\"@type\":\"EntryPoint\",\"urlTemplate\":\"https:\\\/\\\/zentrum-tcm-kampfkunst.de\\\/praxis-fuer-tcm\\\/?s={search_term_string}\"},\"query-input\":{\"@type\":\"PropertyValueSpecification\",\"valueRequired\":true,\"valueName\":\"search_term_string\"}}],\"inLanguage\":\"de\"}]}<\/script>\n<!-- \/ Yoast SEO plugin. -->","yoast_head_json":{"title":"Chinesische Kr\u00e4uterheilkunde - Praxis f\u00fcr TCM in Staufen","robots":{"index":"index","follow":"follow","max-snippet":"max-snippet:-1","max-image-preview":"max-image-preview:large","max-video-preview":"max-video-preview:-1"},"canonical":"https:\/\/zentrum-tcm-kampfkunst.de\/praxis-fuer-tcm\/behandlungsmethoden\/chinesische-kraeuterheilkunde\/","og_locale":"de_DE","og_type":"article","og_title":"Chinesische Kr\u00e4uterheilkunde - Praxis f\u00fcr TCM in Staufen","og_description":"Kr\u00e4uter werden in China, wie in anderen alten Kulturen, seit Jahrtausenden zur Behandlung von Krankheiten benutzt. Bereits vor dem ersten Klassiker der TCM, dem &#8222;Neijing&#8220;, sind schriftliche Aufzeichnungen \u00fcber Heilkr\u00e4uter [&hellip;]","og_url":"https:\/\/zentrum-tcm-kampfkunst.de\/praxis-fuer-tcm\/behandlungsmethoden\/chinesische-kraeuterheilkunde\/","og_site_name":"Praxis f\u00fcr TCM in Staufen","article_modified_time":"2017-07-12T10:03:48+00:00","og_image":[{"url":"https:\/\/zentrum-tcm-kampfkunst.de\/praxis-fuer-tcm\/wp-content\/uploads\/sites\/2\/2017\/05\/kraeuter_02-100x300.jpg","type":"","width":"","height":""}],"twitter_card":"summary_large_image","twitter_misc":{"Gesch\u00e4tzte Lesezeit":"1\u00a0Minute"},"schema":{"@context":"https:\/\/schema.org","@graph":[{"@type":"WebPage","@id":"https:\/\/zentrum-tcm-kampfkunst.de\/praxis-fuer-tcm\/behandlungsmethoden\/chinesische-kraeuterheilkunde\/","url":"https:\/\/zentrum-tcm-kampfkunst.de\/praxis-fuer-tcm\/behandlungsmethoden\/chinesische-kraeuterheilkunde\/","name":"Chinesische Kr\u00e4uterheilkunde - Praxis f\u00fcr TCM in Staufen","isPartOf":{"@id":"https:\/\/zentrum-tcm-kampfkunst.de\/praxis-fuer-tcm\/#website"},"primaryImageOfPage":{"@id":"https:\/\/zentrum-tcm-kampfkunst.de\/praxis-fuer-tcm\/behandlungsmethoden\/chinesische-kraeuterheilkunde\/#primaryimage"},"image":{"@id":"https:\/\/zentrum-tcm-kampfkunst.de\/praxis-fuer-tcm\/behandlungsmethoden\/chinesische-kraeuterheilkunde\/#primaryimage"},"thumbnailUrl":"https:\/\/zentrum-tcm-kampfkunst.de\/praxis-fuer-tcm\/wp-content\/uploads\/sites\/2\/2017\/05\/kraeuter_02-100x300.jpg","datePublished":"2017-05-17T15:29:16+00:00","dateModified":"2017-07-12T10:03:48+00:00","breadcrumb":{"@id":"https:\/\/zentrum-tcm-kampfkunst.de\/praxis-fuer-tcm\/behandlungsmethoden\/chinesische-kraeuterheilkunde\/#breadcrumb"},"inLanguage":"de","potentialAction":[{"@type":"ReadAction","target":["https:\/\/zentrum-tcm-kampfkunst.de\/praxis-fuer-tcm\/behandlungsmethoden\/chinesische-kraeuterheilkunde\/"]}]},{"@type":"ImageObject","inLanguage":"de","@id":"https:\/\/zentrum-tcm-kampfkunst.de\/praxis-fuer-tcm\/behandlungsmethoden\/chinesische-kraeuterheilkunde\/#primaryimage","url":"https:\/\/zentrum-tcm-kampfkunst.de\/praxis-fuer-tcm\/wp-content\/uploads\/sites\/2\/2017\/05\/kraeuter_02.jpg","contentUrl":"https:\/\/zentrum-tcm-kampfkunst.de\/praxis-fuer-tcm\/wp-content\/uploads\/sites\/2\/2017\/05\/kraeuter_02.jpg","width":100,"height":300},{"@type":"BreadcrumbList","@id":"https:\/\/zentrum-tcm-kampfkunst.de\/praxis-fuer-tcm\/behandlungsmethoden\/chinesische-kraeuterheilkunde\/#breadcrumb","itemListElement":[{"@type":"ListItem","position":1,"name":"Startseite","item":"https:\/\/zentrum-tcm-kampfkunst.de\/praxis-fuer-tcm\/"},{"@type":"ListItem","position":2,"name":"Behandlungsmethoden (\u00dcbersicht)","item":"https:\/\/zentrum-tcm-kampfkunst.de\/praxis-fuer-tcm\/behandlungsmethoden\/"},{"@type":"ListItem","position":3,"name":"Chinesische Kr\u00e4uterheilkunde"}]},{"@type":"WebSite","@id":"https:\/\/zentrum-tcm-kampfkunst.de\/praxis-fuer-tcm\/#website","url":"https:\/\/zentrum-tcm-kampfkunst.de\/praxis-fuer-tcm\/","name":"Praxis f\u00fcr TCM in Staufen","description":"Zentrum f\u00fcr TCM &amp; Kampfkunst Guo-Shu","potentialAction":[{"@type":"SearchAction","target":{"@type":"EntryPoint","urlTemplate":"https:\/\/zentrum-tcm-kampfkunst.de\/praxis-fuer-tcm\/?s={search_term_string}"},"query-input":{"@type":"PropertyValueSpecification","valueRequired":true,"valueName":"search_term_string"}}],"inLanguage":"de"}]}},"_links":{"self":[{"href":"https:\/\/zentrum-tcm-kampfkunst.de\/praxis-fuer-tcm\/wp-json\/wp\/v2\/pages\/38","targetHints":{"allow":["GET"]}}],"collection":[{"href":"https:\/\/zentrum-tcm-kampfkunst.de\/praxis-fuer-tcm\/wp-json\/wp\/v2\/pages"}],"about":[{"href":"https:\/\/zentrum-tcm-kampfkunst.de\/praxis-fuer-tcm\/wp-json\/wp\/v2\/types\/page"}],"author":[{"embeddable":true,"href":"https:\/\/zentrum-tcm-kampfkunst.de\/praxis-fuer-tcm\/wp-json\/wp\/v2\/users\/1"}],"replies":[{"embeddable":true,"href":"https:\/\/zentrum-tcm-kampfkunst.de\/praxis-fuer-tcm\/wp-json\/wp\/v2\/comments?post=38"}],"version-history":[{"count":1,"href":"https:\/\/zentrum-tcm-kampfkunst.de\/praxis-fuer-tcm\/wp-json\/wp\/v2\/pages\/38\/revisions"}],"predecessor-version":[{"id":137,"href":"https:\/\/zentrum-tcm-kampfkunst.de\/praxis-fuer-tcm\/wp-json\/wp\/v2\/pages\/38\/revisions\/137"}],"up":[{"embeddable":true,"href":"https:\/\/zentrum-tcm-kampfkunst.de\/praxis-fuer-tcm\/wp-json\/wp\/v2\/pages\/10"}],"wp:attachment":[{"href":"https:\/\/zentrum-tcm-kampfkunst.de\/praxis-fuer-tcm\/wp-json\/wp\/v2\/media?parent=38"}],"curies":[{"name":"wp","href":"https:\/\/api.w.org\/{rel}","templated":true}]}}