{"id":16,"date":"2017-05-12T19:12:05","date_gmt":"2017-05-12T19:12:05","guid":{"rendered":"https:\/\/zentrum-tcm-kampfkunst.de\/praxis-fuer-tcm\/?page_id=16"},"modified":"2017-07-12T12:07:58","modified_gmt":"2017-07-12T10:07:58","slug":"diagnostik","status":"publish","type":"page","link":"https:\/\/zentrum-tcm-kampfkunst.de\/praxis-fuer-tcm\/diagnostik\/","title":{"rendered":"Diagnostik"},"content":{"rendered":"<div class=\"csc-header csc-header-n1\">\n<h1 class=\"csc-firstHeader\">Syndrom Diagnose<\/h1>\n<\/div>\n<div class=\"csc-textpic csc-textpic-intext-left csc-textpic-border\">\n<div class=\"csc-textpic-text\">\n<p class=\"bodytext\"><img loading=\"lazy\" decoding=\"async\" class=\"size-medium wp-image-144 alignleft\" src=\"https:\/\/zentrum-tcm-kampfkunst.de\/praxis-fuer-tcm\/wp-content\/uploads\/sites\/2\/2017\/05\/Bild_Befragung-Web-279x300.jpg\" alt=\"\" width=\"279\" height=\"300\" srcset=\"https:\/\/zentrum-tcm-kampfkunst.de\/praxis-fuer-tcm\/wp-content\/uploads\/sites\/2\/2017\/05\/Bild_Befragung-Web-279x300.jpg 279w, https:\/\/zentrum-tcm-kampfkunst.de\/praxis-fuer-tcm\/wp-content\/uploads\/sites\/2\/2017\/05\/Bild_Befragung-Web.jpg 762w\" sizes=\"auto, (max-width: 279px) 100vw, 279px\" \/>Die Formulierung einer Chinesischen Syndrom Diagnose ist die eigentliche intellektuelle Leistung in der TCM und Grundvoraussetzung f\u00fcr die richtige Auswahl geeigneter Therapieverfahren.<\/p>\n<p class=\"bodytext\">Der Therapeut beurteilt die individuellen Symptome, Zeichen und Beschwerden des Patienten in Kategorien einer Disharmonie in den Organen bzw. Meridianen und kommt so zur Feststellung von \u201eSt\u00f6rungsmustern\u201c, den sogenannten \u201eSyndromen\u201c. Diese beinhalten sowohl die Krankheitsursache als auch den Krankheitsmechanismus. Erst nach der Formulierung \u00a0eines chinesischen Syndroms erfolgt die Behandlung nach den Kriterien der TCM.<\/p>\n<\/div>\n<\/div>\n<div class=\"csc-header csc-header-n2\">\n<h1>Zungendiagnose<\/h1>\n<\/div>\n<div class=\"csc-textpic csc-textpic-intext-right csc-textpic-border\">\n<div class=\"csc-textpic-text\">\n<p class=\"bodytext\"><img loading=\"lazy\" decoding=\"async\" class=\"size-full wp-image-143 alignright\" src=\"https:\/\/zentrum-tcm-kampfkunst.de\/praxis-fuer-tcm\/wp-content\/uploads\/sites\/2\/2017\/05\/Bild-zunge_Kopie.jpg\" alt=\"\" width=\"240\" height=\"211\" \/>In der TCM z\u00e4hlt die Diagnose dieses beweglichsten Muskels unseres K\u00f6rpers zu einer der wichtigsten und aussagekr\u00e4ftigsten Untersuchungsmethoden.<\/p>\n<p class=\"bodytext\">Diese Methode basiert auf der Verbindung zwischen Zunge und den inneren Organen, den Meridianen, dem Energiefluss Qi, dem Blut und den K\u00f6rperfl\u00fcssigkeiten. Der Therapeut untersucht die Zunge hinsichtlich ihrer Vitalit\u00e4t, Form, Farbe, Spannkraft und Beweglichkeit, sowie der Unterseite. Dadurch erh\u00e4lt er Aufschluss \u00fcber die Grundkonstitution des Patienten, \u00fcber die Verfassung der Organe und \u00fcber den energetischen Zustand, den Zustand des Qi. Der Zungenbelag, seine Farbe, Dicke und Beschaffenheit verr\u00e4t eingedrungene krankhafte Einfl\u00fcsse.<\/p>\n<\/div>\n<\/div>\n<div class=\"csc-header csc-header-n3\">\n<h1>Pulsdiagnose<\/h1>\n<\/div>\n<div class=\"csc-textpic csc-textpic-intext-left csc-textpic-border\">\n<div class=\"csc-textpic-text\">\n<p class=\"bodytext\"><img loading=\"lazy\" decoding=\"async\" class=\"size-medium wp-image-142 alignleft\" src=\"https:\/\/zentrum-tcm-kampfkunst.de\/praxis-fuer-tcm\/wp-content\/uploads\/sites\/2\/2017\/05\/Bild_Pulsdiagnose-Web-300x224.jpg\" alt=\"\" width=\"300\" height=\"224\" srcset=\"https:\/\/zentrum-tcm-kampfkunst.de\/praxis-fuer-tcm\/wp-content\/uploads\/sites\/2\/2017\/05\/Bild_Pulsdiagnose-Web-300x224.jpg 300w, https:\/\/zentrum-tcm-kampfkunst.de\/praxis-fuer-tcm\/wp-content\/uploads\/sites\/2\/2017\/05\/Bild_Pulsdiagnose-Web.jpg 695w\" sizes=\"auto, (max-width: 300px) 100vw, 300px\" \/>Die Pulsdiagnose ist ebenfalls ein Bestandteil der Diagnosemethoden der TCM. Die Anf\u00e4nge liegen etwa 2700 Jahre zur\u00fcck, in China wurde zwischen 200 und 800 n.Chr. die Pulsdiagnose entwickelt und ayurvedische Pulsdiagnose im 13. und 14. Jahrhundert. Heute werden zwischen 28 und 33 Pulsarten\/Pulsqualit\u00e4ten unterschieden. Mit beiden H\u00e4nden und den mittleren drei Fingern wird bei dem Patienten der Puls an dem linken und rechten Handgelenk (Radialarterie) mit variierendem Fingerdruck gef\u00fchlt. Es wird der Zustand der inneren Organe, des Blutes und des allgemeinen K\u00f6rperzustandes erf\u00fchlt. Meistens wird die Pulsdiagnose mit anderen Diagnoseformen (z.B.Zungendiagnose) kombiniert.<\/p>\n<\/div>\n<\/div>\n<div class=\"csc-header csc-header-n4\">\n<h1>Gesichtsdiagnose<\/h1>\n<\/div>\n<div class=\"csc-textpic-text\">\n<p class=\"bodytext\">Die Gesichtsdiagnose hat in China eine jahrtausendalte, gut dokumentierte Geschichte. Urspr\u00fcnglich wurde sie, neben der Zungen-Puls- u. Syndromdiagnose verwendet. Mit dieser Methode konnte die direkte Ber\u00fchrung des Patienten vermieden werden. Das Gesicht des Menschen verr\u00e4t nicht nur wer er ist, sondern gibt Aufschluss \u00fcber sein Gesundheitszustand.<\/p>\n<\/div>\n","protected":false},"excerpt":{"rendered":"<p>Syndrom Diagnose Die Formulierung einer Chinesischen Syndrom Diagnose ist die eigentliche intellektuelle Leistung in der TCM und Grundvoraussetzung f\u00fcr die richtige Auswahl geeigneter Therapieverfahren. Der Therapeut beurteilt die individuellen Symptome, [&hellip;]<\/p>\n","protected":false},"author":1,"featured_media":0,"parent":0,"menu_order":0,"comment_status":"closed","ping_status":"closed","template":"","meta":{"footnotes":""},"class_list":["post-16","page","type-page","status-publish","hentry"],"yoast_head":"<!-- This site is optimized with the Yoast SEO plugin v27.4 - https:\/\/yoast.com\/product\/yoast-seo-wordpress\/ -->\n<title>Diagnostik - Praxis f\u00fcr TCM in Staufen<\/title>\n<meta name=\"robots\" content=\"index, follow, max-snippet:-1, max-image-preview:large, max-video-preview:-1\" \/>\n<link rel=\"canonical\" href=\"https:\/\/zentrum-tcm-kampfkunst.de\/praxis-fuer-tcm\/diagnostik\/\" \/>\n<meta property=\"og:locale\" content=\"de_DE\" \/>\n<meta property=\"og:type\" content=\"article\" \/>\n<meta property=\"og:title\" content=\"Diagnostik - Praxis f\u00fcr TCM in Staufen\" \/>\n<meta property=\"og:description\" content=\"Syndrom Diagnose Die Formulierung einer Chinesischen Syndrom Diagnose ist die eigentliche intellektuelle Leistung in der TCM und Grundvoraussetzung f\u00fcr die richtige Auswahl geeigneter Therapieverfahren. Der Therapeut beurteilt die individuellen Symptome, [&hellip;]\" \/>\n<meta property=\"og:url\" content=\"https:\/\/zentrum-tcm-kampfkunst.de\/praxis-fuer-tcm\/diagnostik\/\" \/>\n<meta property=\"og:site_name\" content=\"Praxis f\u00fcr TCM in Staufen\" \/>\n<meta property=\"article:modified_time\" content=\"2017-07-12T10:07:58+00:00\" \/>\n<meta property=\"og:image\" content=\"https:\/\/zentrum-tcm-kampfkunst.de\/praxis-fuer-tcm\/wp-content\/uploads\/sites\/2\/2017\/05\/Bild_Befragung-Web-279x300.jpg\" \/>\n<meta name=\"twitter:card\" content=\"summary_large_image\" \/>\n<meta name=\"twitter:label1\" content=\"Gesch\u00e4tzte Lesezeit\" \/>\n\t<meta name=\"twitter:data1\" content=\"2\u00a0Minuten\" \/>\n<script type=\"application\/ld+json\" class=\"yoast-schema-graph\">{\"@context\":\"https:\\\/\\\/schema.org\",\"@graph\":[{\"@type\":\"WebPage\",\"@id\":\"https:\\\/\\\/zentrum-tcm-kampfkunst.de\\\/praxis-fuer-tcm\\\/diagnostik\\\/\",\"url\":\"https:\\\/\\\/zentrum-tcm-kampfkunst.de\\\/praxis-fuer-tcm\\\/diagnostik\\\/\",\"name\":\"Diagnostik - Praxis f\u00fcr TCM in Staufen\",\"isPartOf\":{\"@id\":\"https:\\\/\\\/zentrum-tcm-kampfkunst.de\\\/praxis-fuer-tcm\\\/#website\"},\"primaryImageOfPage\":{\"@id\":\"https:\\\/\\\/zentrum-tcm-kampfkunst.de\\\/praxis-fuer-tcm\\\/diagnostik\\\/#primaryimage\"},\"image\":{\"@id\":\"https:\\\/\\\/zentrum-tcm-kampfkunst.de\\\/praxis-fuer-tcm\\\/diagnostik\\\/#primaryimage\"},\"thumbnailUrl\":\"https:\\\/\\\/zentrum-tcm-kampfkunst.de\\\/praxis-fuer-tcm\\\/wp-content\\\/uploads\\\/sites\\\/2\\\/2017\\\/05\\\/Bild_Befragung-Web-279x300.jpg\",\"datePublished\":\"2017-05-12T19:12:05+00:00\",\"dateModified\":\"2017-07-12T10:07:58+00:00\",\"breadcrumb\":{\"@id\":\"https:\\\/\\\/zentrum-tcm-kampfkunst.de\\\/praxis-fuer-tcm\\\/diagnostik\\\/#breadcrumb\"},\"inLanguage\":\"de\",\"potentialAction\":[{\"@type\":\"ReadAction\",\"target\":[\"https:\\\/\\\/zentrum-tcm-kampfkunst.de\\\/praxis-fuer-tcm\\\/diagnostik\\\/\"]}]},{\"@type\":\"ImageObject\",\"inLanguage\":\"de\",\"@id\":\"https:\\\/\\\/zentrum-tcm-kampfkunst.de\\\/praxis-fuer-tcm\\\/diagnostik\\\/#primaryimage\",\"url\":\"https:\\\/\\\/zentrum-tcm-kampfkunst.de\\\/praxis-fuer-tcm\\\/wp-content\\\/uploads\\\/sites\\\/2\\\/2017\\\/05\\\/Bild_Befragung-Web.jpg\",\"contentUrl\":\"https:\\\/\\\/zentrum-tcm-kampfkunst.de\\\/praxis-fuer-tcm\\\/wp-content\\\/uploads\\\/sites\\\/2\\\/2017\\\/05\\\/Bild_Befragung-Web.jpg\",\"width\":762,\"height\":819},{\"@type\":\"BreadcrumbList\",\"@id\":\"https:\\\/\\\/zentrum-tcm-kampfkunst.de\\\/praxis-fuer-tcm\\\/diagnostik\\\/#breadcrumb\",\"itemListElement\":[{\"@type\":\"ListItem\",\"position\":1,\"name\":\"Startseite\",\"item\":\"https:\\\/\\\/zentrum-tcm-kampfkunst.de\\\/praxis-fuer-tcm\\\/\"},{\"@type\":\"ListItem\",\"position\":2,\"name\":\"Diagnostik\"}]},{\"@type\":\"WebSite\",\"@id\":\"https:\\\/\\\/zentrum-tcm-kampfkunst.de\\\/praxis-fuer-tcm\\\/#website\",\"url\":\"https:\\\/\\\/zentrum-tcm-kampfkunst.de\\\/praxis-fuer-tcm\\\/\",\"name\":\"Praxis f\u00fcr TCM in Staufen\",\"description\":\"Zentrum f\u00fcr TCM &amp; Kampfkunst Guo-Shu\",\"potentialAction\":[{\"@type\":\"SearchAction\",\"target\":{\"@type\":\"EntryPoint\",\"urlTemplate\":\"https:\\\/\\\/zentrum-tcm-kampfkunst.de\\\/praxis-fuer-tcm\\\/?s={search_term_string}\"},\"query-input\":{\"@type\":\"PropertyValueSpecification\",\"valueRequired\":true,\"valueName\":\"search_term_string\"}}],\"inLanguage\":\"de\"}]}<\/script>\n<!-- \/ Yoast SEO plugin. -->","yoast_head_json":{"title":"Diagnostik - Praxis f\u00fcr TCM in Staufen","robots":{"index":"index","follow":"follow","max-snippet":"max-snippet:-1","max-image-preview":"max-image-preview:large","max-video-preview":"max-video-preview:-1"},"canonical":"https:\/\/zentrum-tcm-kampfkunst.de\/praxis-fuer-tcm\/diagnostik\/","og_locale":"de_DE","og_type":"article","og_title":"Diagnostik - Praxis f\u00fcr TCM in Staufen","og_description":"Syndrom Diagnose Die Formulierung einer Chinesischen Syndrom Diagnose ist die eigentliche intellektuelle Leistung in der TCM und Grundvoraussetzung f\u00fcr die richtige Auswahl geeigneter Therapieverfahren. Der Therapeut beurteilt die individuellen Symptome, [&hellip;]","og_url":"https:\/\/zentrum-tcm-kampfkunst.de\/praxis-fuer-tcm\/diagnostik\/","og_site_name":"Praxis f\u00fcr TCM in Staufen","article_modified_time":"2017-07-12T10:07:58+00:00","og_image":[{"url":"https:\/\/zentrum-tcm-kampfkunst.de\/praxis-fuer-tcm\/wp-content\/uploads\/sites\/2\/2017\/05\/Bild_Befragung-Web-279x300.jpg","type":"","width":"","height":""}],"twitter_card":"summary_large_image","twitter_misc":{"Gesch\u00e4tzte Lesezeit":"2\u00a0Minuten"},"schema":{"@context":"https:\/\/schema.org","@graph":[{"@type":"WebPage","@id":"https:\/\/zentrum-tcm-kampfkunst.de\/praxis-fuer-tcm\/diagnostik\/","url":"https:\/\/zentrum-tcm-kampfkunst.de\/praxis-fuer-tcm\/diagnostik\/","name":"Diagnostik - Praxis f\u00fcr TCM in Staufen","isPartOf":{"@id":"https:\/\/zentrum-tcm-kampfkunst.de\/praxis-fuer-tcm\/#website"},"primaryImageOfPage":{"@id":"https:\/\/zentrum-tcm-kampfkunst.de\/praxis-fuer-tcm\/diagnostik\/#primaryimage"},"image":{"@id":"https:\/\/zentrum-tcm-kampfkunst.de\/praxis-fuer-tcm\/diagnostik\/#primaryimage"},"thumbnailUrl":"https:\/\/zentrum-tcm-kampfkunst.de\/praxis-fuer-tcm\/wp-content\/uploads\/sites\/2\/2017\/05\/Bild_Befragung-Web-279x300.jpg","datePublished":"2017-05-12T19:12:05+00:00","dateModified":"2017-07-12T10:07:58+00:00","breadcrumb":{"@id":"https:\/\/zentrum-tcm-kampfkunst.de\/praxis-fuer-tcm\/diagnostik\/#breadcrumb"},"inLanguage":"de","potentialAction":[{"@type":"ReadAction","target":["https:\/\/zentrum-tcm-kampfkunst.de\/praxis-fuer-tcm\/diagnostik\/"]}]},{"@type":"ImageObject","inLanguage":"de","@id":"https:\/\/zentrum-tcm-kampfkunst.de\/praxis-fuer-tcm\/diagnostik\/#primaryimage","url":"https:\/\/zentrum-tcm-kampfkunst.de\/praxis-fuer-tcm\/wp-content\/uploads\/sites\/2\/2017\/05\/Bild_Befragung-Web.jpg","contentUrl":"https:\/\/zentrum-tcm-kampfkunst.de\/praxis-fuer-tcm\/wp-content\/uploads\/sites\/2\/2017\/05\/Bild_Befragung-Web.jpg","width":762,"height":819},{"@type":"BreadcrumbList","@id":"https:\/\/zentrum-tcm-kampfkunst.de\/praxis-fuer-tcm\/diagnostik\/#breadcrumb","itemListElement":[{"@type":"ListItem","position":1,"name":"Startseite","item":"https:\/\/zentrum-tcm-kampfkunst.de\/praxis-fuer-tcm\/"},{"@type":"ListItem","position":2,"name":"Diagnostik"}]},{"@type":"WebSite","@id":"https:\/\/zentrum-tcm-kampfkunst.de\/praxis-fuer-tcm\/#website","url":"https:\/\/zentrum-tcm-kampfkunst.de\/praxis-fuer-tcm\/","name":"Praxis f\u00fcr TCM in Staufen","description":"Zentrum f\u00fcr TCM &amp; Kampfkunst Guo-Shu","potentialAction":[{"@type":"SearchAction","target":{"@type":"EntryPoint","urlTemplate":"https:\/\/zentrum-tcm-kampfkunst.de\/praxis-fuer-tcm\/?s={search_term_string}"},"query-input":{"@type":"PropertyValueSpecification","valueRequired":true,"valueName":"search_term_string"}}],"inLanguage":"de"}]}},"_links":{"self":[{"href":"https:\/\/zentrum-tcm-kampfkunst.de\/praxis-fuer-tcm\/wp-json\/wp\/v2\/pages\/16","targetHints":{"allow":["GET"]}}],"collection":[{"href":"https:\/\/zentrum-tcm-kampfkunst.de\/praxis-fuer-tcm\/wp-json\/wp\/v2\/pages"}],"about":[{"href":"https:\/\/zentrum-tcm-kampfkunst.de\/praxis-fuer-tcm\/wp-json\/wp\/v2\/types\/page"}],"author":[{"embeddable":true,"href":"https:\/\/zentrum-tcm-kampfkunst.de\/praxis-fuer-tcm\/wp-json\/wp\/v2\/users\/1"}],"replies":[{"embeddable":true,"href":"https:\/\/zentrum-tcm-kampfkunst.de\/praxis-fuer-tcm\/wp-json\/wp\/v2\/comments?post=16"}],"version-history":[{"count":2,"href":"https:\/\/zentrum-tcm-kampfkunst.de\/praxis-fuer-tcm\/wp-json\/wp\/v2\/pages\/16\/revisions"}],"predecessor-version":[{"id":145,"href":"https:\/\/zentrum-tcm-kampfkunst.de\/praxis-fuer-tcm\/wp-json\/wp\/v2\/pages\/16\/revisions\/145"}],"wp:attachment":[{"href":"https:\/\/zentrum-tcm-kampfkunst.de\/praxis-fuer-tcm\/wp-json\/wp\/v2\/media?parent=16"}],"curies":[{"name":"wp","href":"https:\/\/api.w.org\/{rel}","templated":true}]}}