{"id":530,"date":"2017-07-13T12:47:10","date_gmt":"2017-07-13T10:47:10","guid":{"rendered":"https:\/\/zentrum-tcm-kampfkunst.de\/kampfkunstschule\/?page_id=530"},"modified":"2017-07-13T12:47:10","modified_gmt":"2017-07-13T10:47:10","slug":"die-fuenf-funktionen-der-kampfkunst","status":"publish","type":"page","link":"https:\/\/zentrum-tcm-kampfkunst.de\/kampfkunstschule\/die-fuenf-funktionen-der-kampfkunst\/","title":{"rendered":"Die f\u00fcnf Funktionen der Kampfkunst"},"content":{"rendered":"<p class=\"bodytext\">Die Funktionen der Kampfkunst\u00a0sind die Bereiche, in denen sich die Kunst als eine Entwicklungshilfe in der Bildung der Pers\u00f6nlichkeit und des Charakters als n\u00fctzlich erweist.\u00a0 Die Kampfk\u00fcnste dienen dar\u00fcber hinaus aber auch der Gesunderhaltung der K\u00f6rpers, der St\u00e4rkung der k\u00f6rperlichen Widerstandskr\u00e4fte und der Schulung des Geistes<\/p>\n<p class=\"bodytext\"><b>Moralische Kultivierung<br \/>\n<\/b>Alle traditionellen Schulen der Kampfkunst haben strenge Regeln im Bereich der Etikette und der Ethik. Sie alle sind an einer positiven Entwicklung des Charakters interessiert und bem\u00fchen sich um eine deutliche Demonstration von guter Moral, einem hohen Geist und Temperament.<\/p>\n<p class=\"bodytext\"><b>Angriff und Verteidigung<br \/>\n<\/b>Jeder Sch\u00fcler erlernt Angriffs- und Verteidigungstechniken des bewaffneten und unbewaffneten Kampfes.<br \/>\nDiese sollen nur f\u00fcr die Selbstverteidigung eingesetzt werden. Viele der Kampfkunst &#8211; Techniken finden heute im Polizei- oder Milit\u00e4rtraining Einsatz.<\/p>\n<p class=\"bodytext\"><b>Der heilende Effekt<\/b><br \/>\nDer heilende Effekt betrifft vor allem die inneren Stile und \u00dcbungen. Das Taijiquan, eine traditionelle Schule der Kampfkunst, und das Qi Gong haben einen positiven Einfluss auf die Rehabilitation und auf chronische Leiden, sowie auf das Denken, Entspannen und die Physiologie. Sie helfen bei der St\u00e4rkung des Immunsystems und der Koordinierung des menschlichen K\u00f6rpers.<\/p>\n<p class=\"bodytext\"><b>Gesundheit<br \/>\n<\/b>Die Basis\u00fcbungen und Formen der Kampfkunst kr\u00e4ftigen die Muskeln und B\u00e4nder des gesamten K\u00f6rpers. Sie halten die Gelenke intakt und machen den K\u00f6rper leistungsstark und widerstandsf\u00e4hig.<\/p>\n<p class=\"bodytext\"><b>Intelligenz<\/b><br \/>\nNeben der k\u00f6rperlichen Entwicklung kennt das Wu Shu auch \u00dcbungen, die sich auf die Entwicklung des Nervensystems konzentrieren und dadurch auch einen Einfluss auf die Entwicklung der Intelligenz haben.<\/p>\n","protected":false},"excerpt":{"rendered":"<p>Die Funktionen der Kampfkunst\u00a0sind die Bereiche, in denen sich die Kunst als eine Entwicklungshilfe in der Bildung der Pers\u00f6nlichkeit und des Charakters als n\u00fctzlich erweist.\u00a0 Die Kampfk\u00fcnste dienen dar\u00fcber hinaus [&hellip;]<\/p>\n","protected":false},"author":1,"featured_media":0,"parent":0,"menu_order":0,"comment_status":"closed","ping_status":"closed","template":"","meta":{"footnotes":""},"class_list":["post-530","page","type-page","status-publish","hentry"],"yoast_head":"<!-- This site is optimized with the Yoast SEO plugin v27.3 - https:\/\/yoast.com\/product\/yoast-seo-wordpress\/ -->\n<title>Die f\u00fcnf Funktionen der Kampfkunst - Kampfkunstschule Staufen\/ M\u00fcnstertal<\/title>\n<meta name=\"robots\" content=\"index, follow, max-snippet:-1, max-image-preview:large, max-video-preview:-1\" \/>\n<link rel=\"canonical\" href=\"https:\/\/zentrum-tcm-kampfkunst.de\/kampfkunstschule\/die-fuenf-funktionen-der-kampfkunst\/\" \/>\n<meta property=\"og:locale\" content=\"de_DE\" \/>\n<meta property=\"og:type\" content=\"article\" \/>\n<meta property=\"og:title\" content=\"Die f\u00fcnf Funktionen der Kampfkunst - Kampfkunstschule Staufen\/ M\u00fcnstertal\" \/>\n<meta property=\"og:description\" content=\"Die Funktionen der Kampfkunst\u00a0sind die Bereiche, in denen sich die Kunst als eine Entwicklungshilfe in der Bildung der Pers\u00f6nlichkeit und des Charakters als n\u00fctzlich erweist.\u00a0 Die Kampfk\u00fcnste dienen dar\u00fcber hinaus [&hellip;]\" \/>\n<meta property=\"og:url\" content=\"https:\/\/zentrum-tcm-kampfkunst.de\/kampfkunstschule\/die-fuenf-funktionen-der-kampfkunst\/\" \/>\n<meta property=\"og:site_name\" content=\"Kampfkunstschule Staufen\/ M\u00fcnstertal\" \/>\n<meta property=\"article:publisher\" content=\"https:\/\/www.facebook.com\/dirk.kastner.7\" \/>\n<meta name=\"twitter:card\" content=\"summary_large_image\" \/>\n<meta name=\"twitter:label1\" content=\"Gesch\u00e4tzte Lesezeit\" \/>\n\t<meta name=\"twitter:data1\" content=\"1\u00a0Minute\" \/>\n<script type=\"application\/ld+json\" class=\"yoast-schema-graph\">{\"@context\":\"https:\\\/\\\/schema.org\",\"@graph\":[{\"@type\":\"WebPage\",\"@id\":\"https:\\\/\\\/zentrum-tcm-kampfkunst.de\\\/kampfkunstschule\\\/die-fuenf-funktionen-der-kampfkunst\\\/\",\"url\":\"https:\\\/\\\/zentrum-tcm-kampfkunst.de\\\/kampfkunstschule\\\/die-fuenf-funktionen-der-kampfkunst\\\/\",\"name\":\"Die f\u00fcnf Funktionen der Kampfkunst - Kampfkunstschule Staufen\\\/ M\u00fcnstertal\",\"isPartOf\":{\"@id\":\"https:\\\/\\\/zentrum-tcm-kampfkunst.de\\\/kampfkunstschule\\\/#website\"},\"datePublished\":\"2017-07-13T10:47:10+00:00\",\"breadcrumb\":{\"@id\":\"https:\\\/\\\/zentrum-tcm-kampfkunst.de\\\/kampfkunstschule\\\/die-fuenf-funktionen-der-kampfkunst\\\/#breadcrumb\"},\"inLanguage\":\"de\",\"potentialAction\":[{\"@type\":\"ReadAction\",\"target\":[\"https:\\\/\\\/zentrum-tcm-kampfkunst.de\\\/kampfkunstschule\\\/die-fuenf-funktionen-der-kampfkunst\\\/\"]}]},{\"@type\":\"BreadcrumbList\",\"@id\":\"https:\\\/\\\/zentrum-tcm-kampfkunst.de\\\/kampfkunstschule\\\/die-fuenf-funktionen-der-kampfkunst\\\/#breadcrumb\",\"itemListElement\":[{\"@type\":\"ListItem\",\"position\":1,\"name\":\"Start\",\"item\":\"https:\\\/\\\/zentrum-tcm-kampfkunst.de\\\/kampfkunstschule\\\/\"},{\"@type\":\"ListItem\",\"position\":2,\"name\":\"Die f\u00fcnf Funktionen der Kampfkunst\"}]},{\"@type\":\"WebSite\",\"@id\":\"https:\\\/\\\/zentrum-tcm-kampfkunst.de\\\/kampfkunstschule\\\/#website\",\"url\":\"https:\\\/\\\/zentrum-tcm-kampfkunst.de\\\/kampfkunstschule\\\/\",\"name\":\"Kampfkunstschule Staufen\\\/ M\u00fcnstertal\",\"description\":\"Zentrum f\u00fcr TCM &amp; Kampfkunst Guo-Shu\",\"potentialAction\":[{\"@type\":\"SearchAction\",\"target\":{\"@type\":\"EntryPoint\",\"urlTemplate\":\"https:\\\/\\\/zentrum-tcm-kampfkunst.de\\\/kampfkunstschule\\\/?s={search_term_string}\"},\"query-input\":{\"@type\":\"PropertyValueSpecification\",\"valueRequired\":true,\"valueName\":\"search_term_string\"}}],\"inLanguage\":\"de\"}]}<\/script>\n<!-- \/ Yoast SEO plugin. -->","yoast_head_json":{"title":"Die f\u00fcnf Funktionen der Kampfkunst - Kampfkunstschule Staufen\/ M\u00fcnstertal","robots":{"index":"index","follow":"follow","max-snippet":"max-snippet:-1","max-image-preview":"max-image-preview:large","max-video-preview":"max-video-preview:-1"},"canonical":"https:\/\/zentrum-tcm-kampfkunst.de\/kampfkunstschule\/die-fuenf-funktionen-der-kampfkunst\/","og_locale":"de_DE","og_type":"article","og_title":"Die f\u00fcnf Funktionen der Kampfkunst - Kampfkunstschule Staufen\/ M\u00fcnstertal","og_description":"Die Funktionen der Kampfkunst\u00a0sind die Bereiche, in denen sich die Kunst als eine Entwicklungshilfe in der Bildung der Pers\u00f6nlichkeit und des Charakters als n\u00fctzlich erweist.\u00a0 Die Kampfk\u00fcnste dienen dar\u00fcber hinaus [&hellip;]","og_url":"https:\/\/zentrum-tcm-kampfkunst.de\/kampfkunstschule\/die-fuenf-funktionen-der-kampfkunst\/","og_site_name":"Kampfkunstschule Staufen\/ M\u00fcnstertal","article_publisher":"https:\/\/www.facebook.com\/dirk.kastner.7","twitter_card":"summary_large_image","twitter_misc":{"Gesch\u00e4tzte Lesezeit":"1\u00a0Minute"},"schema":{"@context":"https:\/\/schema.org","@graph":[{"@type":"WebPage","@id":"https:\/\/zentrum-tcm-kampfkunst.de\/kampfkunstschule\/die-fuenf-funktionen-der-kampfkunst\/","url":"https:\/\/zentrum-tcm-kampfkunst.de\/kampfkunstschule\/die-fuenf-funktionen-der-kampfkunst\/","name":"Die f\u00fcnf Funktionen der Kampfkunst - Kampfkunstschule Staufen\/ M\u00fcnstertal","isPartOf":{"@id":"https:\/\/zentrum-tcm-kampfkunst.de\/kampfkunstschule\/#website"},"datePublished":"2017-07-13T10:47:10+00:00","breadcrumb":{"@id":"https:\/\/zentrum-tcm-kampfkunst.de\/kampfkunstschule\/die-fuenf-funktionen-der-kampfkunst\/#breadcrumb"},"inLanguage":"de","potentialAction":[{"@type":"ReadAction","target":["https:\/\/zentrum-tcm-kampfkunst.de\/kampfkunstschule\/die-fuenf-funktionen-der-kampfkunst\/"]}]},{"@type":"BreadcrumbList","@id":"https:\/\/zentrum-tcm-kampfkunst.de\/kampfkunstschule\/die-fuenf-funktionen-der-kampfkunst\/#breadcrumb","itemListElement":[{"@type":"ListItem","position":1,"name":"Start","item":"https:\/\/zentrum-tcm-kampfkunst.de\/kampfkunstschule\/"},{"@type":"ListItem","position":2,"name":"Die f\u00fcnf Funktionen der Kampfkunst"}]},{"@type":"WebSite","@id":"https:\/\/zentrum-tcm-kampfkunst.de\/kampfkunstschule\/#website","url":"https:\/\/zentrum-tcm-kampfkunst.de\/kampfkunstschule\/","name":"Kampfkunstschule Staufen\/ M\u00fcnstertal","description":"Zentrum f\u00fcr TCM &amp; Kampfkunst Guo-Shu","potentialAction":[{"@type":"SearchAction","target":{"@type":"EntryPoint","urlTemplate":"https:\/\/zentrum-tcm-kampfkunst.de\/kampfkunstschule\/?s={search_term_string}"},"query-input":{"@type":"PropertyValueSpecification","valueRequired":true,"valueName":"search_term_string"}}],"inLanguage":"de"}]}},"_links":{"self":[{"href":"https:\/\/zentrum-tcm-kampfkunst.de\/kampfkunstschule\/wp-json\/wp\/v2\/pages\/530","targetHints":{"allow":["GET"]}}],"collection":[{"href":"https:\/\/zentrum-tcm-kampfkunst.de\/kampfkunstschule\/wp-json\/wp\/v2\/pages"}],"about":[{"href":"https:\/\/zentrum-tcm-kampfkunst.de\/kampfkunstschule\/wp-json\/wp\/v2\/types\/page"}],"author":[{"embeddable":true,"href":"https:\/\/zentrum-tcm-kampfkunst.de\/kampfkunstschule\/wp-json\/wp\/v2\/users\/1"}],"replies":[{"embeddable":true,"href":"https:\/\/zentrum-tcm-kampfkunst.de\/kampfkunstschule\/wp-json\/wp\/v2\/comments?post=530"}],"version-history":[{"count":1,"href":"https:\/\/zentrum-tcm-kampfkunst.de\/kampfkunstschule\/wp-json\/wp\/v2\/pages\/530\/revisions"}],"predecessor-version":[{"id":531,"href":"https:\/\/zentrum-tcm-kampfkunst.de\/kampfkunstschule\/wp-json\/wp\/v2\/pages\/530\/revisions\/531"}],"wp:attachment":[{"href":"https:\/\/zentrum-tcm-kampfkunst.de\/kampfkunstschule\/wp-json\/wp\/v2\/media?parent=530"}],"curies":[{"name":"wp","href":"https:\/\/api.w.org\/{rel}","templated":true}]}}