{"id":32,"date":"2017-05-12T15:28:40","date_gmt":"2017-05-12T15:28:40","guid":{"rendered":"https:\/\/zentrum-tcm-kampfkunst.de\/kampfkunstschule\/?page_id=32"},"modified":"2017-07-12T17:33:42","modified_gmt":"2017-07-12T15:33:42","slug":"kung-fu","status":"publish","type":"page","link":"https:\/\/zentrum-tcm-kampfkunst.de\/kampfkunstschule\/unser-system\/kung-fu\/","title":{"rendered":"Kung Fu"},"content":{"rendered":"<div class=\"csc-textpic csc-textpic-intext-right csc-textpic-caption-c\">\n<div class=\"csc-textpic-text\">\n<figure id=\"attachment_304\" aria-describedby=\"caption-attachment-304\" style=\"width: 100px\" class=\"wp-caption alignright\"><img loading=\"lazy\" decoding=\"async\" class=\"size-full wp-image-304\" src=\"https:\/\/zentrum-tcm-kampfkunst.de\/kampfkunstschule\/wp-content\/uploads\/sites\/3\/2017\/05\/guoshuhoch.jpg\" alt=\"Guo-Shu\" width=\"100\" height=\"183\" \/><figcaption id=\"caption-attachment-304\" class=\"wp-caption-text\">Guo-Shu<\/figcaption><\/figure>\n<p class=\"bodytext\">Dieses Kung Fu, dass sich haupts\u00e4chlich aus Elementen des Nord- bzw. S\u00fcdchaolin Kung Fu zusammensetzt, wurde von namhaften Meistern wie z.B. Don len &#8211; Gieh (Yang`s Tai Chi Chuan), Shun Yu- Fon (Lo Han Division), Lin Yaw &#8211; Kuai (Dragon Division) oder Lin Shi &#8211; Zon (Hung Gar Division) durch die Kombination ihrer effektivsten Techniken entwickelt. Dieser Stil, wie auch das Institut in Nan King, an dem er entstanden ist, erlangte damals gro\u00dfe Ber\u00fchmtheit.<\/p>\n<\/div>\n<\/div>\n<div class=\"csc-textpic csc-textpic-intext-left\">\n<div class=\"csc-textpic-text\">\n<p class=\"bodytext\"><img loading=\"lazy\" decoding=\"async\" class=\"size-medium wp-image-306 alignleft\" src=\"https:\/\/zentrum-tcm-kampfkunst.de\/kampfkunstschule\/wp-content\/uploads\/sites\/3\/2017\/05\/Sifu_Partner_Web-249x300.jpg\" alt=\"\" width=\"249\" height=\"300\" srcset=\"https:\/\/zentrum-tcm-kampfkunst.de\/kampfkunstschule\/wp-content\/uploads\/sites\/3\/2017\/05\/Sifu_Partner_Web-249x300.jpg 249w, https:\/\/zentrum-tcm-kampfkunst.de\/kampfkunstschule\/wp-content\/uploads\/sites\/3\/2017\/05\/Sifu_Partner_Web.jpg 300w\" sizes=\"auto, (max-width: 249px) 100vw, 249px\" \/>Trainiert werden neben speziellen Angriffs- und Verteidigungstechniken und dem freien Kampf verschiedene Formen und Bewegungsabl\u00e4ufe. In den sogenannten &#8222;Dao&#8217;s&#8220;, die oft einen Kampf gegen mehrere imagin\u00e4re Gegner darstellen, werden zusammenh\u00e4ngende Techniken in einem bestimmten Rhythmus, mit unterschiedlicher Geschwindigkeit, Atemtechnik und Krafteinsatz ausgef\u00fchrt. Jede Bewegung hat ihre festgelegte Bedeutung, derer sich der Ausf\u00fchrende bewusst sein muss. Nicht nur die Kondition, sondern auch Konzentration und Koordination werden dadurch wesentlich gef\u00f6rdert.<\/p>\n<p><b><span class=\"important\">Des weiteren werden Selbstverteidigungstechniken ge\u00fcbt, die zur Notwehr im Ernstfall sehr effektiv eingesetzt werden k\u00f6nnen.<\/span><br \/>\n<\/b><br \/>\nDieser Aspekt macht Kung Fu\u00a0f\u00fcr Frauen, die im Alltag k\u00f6rperlichen \u00dcbergriffen und Bedrohungen eher ausgesetzt sind, zus\u00e4tzlich interessant, da die K\u00f6rperkraft bei diesen Techniken keine entscheidende Rolle spielt. Durch gezieltes psychologisches Training wird die Angst vor einem gr\u00f6\u00dferen Gegner abgebaut.<\/p>\n<\/div>\n<\/div>\n","protected":false},"excerpt":{"rendered":"<p>Dieses Kung Fu, dass sich haupts\u00e4chlich aus Elementen des Nord- bzw. S\u00fcdchaolin Kung Fu zusammensetzt, wurde von namhaften Meistern wie z.B. Don len &#8211; Gieh (Yang`s Tai Chi Chuan), Shun [&hellip;]<\/p>\n","protected":false},"author":1,"featured_media":0,"parent":27,"menu_order":0,"comment_status":"closed","ping_status":"closed","template":"","meta":{"footnotes":""},"class_list":["post-32","page","type-page","status-publish","hentry"],"yoast_head":"<!-- This site is optimized with the Yoast SEO plugin v27.3 - https:\/\/yoast.com\/product\/yoast-seo-wordpress\/ -->\n<title>Kung Fu - Kampfkunstschule Staufen\/ M\u00fcnstertal<\/title>\n<meta name=\"robots\" content=\"index, follow, max-snippet:-1, max-image-preview:large, max-video-preview:-1\" \/>\n<link rel=\"canonical\" href=\"https:\/\/zentrum-tcm-kampfkunst.de\/kampfkunstschule\/unser-system\/kung-fu\/\" \/>\n<meta property=\"og:locale\" content=\"de_DE\" \/>\n<meta property=\"og:type\" content=\"article\" \/>\n<meta property=\"og:title\" content=\"Kung Fu - Kampfkunstschule Staufen\/ M\u00fcnstertal\" \/>\n<meta property=\"og:description\" content=\"Dieses Kung Fu, dass sich haupts\u00e4chlich aus Elementen des Nord- bzw. S\u00fcdchaolin Kung Fu zusammensetzt, wurde von namhaften Meistern wie z.B. Don len &#8211; Gieh (Yang`s Tai Chi Chuan), Shun [&hellip;]\" \/>\n<meta property=\"og:url\" content=\"https:\/\/zentrum-tcm-kampfkunst.de\/kampfkunstschule\/unser-system\/kung-fu\/\" \/>\n<meta property=\"og:site_name\" content=\"Kampfkunstschule Staufen\/ M\u00fcnstertal\" \/>\n<meta property=\"article:publisher\" content=\"https:\/\/www.facebook.com\/dirk.kastner.7\" \/>\n<meta property=\"article:modified_time\" content=\"2017-07-12T15:33:42+00:00\" \/>\n<meta property=\"og:image\" content=\"https:\/\/zentrum-tcm-kampfkunst.de\/kampfkunstschule\/wp-content\/uploads\/sites\/3\/2017\/05\/guoshuhoch.jpg\" \/>\n<meta name=\"twitter:card\" content=\"summary_large_image\" \/>\n<meta name=\"twitter:label1\" content=\"Gesch\u00e4tzte Lesezeit\" \/>\n\t<meta name=\"twitter:data1\" content=\"1\u00a0Minute\" \/>\n<script type=\"application\/ld+json\" class=\"yoast-schema-graph\">{\"@context\":\"https:\\\/\\\/schema.org\",\"@graph\":[{\"@type\":\"WebPage\",\"@id\":\"https:\\\/\\\/zentrum-tcm-kampfkunst.de\\\/kampfkunstschule\\\/unser-system\\\/kung-fu\\\/\",\"url\":\"https:\\\/\\\/zentrum-tcm-kampfkunst.de\\\/kampfkunstschule\\\/unser-system\\\/kung-fu\\\/\",\"name\":\"Kung Fu - Kampfkunstschule Staufen\\\/ M\u00fcnstertal\",\"isPartOf\":{\"@id\":\"https:\\\/\\\/zentrum-tcm-kampfkunst.de\\\/kampfkunstschule\\\/#website\"},\"primaryImageOfPage\":{\"@id\":\"https:\\\/\\\/zentrum-tcm-kampfkunst.de\\\/kampfkunstschule\\\/unser-system\\\/kung-fu\\\/#primaryimage\"},\"image\":{\"@id\":\"https:\\\/\\\/zentrum-tcm-kampfkunst.de\\\/kampfkunstschule\\\/unser-system\\\/kung-fu\\\/#primaryimage\"},\"thumbnailUrl\":\"https:\\\/\\\/zentrum-tcm-kampfkunst.de\\\/kampfkunstschule\\\/wp-content\\\/uploads\\\/sites\\\/3\\\/2017\\\/05\\\/guoshuhoch.jpg\",\"datePublished\":\"2017-05-12T15:28:40+00:00\",\"dateModified\":\"2017-07-12T15:33:42+00:00\",\"breadcrumb\":{\"@id\":\"https:\\\/\\\/zentrum-tcm-kampfkunst.de\\\/kampfkunstschule\\\/unser-system\\\/kung-fu\\\/#breadcrumb\"},\"inLanguage\":\"de\",\"potentialAction\":[{\"@type\":\"ReadAction\",\"target\":[\"https:\\\/\\\/zentrum-tcm-kampfkunst.de\\\/kampfkunstschule\\\/unser-system\\\/kung-fu\\\/\"]}]},{\"@type\":\"ImageObject\",\"inLanguage\":\"de\",\"@id\":\"https:\\\/\\\/zentrum-tcm-kampfkunst.de\\\/kampfkunstschule\\\/unser-system\\\/kung-fu\\\/#primaryimage\",\"url\":\"https:\\\/\\\/zentrum-tcm-kampfkunst.de\\\/kampfkunstschule\\\/wp-content\\\/uploads\\\/sites\\\/3\\\/2017\\\/05\\\/guoshuhoch.jpg\",\"contentUrl\":\"https:\\\/\\\/zentrum-tcm-kampfkunst.de\\\/kampfkunstschule\\\/wp-content\\\/uploads\\\/sites\\\/3\\\/2017\\\/05\\\/guoshuhoch.jpg\",\"width\":100,\"height\":183,\"caption\":\"Guo-Shu\"},{\"@type\":\"BreadcrumbList\",\"@id\":\"https:\\\/\\\/zentrum-tcm-kampfkunst.de\\\/kampfkunstschule\\\/unser-system\\\/kung-fu\\\/#breadcrumb\",\"itemListElement\":[{\"@type\":\"ListItem\",\"position\":1,\"name\":\"Start\",\"item\":\"https:\\\/\\\/zentrum-tcm-kampfkunst.de\\\/kampfkunstschule\\\/\"},{\"@type\":\"ListItem\",\"position\":2,\"name\":\"Unser System\",\"item\":\"https:\\\/\\\/zentrum-tcm-kampfkunst.de\\\/kampfkunstschule\\\/unser-system\\\/\"},{\"@type\":\"ListItem\",\"position\":3,\"name\":\"Kung Fu\"}]},{\"@type\":\"WebSite\",\"@id\":\"https:\\\/\\\/zentrum-tcm-kampfkunst.de\\\/kampfkunstschule\\\/#website\",\"url\":\"https:\\\/\\\/zentrum-tcm-kampfkunst.de\\\/kampfkunstschule\\\/\",\"name\":\"Kampfkunstschule Staufen\\\/ M\u00fcnstertal\",\"description\":\"Zentrum f\u00fcr TCM &amp; Kampfkunst Guo-Shu\",\"potentialAction\":[{\"@type\":\"SearchAction\",\"target\":{\"@type\":\"EntryPoint\",\"urlTemplate\":\"https:\\\/\\\/zentrum-tcm-kampfkunst.de\\\/kampfkunstschule\\\/?s={search_term_string}\"},\"query-input\":{\"@type\":\"PropertyValueSpecification\",\"valueRequired\":true,\"valueName\":\"search_term_string\"}}],\"inLanguage\":\"de\"}]}<\/script>\n<!-- \/ Yoast SEO plugin. -->","yoast_head_json":{"title":"Kung Fu - Kampfkunstschule Staufen\/ M\u00fcnstertal","robots":{"index":"index","follow":"follow","max-snippet":"max-snippet:-1","max-image-preview":"max-image-preview:large","max-video-preview":"max-video-preview:-1"},"canonical":"https:\/\/zentrum-tcm-kampfkunst.de\/kampfkunstschule\/unser-system\/kung-fu\/","og_locale":"de_DE","og_type":"article","og_title":"Kung Fu - Kampfkunstschule Staufen\/ M\u00fcnstertal","og_description":"Dieses Kung Fu, dass sich haupts\u00e4chlich aus Elementen des Nord- bzw. S\u00fcdchaolin Kung Fu zusammensetzt, wurde von namhaften Meistern wie z.B. Don len &#8211; Gieh (Yang`s Tai Chi Chuan), Shun [&hellip;]","og_url":"https:\/\/zentrum-tcm-kampfkunst.de\/kampfkunstschule\/unser-system\/kung-fu\/","og_site_name":"Kampfkunstschule Staufen\/ M\u00fcnstertal","article_publisher":"https:\/\/www.facebook.com\/dirk.kastner.7","article_modified_time":"2017-07-12T15:33:42+00:00","og_image":[{"url":"https:\/\/zentrum-tcm-kampfkunst.de\/kampfkunstschule\/wp-content\/uploads\/sites\/3\/2017\/05\/guoshuhoch.jpg","type":"","width":"","height":""}],"twitter_card":"summary_large_image","twitter_misc":{"Gesch\u00e4tzte Lesezeit":"1\u00a0Minute"},"schema":{"@context":"https:\/\/schema.org","@graph":[{"@type":"WebPage","@id":"https:\/\/zentrum-tcm-kampfkunst.de\/kampfkunstschule\/unser-system\/kung-fu\/","url":"https:\/\/zentrum-tcm-kampfkunst.de\/kampfkunstschule\/unser-system\/kung-fu\/","name":"Kung Fu - Kampfkunstschule Staufen\/ M\u00fcnstertal","isPartOf":{"@id":"https:\/\/zentrum-tcm-kampfkunst.de\/kampfkunstschule\/#website"},"primaryImageOfPage":{"@id":"https:\/\/zentrum-tcm-kampfkunst.de\/kampfkunstschule\/unser-system\/kung-fu\/#primaryimage"},"image":{"@id":"https:\/\/zentrum-tcm-kampfkunst.de\/kampfkunstschule\/unser-system\/kung-fu\/#primaryimage"},"thumbnailUrl":"https:\/\/zentrum-tcm-kampfkunst.de\/kampfkunstschule\/wp-content\/uploads\/sites\/3\/2017\/05\/guoshuhoch.jpg","datePublished":"2017-05-12T15:28:40+00:00","dateModified":"2017-07-12T15:33:42+00:00","breadcrumb":{"@id":"https:\/\/zentrum-tcm-kampfkunst.de\/kampfkunstschule\/unser-system\/kung-fu\/#breadcrumb"},"inLanguage":"de","potentialAction":[{"@type":"ReadAction","target":["https:\/\/zentrum-tcm-kampfkunst.de\/kampfkunstschule\/unser-system\/kung-fu\/"]}]},{"@type":"ImageObject","inLanguage":"de","@id":"https:\/\/zentrum-tcm-kampfkunst.de\/kampfkunstschule\/unser-system\/kung-fu\/#primaryimage","url":"https:\/\/zentrum-tcm-kampfkunst.de\/kampfkunstschule\/wp-content\/uploads\/sites\/3\/2017\/05\/guoshuhoch.jpg","contentUrl":"https:\/\/zentrum-tcm-kampfkunst.de\/kampfkunstschule\/wp-content\/uploads\/sites\/3\/2017\/05\/guoshuhoch.jpg","width":100,"height":183,"caption":"Guo-Shu"},{"@type":"BreadcrumbList","@id":"https:\/\/zentrum-tcm-kampfkunst.de\/kampfkunstschule\/unser-system\/kung-fu\/#breadcrumb","itemListElement":[{"@type":"ListItem","position":1,"name":"Start","item":"https:\/\/zentrum-tcm-kampfkunst.de\/kampfkunstschule\/"},{"@type":"ListItem","position":2,"name":"Unser System","item":"https:\/\/zentrum-tcm-kampfkunst.de\/kampfkunstschule\/unser-system\/"},{"@type":"ListItem","position":3,"name":"Kung Fu"}]},{"@type":"WebSite","@id":"https:\/\/zentrum-tcm-kampfkunst.de\/kampfkunstschule\/#website","url":"https:\/\/zentrum-tcm-kampfkunst.de\/kampfkunstschule\/","name":"Kampfkunstschule Staufen\/ M\u00fcnstertal","description":"Zentrum f\u00fcr TCM &amp; Kampfkunst Guo-Shu","potentialAction":[{"@type":"SearchAction","target":{"@type":"EntryPoint","urlTemplate":"https:\/\/zentrum-tcm-kampfkunst.de\/kampfkunstschule\/?s={search_term_string}"},"query-input":{"@type":"PropertyValueSpecification","valueRequired":true,"valueName":"search_term_string"}}],"inLanguage":"de"}]}},"_links":{"self":[{"href":"https:\/\/zentrum-tcm-kampfkunst.de\/kampfkunstschule\/wp-json\/wp\/v2\/pages\/32","targetHints":{"allow":["GET"]}}],"collection":[{"href":"https:\/\/zentrum-tcm-kampfkunst.de\/kampfkunstschule\/wp-json\/wp\/v2\/pages"}],"about":[{"href":"https:\/\/zentrum-tcm-kampfkunst.de\/kampfkunstschule\/wp-json\/wp\/v2\/types\/page"}],"author":[{"embeddable":true,"href":"https:\/\/zentrum-tcm-kampfkunst.de\/kampfkunstschule\/wp-json\/wp\/v2\/users\/1"}],"replies":[{"embeddable":true,"href":"https:\/\/zentrum-tcm-kampfkunst.de\/kampfkunstschule\/wp-json\/wp\/v2\/comments?post=32"}],"version-history":[{"count":3,"href":"https:\/\/zentrum-tcm-kampfkunst.de\/kampfkunstschule\/wp-json\/wp\/v2\/pages\/32\/revisions"}],"predecessor-version":[{"id":358,"href":"https:\/\/zentrum-tcm-kampfkunst.de\/kampfkunstschule\/wp-json\/wp\/v2\/pages\/32\/revisions\/358"}],"up":[{"embeddable":true,"href":"https:\/\/zentrum-tcm-kampfkunst.de\/kampfkunstschule\/wp-json\/wp\/v2\/pages\/27"}],"wp:attachment":[{"href":"https:\/\/zentrum-tcm-kampfkunst.de\/kampfkunstschule\/wp-json\/wp\/v2\/media?parent=32"}],"curies":[{"name":"wp","href":"https:\/\/api.w.org\/{rel}","templated":true}]}}