{"id":21,"date":"2017-05-12T15:21:56","date_gmt":"2017-05-12T15:21:56","guid":{"rendered":"https:\/\/zentrum-tcm-kampfkunst.de\/kampfkunstschule\/?page_id=21"},"modified":"2019-03-06T09:11:01","modified_gmt":"2019-03-06T08:11:01","slug":"loewentanz","status":"publish","type":"page","link":"https:\/\/zentrum-tcm-kampfkunst.de\/kampfkunstschule\/unser-system\/loewentanz\/","title":{"rendered":"L\u00f6wentanz"},"content":{"rendered":"<h2 class=\"csc-firstHeader\">Der \u00dcberbringer des Gl\u00fccks, der Freude, Harmonie und des Wohlstandes &#8230;<\/h2>\n<div class=\"csc-textpic csc-textpic-intext-right\">\n<div class=\"csc-textpic-text\">\n<p class=\"bodytext\">Der L\u00f6wentanz ist ein kulturelles Erbe Chinas und wird seit mehreren tausend Jahren praktiziert. Dieses kulturelle Erbe wurde in traditionellen Kampfkunstschulen bewahrt und weiterentwickelt.<\/p>\n<p class=\"bodytext\">Es existieren zahlreiche Mythen \u00fcber die Entstehung des L\u00f6wentanzes. Er soll b\u00f6se Geister vertreiben, Gl\u00fcck, Frieden, Wohlstand und Erfolg bringen sowie den Ehrenpersonen und Organisatoren zu viel Gl\u00fcck und Reichtum verhelfen.<br \/>\nBei jedem chinesischen Neujahr und bei fast allen Festlichkeiten der Chinesen ert\u00f6nen laute Trommelschl\u00e4ge begleitet von schallenden Instrumenten. Diesen T\u00f6nen folgt ein vierbeiniges buntes Wesen\u00a0&#8211; der L\u00f6we. Der chinesische L\u00f6we ist ein Fabelwesen mit der F\u00e4higkeit, das B\u00f6se zu vertreiben.<\/p>\n<p class=\"bodytext\">Der L\u00f6we besteht aus zwei Personen: eine stellt den Kopf und die andere das Hinterteil dar. Gemeinsam werden spezielle Grundschritte des traditionellen Kung Fu\u00b4s kombiniert, die dem L\u00f6wen das harmonische Aussehen geben.<\/p>\n<\/div>\n<\/div>\n<div class=\"csc-textpic csc-textpic-intext-left csc-textpic-border\">\n<div class=\"csc-textpic-text\">\n<div>\n<p class=\"bodytext\"><a href=\"https:\/\/zentrum-tcm-kampfkunst.de\/kampfkunstschule\/wp-content\/uploads\/sites\/3\/2017\/05\/MHF_201216.jpg\" target=\"_blank\" rel=\"noopener\"><img loading=\"lazy\" decoding=\"async\" class=\"wp-image-362 size-medium alignleft\" src=\"https:\/\/zentrum-tcm-kampfkunst.de\/kampfkunstschule\/wp-content\/uploads\/sites\/3\/2017\/05\/MHF_201216-300x223.jpg\" alt=\"\" width=\"300\" height=\"223\" srcset=\"https:\/\/zentrum-tcm-kampfkunst.de\/kampfkunstschule\/wp-content\/uploads\/sites\/3\/2017\/05\/MHF_201216-300x223.jpg 300w, https:\/\/zentrum-tcm-kampfkunst.de\/kampfkunstschule\/wp-content\/uploads\/sites\/3\/2017\/05\/MHF_201216-768x570.jpg 768w, https:\/\/zentrum-tcm-kampfkunst.de\/kampfkunstschule\/wp-content\/uploads\/sites\/3\/2017\/05\/MHF_201216.jpg 1000w\" sizes=\"auto, (max-width: 300px) 100vw, 300px\" \/><\/a>Unser L\u00f6wentanzteam hatte die besondere Ehre, die 5. Munich Hall of Fame mit einem traditionellen L\u00f6wentanz zu er\u00f6ffnen. Dieser Auftritt wurde mit einem tobenden Beifall aller Anwesenden bedacht. Dies stellt f\u00fcr das Team eine besondere Auszeichnung dar, da durch die Hall of Fame (\u00fcbersetzt &#8222;Ruhmes Halle der Kampfk\u00fcnste&#8220;) europaweit unter tausenden von Kampfk\u00fcnstlern und mehr als hunderten von Schulen die h\u00f6chsten Ehrungen im Kampfsport vergeben werden.<\/p>\n<\/div>\n<div>\n<p class=\"bodytext\">Solch eine Ehrung und die damit verbundene Aufnahme in die Munich Hall of Fame ist vergleichbar mit einer Lebenswerkauszeichnung, wie beim Film der \u201cOskar\u201d oder \u201cEmmy\u201d oder im Sport der \u201cGlory\u201d oder \u201cLaureus\u201d.<\/p>\n<h1><\/h1>\n<h1 class=\"csc-firstHeader\">Buchen Sie Ihren Gl\u00fccksboten<\/h1>\n<p class=\"bodytext\">und ziehen Sie Ihre G\u00e4ste, Kunden und Freunde bei Er\u00f6ffnungsfeiern, Hochzeiten, Geburtstagen, Marketing und \u00f6ffentlichen Veranstaltungen in den Bann\u00a0asiatischen Flairs und Kultur. Verleihen Sie Ihrem n\u00e4chsten Event eine unvergessliche Note. \u00a0Nehmen Sie mit uns <a class=\"internal-link\" href=\"..\/..\/kontakt\">Kontakt<\/a> auf wir beraten Sie gern pers\u00f6nlich und erstellen Ihnen ein individuelles Angebot.<\/p>\n\n\t\t<!-- MasterSlider -->\n\t\t<div id=\"P_MS69de2a2fd07cd\" class=\"master-slider-parent msl ms-parent-id-3\" style=\"max-width:800px;\">\n\n\t\t\t\n\t\t\t<!-- MasterSlider Main -->\n\t\t\t<div id=\"MS69de2a2fd07cd\" class=\"master-slider ms-skin-default\" >\n\t\t\t\t \t\t\t\t \n\t\t\t\t<div  class=\"ms-slide\" data-delay=\"3\" data-fill-mode=\"fill\"  >\n\t\t\t\t\t<img decoding=\"async\" src=\"https:\/\/zentrum-tcm-kampfkunst.de\/kampfkunstschule\/wp-content\/plugins\/master-slider\/public\/assets\/css\/blank.gif\" alt=\"\" title=\"\" data-src=\"https:\/\/zentrum-tcm-kampfkunst.de\/kampfkunstschule\/wp-content\/uploads\/sites\/3\/2017\/07\/Bild-189.jpg\" \/>\n\n\n\t<img decoding=\"async\" class=\"ms-thumb\" src=\"https:\/\/zentrum-tcm-kampfkunst.de\/kampfkunstschule\/wp-content\/uploads\/sites\/3\/2017\/07\/Bild-189-140x80.jpg\" alt=\"\" \/>\n\t<div class=\"ms-thumb\" ><div class=\"ms-tab-context\"><div class=\"&quot;ms-tab-context&quot;\"><\/div><\/div>\n<\/div>\n\t\t\t\t<\/div>\n\t\t\t\t<div  class=\"ms-slide\" data-delay=\"3\" data-fill-mode=\"fill\"  >\n\t\t\t\t\t<img decoding=\"async\" src=\"https:\/\/zentrum-tcm-kampfkunst.de\/kampfkunstschule\/wp-content\/plugins\/master-slider\/public\/assets\/css\/blank.gif\" alt=\"\" title=\"\" data-src=\"https:\/\/zentrum-tcm-kampfkunst.de\/kampfkunstschule\/wp-content\/uploads\/sites\/3\/2017\/07\/MG_2226.jpg\" \/>\n\n\n\t<img decoding=\"async\" class=\"ms-thumb\" src=\"https:\/\/zentrum-tcm-kampfkunst.de\/kampfkunstschule\/wp-content\/uploads\/sites\/3\/2017\/07\/MG_2226-140x80.jpg\" alt=\"\" \/>\n\t<div class=\"ms-thumb\" ><div class=\"ms-tab-context\"><div class=\"&quot;ms-tab-context&quot;\"><\/div><\/div>\n<\/div>\n\t\t\t\t<\/div>\n\t\t\t\t<div  class=\"ms-slide\" data-delay=\"3\" data-fill-mode=\"fill\"  >\n\t\t\t\t\t<img decoding=\"async\" src=\"https:\/\/zentrum-tcm-kampfkunst.de\/kampfkunstschule\/wp-content\/plugins\/master-slider\/public\/assets\/css\/blank.gif\" alt=\"\" title=\"\" data-src=\"https:\/\/zentrum-tcm-kampfkunst.de\/kampfkunstschule\/wp-content\/uploads\/sites\/3\/2017\/07\/MG_2218.jpg\" \/>\n\n\n\t<img decoding=\"async\" class=\"ms-thumb\" src=\"https:\/\/zentrum-tcm-kampfkunst.de\/kampfkunstschule\/wp-content\/uploads\/sites\/3\/2017\/07\/MG_2218-140x80.jpg\" alt=\"\" \/>\n\t<div class=\"ms-thumb\" ><div class=\"ms-tab-context\"><div class=\"&quot;ms-tab-context&quot;\"><\/div><\/div>\n<\/div>\n\t\t\t\t<\/div>\n\t\t\t\t<div  class=\"ms-slide\" data-delay=\"3\" data-fill-mode=\"fill\"  >\n\t\t\t\t\t<img decoding=\"async\" src=\"https:\/\/zentrum-tcm-kampfkunst.de\/kampfkunstschule\/wp-content\/plugins\/master-slider\/public\/assets\/css\/blank.gif\" alt=\"\" title=\"\" data-src=\"https:\/\/zentrum-tcm-kampfkunst.de\/kampfkunstschule\/wp-content\/uploads\/sites\/3\/2017\/07\/MG_2217.jpg\" \/>\n\n\n\t<img decoding=\"async\" class=\"ms-thumb\" src=\"https:\/\/zentrum-tcm-kampfkunst.de\/kampfkunstschule\/wp-content\/uploads\/sites\/3\/2017\/07\/MG_2217-140x80.jpg\" alt=\"\" \/>\n\t<div class=\"ms-thumb\" ><div class=\"ms-tab-context\"><div class=\"&quot;ms-tab-context&quot;\"><\/div><\/div>\n<\/div>\n\t\t\t\t<\/div>\n\t\t\t\t<div  class=\"ms-slide\" data-delay=\"3\" data-fill-mode=\"fill\"  >\n\t\t\t\t\t<img decoding=\"async\" src=\"https:\/\/zentrum-tcm-kampfkunst.de\/kampfkunstschule\/wp-content\/plugins\/master-slider\/public\/assets\/css\/blank.gif\" alt=\"\" title=\"\" data-src=\"https:\/\/zentrum-tcm-kampfkunst.de\/kampfkunstschule\/wp-content\/uploads\/sites\/3\/2017\/07\/MG_2214.jpg\" \/>\n\n\n\t<img decoding=\"async\" class=\"ms-thumb\" src=\"https:\/\/zentrum-tcm-kampfkunst.de\/kampfkunstschule\/wp-content\/uploads\/sites\/3\/2017\/07\/MG_2214-140x80.jpg\" alt=\"\" \/>\n\t<div class=\"ms-thumb\" ><div class=\"ms-tab-context\"><div class=\"&quot;ms-tab-context&quot;\"><\/div><\/div>\n<\/div>\n\t\t\t\t<\/div>\n\t\t\t\t<div  class=\"ms-slide\" data-delay=\"3\" data-fill-mode=\"fill\"  >\n\t\t\t\t\t<img decoding=\"async\" src=\"https:\/\/zentrum-tcm-kampfkunst.de\/kampfkunstschule\/wp-content\/plugins\/master-slider\/public\/assets\/css\/blank.gif\" alt=\"\" title=\"\" data-src=\"https:\/\/zentrum-tcm-kampfkunst.de\/kampfkunstschule\/wp-content\/uploads\/sites\/3\/2017\/07\/MG_2204.jpg\" \/>\n\n\n\t<img decoding=\"async\" class=\"ms-thumb\" src=\"https:\/\/zentrum-tcm-kampfkunst.de\/kampfkunstschule\/wp-content\/uploads\/sites\/3\/2017\/07\/MG_2204-140x80.jpg\" alt=\"\" \/>\n\t<div class=\"ms-thumb\" ><div class=\"ms-tab-context\"><div class=\"&quot;ms-tab-context&quot;\"><\/div><\/div>\n<\/div>\n\t\t\t\t<\/div>\n\t\t\t\t<div  class=\"ms-slide\" data-delay=\"3\" data-fill-mode=\"fill\"  >\n\t\t\t\t\t<img decoding=\"async\" src=\"https:\/\/zentrum-tcm-kampfkunst.de\/kampfkunstschule\/wp-content\/plugins\/master-slider\/public\/assets\/css\/blank.gif\" alt=\"\" title=\"\" data-src=\"https:\/\/zentrum-tcm-kampfkunst.de\/kampfkunstschule\/wp-content\/uploads\/sites\/3\/2017\/07\/MG_2203.jpg\" \/>\n\n\n\t<img decoding=\"async\" class=\"ms-thumb\" src=\"https:\/\/zentrum-tcm-kampfkunst.de\/kampfkunstschule\/wp-content\/uploads\/sites\/3\/2017\/07\/MG_2203-140x80.jpg\" alt=\"\" \/>\n\t<div class=\"ms-thumb\" ><div class=\"ms-tab-context\"><div class=\"&quot;ms-tab-context&quot;\"><\/div><\/div>\n<\/div>\n\t\t\t\t<\/div>\n\t\t\t\t<div  class=\"ms-slide\" data-delay=\"3\" data-fill-mode=\"fill\"  >\n\t\t\t\t\t<img decoding=\"async\" src=\"https:\/\/zentrum-tcm-kampfkunst.de\/kampfkunstschule\/wp-content\/plugins\/master-slider\/public\/assets\/css\/blank.gif\" alt=\"\" title=\"\" data-src=\"https:\/\/zentrum-tcm-kampfkunst.de\/kampfkunstschule\/wp-content\/uploads\/sites\/3\/2017\/07\/MG_2196.jpg\" \/>\n\n\n\t<img decoding=\"async\" class=\"ms-thumb\" src=\"https:\/\/zentrum-tcm-kampfkunst.de\/kampfkunstschule\/wp-content\/uploads\/sites\/3\/2017\/07\/MG_2196-140x80.jpg\" alt=\"\" \/>\n\t<div class=\"ms-thumb\" ><div class=\"ms-tab-context\"><div class=\"&quot;ms-tab-context&quot;\"><\/div><\/div>\n<\/div>\n\t\t\t\t<\/div>\n\t\t\t\t<div  class=\"ms-slide\" data-delay=\"3\" data-fill-mode=\"fill\"  >\n\t\t\t\t\t<img decoding=\"async\" src=\"https:\/\/zentrum-tcm-kampfkunst.de\/kampfkunstschule\/wp-content\/plugins\/master-slider\/public\/assets\/css\/blank.gif\" alt=\"\" title=\"\" data-src=\"https:\/\/zentrum-tcm-kampfkunst.de\/kampfkunstschule\/wp-content\/uploads\/sites\/3\/2017\/07\/MG_2195.jpg\" \/>\n\n\n\t<img decoding=\"async\" class=\"ms-thumb\" src=\"https:\/\/zentrum-tcm-kampfkunst.de\/kampfkunstschule\/wp-content\/uploads\/sites\/3\/2017\/07\/MG_2195-140x80.jpg\" alt=\"\" \/>\n\t<div class=\"ms-thumb\" ><div class=\"ms-tab-context\"><div class=\"&quot;ms-tab-context&quot;\"><\/div><\/div>\n<\/div>\n\t\t\t\t<\/div>\n\t\t\t\t<div  class=\"ms-slide\" data-delay=\"3\" data-fill-mode=\"fill\"  >\n\t\t\t\t\t<img decoding=\"async\" src=\"https:\/\/zentrum-tcm-kampfkunst.de\/kampfkunstschule\/wp-content\/plugins\/master-slider\/public\/assets\/css\/blank.gif\" alt=\"\" title=\"\" data-src=\"https:\/\/zentrum-tcm-kampfkunst.de\/kampfkunstschule\/wp-content\/uploads\/sites\/3\/2017\/07\/MG_2187.jpg\" \/>\n\n\n\t<img decoding=\"async\" class=\"ms-thumb\" src=\"https:\/\/zentrum-tcm-kampfkunst.de\/kampfkunstschule\/wp-content\/uploads\/sites\/3\/2017\/07\/MG_2187-140x80.jpg\" alt=\"\" \/>\n\t<div class=\"ms-thumb\" ><div class=\"ms-tab-context\"><div class=\"&quot;ms-tab-context&quot;\"><\/div><\/div>\n<\/div>\n\t\t\t\t<\/div>\n\t\t\t\t<div  class=\"ms-slide\" data-delay=\"3\" data-fill-mode=\"fill\"  >\n\t\t\t\t\t<img decoding=\"async\" src=\"https:\/\/zentrum-tcm-kampfkunst.de\/kampfkunstschule\/wp-content\/plugins\/master-slider\/public\/assets\/css\/blank.gif\" alt=\"\" title=\"\" data-src=\"https:\/\/zentrum-tcm-kampfkunst.de\/kampfkunstschule\/wp-content\/uploads\/sites\/3\/2017\/07\/MG_2186-2.jpg\" \/>\n\n\n\t<img decoding=\"async\" class=\"ms-thumb\" src=\"https:\/\/zentrum-tcm-kampfkunst.de\/kampfkunstschule\/wp-content\/uploads\/sites\/3\/2017\/07\/MG_2186-2-140x80.jpg\" alt=\"\" \/>\n\t<div class=\"ms-thumb\" ><div class=\"ms-tab-context\"><div class=\"&quot;ms-tab-context&quot;\"><\/div><\/div>\n<\/div>\n\t\t\t\t<\/div>\n\t\t\t\t<div  class=\"ms-slide\" data-delay=\"3\" data-fill-mode=\"fill\"  >\n\t\t\t\t\t<img decoding=\"async\" src=\"https:\/\/zentrum-tcm-kampfkunst.de\/kampfkunstschule\/wp-content\/plugins\/master-slider\/public\/assets\/css\/blank.gif\" alt=\"\" title=\"\" data-src=\"https:\/\/zentrum-tcm-kampfkunst.de\/kampfkunstschule\/wp-content\/uploads\/sites\/3\/2017\/07\/MG_2180.jpg\" \/>\n\n\n\t<img decoding=\"async\" class=\"ms-thumb\" src=\"https:\/\/zentrum-tcm-kampfkunst.de\/kampfkunstschule\/wp-content\/uploads\/sites\/3\/2017\/07\/MG_2180-140x80.jpg\" alt=\"\" \/>\n\t<div class=\"ms-thumb\" ><div class=\"ms-tab-context\"><div class=\"&quot;ms-tab-context&quot;\"><\/div><\/div>\n<\/div>\n\t\t\t\t<\/div>\n\n\t\t\t<\/div>\n\t\t\t<!-- END MasterSlider Main -->\n\n\t\t\t \n\t\t<\/div>\n\t\t<!-- END MasterSlider -->\n\n\t\t<script>\n\t\t(function ( $ ) {\n\t\t\t\"use strict\";\n\n\t\t\t$(function () {\n\t\t\t\tvar masterslider_07cd = new MasterSlider();\n\n\t\t\t\t\/\/ slider controls\n\t\t\t\tmasterslider_07cd.control('arrows'     ,{ autohide:false, overVideo:true  });\t\t\t\tmasterslider_07cd.control('bullets'    ,{ autohide:false, overVideo:true, dir:'h', align:'bottom' , margin:10  });\n\n\t\t\t\tmasterslider_07cd.control('thumblist'  ,{ autohide:false, overVideo:true, dir:'h', speed:17, inset:false, arrows:false, hover:false, customClass:'', align:'bottom',type:'thumbs', margin:5, width:140, height:80, space:5, fillMode:'fill'  });\n\t\t\t\t\/\/ slider setup\n\t\t\t\tmasterslider_07cd.setup(\"MS69de2a2fd07cd\", {\n\t\t\t\t\t\twidth           : 800,\n\t\t\t\t\t\theight          : 480,\n\t\t\t\t\t\tminHeight       : 0,\n\t\t\t\t\t\tspace           : 0,\n\t\t\t\t\t\tstart           : 1,\n\t\t\t\t\t\tgrabCursor      : true,\n\t\t\t\t\t\tswipe           : true,\n\t\t\t\t\t\tmouse           : true,\n\t\t\t\t\t\tlayout          : \"boxed\",\n\t\t\t\t\t\twheel           : false,\n\t\t\t\t\t\tautoplay        : false,\n\t\t\t\t\t\tinstantStartLayers:false,\n\t\t\t\t\t\tloop            : false,\n\t\t\t\t\t\tshuffle         : false,\n\t\t\t\t\t\tpreload         : 0,\n\t\t\t\t\t\theightLimit     : true,\n\t\t\t\t\t\tautoHeight      : false,\n\t\t\t\t\t\tsmoothHeight    : true,\n\t\t\t\t\t\tendPause        : true,\n\t\t\t\t\t\toverPause       : true,\n\t\t\t\t\t\tfillMode        : \"fill\",\n\t\t\t\t\t\tcenterControls  : true,\n\t\t\t\t\t\tstartOnAppear   : false,\n\t\t\t\t\t\tlayersMode      : \"center\",\n\t\t\t\t\t\thideLayers      : false,\n\t\t\t\t\t\tfullscreenMargin: 0,\n\t\t\t\t\t\tspeed           : 10,\n\t\t\t\t\t\tdir             : \"h\",\n\t\t\t\t\t\tparallaxMode    : 'swipe',\n\t\t\t\t\t\tview            : \"fade\"\n\t\t\t\t});\n\n\t\t\t\t\n\t\t\t\twindow.masterslider_instances = window.masterslider_instances || [];\n\t\t\t\twindow.masterslider_instances.push( masterslider_07cd );\n\t\t\t });\n\n\t\t})(jQuery);\n\t\t<\/script>\n\n\n<\/div>\n<\/div>\n<\/div>\n","protected":false},"excerpt":{"rendered":"<p>Der \u00dcberbringer des Gl\u00fccks, der Freude, Harmonie und des Wohlstandes &#8230; Der L\u00f6wentanz ist ein kulturelles Erbe Chinas und wird seit mehreren tausend Jahren praktiziert. Dieses kulturelle Erbe wurde in [&hellip;]<\/p>\n","protected":false},"author":1,"featured_media":0,"parent":27,"menu_order":0,"comment_status":"closed","ping_status":"closed","template":"","meta":{"footnotes":""},"class_list":["post-21","page","type-page","status-publish","hentry"],"yoast_head":"<!-- This site is optimized with the Yoast SEO plugin v27.3 - https:\/\/yoast.com\/product\/yoast-seo-wordpress\/ -->\n<title>L\u00f6wentanz - Kampfkunstschule Staufen\/ M\u00fcnstertal<\/title>\n<meta name=\"robots\" content=\"index, follow, max-snippet:-1, max-image-preview:large, max-video-preview:-1\" \/>\n<link rel=\"canonical\" href=\"https:\/\/zentrum-tcm-kampfkunst.de\/kampfkunstschule\/unser-system\/loewentanz\/\" \/>\n<meta property=\"og:locale\" content=\"de_DE\" \/>\n<meta property=\"og:type\" content=\"article\" \/>\n<meta property=\"og:title\" content=\"L\u00f6wentanz - Kampfkunstschule Staufen\/ M\u00fcnstertal\" \/>\n<meta property=\"og:description\" content=\"Der \u00dcberbringer des Gl\u00fccks, der Freude, Harmonie und des Wohlstandes &#8230; Der L\u00f6wentanz ist ein kulturelles Erbe Chinas und wird seit mehreren tausend Jahren praktiziert. Dieses kulturelle Erbe wurde in [&hellip;]\" \/>\n<meta property=\"og:url\" content=\"https:\/\/zentrum-tcm-kampfkunst.de\/kampfkunstschule\/unser-system\/loewentanz\/\" \/>\n<meta property=\"og:site_name\" content=\"Kampfkunstschule Staufen\/ M\u00fcnstertal\" \/>\n<meta property=\"article:publisher\" content=\"https:\/\/www.facebook.com\/dirk.kastner.7\" \/>\n<meta property=\"article:modified_time\" content=\"2019-03-06T08:11:01+00:00\" \/>\n<meta property=\"og:image\" content=\"https:\/\/zentrum-tcm-kampfkunst.de\/kampfkunstschule\/wp-content\/uploads\/sites\/3\/2017\/05\/MHF_201216-300x223.jpg\" \/>\n<meta name=\"twitter:card\" content=\"summary_large_image\" \/>\n<meta name=\"twitter:label1\" content=\"Gesch\u00e4tzte Lesezeit\" \/>\n\t<meta name=\"twitter:data1\" content=\"2\u00a0Minuten\" \/>\n<script type=\"application\/ld+json\" class=\"yoast-schema-graph\">{\"@context\":\"https:\\\/\\\/schema.org\",\"@graph\":[{\"@type\":\"WebPage\",\"@id\":\"https:\\\/\\\/zentrum-tcm-kampfkunst.de\\\/kampfkunstschule\\\/unser-system\\\/loewentanz\\\/\",\"url\":\"https:\\\/\\\/zentrum-tcm-kampfkunst.de\\\/kampfkunstschule\\\/unser-system\\\/loewentanz\\\/\",\"name\":\"L\u00f6wentanz - Kampfkunstschule Staufen\\\/ M\u00fcnstertal\",\"isPartOf\":{\"@id\":\"https:\\\/\\\/zentrum-tcm-kampfkunst.de\\\/kampfkunstschule\\\/#website\"},\"primaryImageOfPage\":{\"@id\":\"https:\\\/\\\/zentrum-tcm-kampfkunst.de\\\/kampfkunstschule\\\/unser-system\\\/loewentanz\\\/#primaryimage\"},\"image\":{\"@id\":\"https:\\\/\\\/zentrum-tcm-kampfkunst.de\\\/kampfkunstschule\\\/unser-system\\\/loewentanz\\\/#primaryimage\"},\"thumbnailUrl\":\"https:\\\/\\\/zentrum-tcm-kampfkunst.de\\\/kampfkunstschule\\\/wp-content\\\/uploads\\\/sites\\\/3\\\/2017\\\/05\\\/MHF_201216-300x223.jpg\",\"datePublished\":\"2017-05-12T15:21:56+00:00\",\"dateModified\":\"2019-03-06T08:11:01+00:00\",\"breadcrumb\":{\"@id\":\"https:\\\/\\\/zentrum-tcm-kampfkunst.de\\\/kampfkunstschule\\\/unser-system\\\/loewentanz\\\/#breadcrumb\"},\"inLanguage\":\"de\",\"potentialAction\":[{\"@type\":\"ReadAction\",\"target\":[\"https:\\\/\\\/zentrum-tcm-kampfkunst.de\\\/kampfkunstschule\\\/unser-system\\\/loewentanz\\\/\"]}]},{\"@type\":\"ImageObject\",\"inLanguage\":\"de\",\"@id\":\"https:\\\/\\\/zentrum-tcm-kampfkunst.de\\\/kampfkunstschule\\\/unser-system\\\/loewentanz\\\/#primaryimage\",\"url\":\"https:\\\/\\\/zentrum-tcm-kampfkunst.de\\\/kampfkunstschule\\\/wp-content\\\/uploads\\\/sites\\\/3\\\/2017\\\/05\\\/MHF_201216.jpg\",\"contentUrl\":\"https:\\\/\\\/zentrum-tcm-kampfkunst.de\\\/kampfkunstschule\\\/wp-content\\\/uploads\\\/sites\\\/3\\\/2017\\\/05\\\/MHF_201216.jpg\",\"width\":1000,\"height\":742},{\"@type\":\"BreadcrumbList\",\"@id\":\"https:\\\/\\\/zentrum-tcm-kampfkunst.de\\\/kampfkunstschule\\\/unser-system\\\/loewentanz\\\/#breadcrumb\",\"itemListElement\":[{\"@type\":\"ListItem\",\"position\":1,\"name\":\"Start\",\"item\":\"https:\\\/\\\/zentrum-tcm-kampfkunst.de\\\/kampfkunstschule\\\/\"},{\"@type\":\"ListItem\",\"position\":2,\"name\":\"Unser System\",\"item\":\"https:\\\/\\\/zentrum-tcm-kampfkunst.de\\\/kampfkunstschule\\\/unser-system\\\/\"},{\"@type\":\"ListItem\",\"position\":3,\"name\":\"L\u00f6wentanz\"}]},{\"@type\":\"WebSite\",\"@id\":\"https:\\\/\\\/zentrum-tcm-kampfkunst.de\\\/kampfkunstschule\\\/#website\",\"url\":\"https:\\\/\\\/zentrum-tcm-kampfkunst.de\\\/kampfkunstschule\\\/\",\"name\":\"Kampfkunstschule Staufen\\\/ M\u00fcnstertal\",\"description\":\"Zentrum f\u00fcr TCM &amp; Kampfkunst Guo-Shu\",\"potentialAction\":[{\"@type\":\"SearchAction\",\"target\":{\"@type\":\"EntryPoint\",\"urlTemplate\":\"https:\\\/\\\/zentrum-tcm-kampfkunst.de\\\/kampfkunstschule\\\/?s={search_term_string}\"},\"query-input\":{\"@type\":\"PropertyValueSpecification\",\"valueRequired\":true,\"valueName\":\"search_term_string\"}}],\"inLanguage\":\"de\"}]}<\/script>\n<!-- \/ Yoast SEO plugin. -->","yoast_head_json":{"title":"L\u00f6wentanz - Kampfkunstschule Staufen\/ M\u00fcnstertal","robots":{"index":"index","follow":"follow","max-snippet":"max-snippet:-1","max-image-preview":"max-image-preview:large","max-video-preview":"max-video-preview:-1"},"canonical":"https:\/\/zentrum-tcm-kampfkunst.de\/kampfkunstschule\/unser-system\/loewentanz\/","og_locale":"de_DE","og_type":"article","og_title":"L\u00f6wentanz - Kampfkunstschule Staufen\/ M\u00fcnstertal","og_description":"Der \u00dcberbringer des Gl\u00fccks, der Freude, Harmonie und des Wohlstandes &#8230; Der L\u00f6wentanz ist ein kulturelles Erbe Chinas und wird seit mehreren tausend Jahren praktiziert. Dieses kulturelle Erbe wurde in [&hellip;]","og_url":"https:\/\/zentrum-tcm-kampfkunst.de\/kampfkunstschule\/unser-system\/loewentanz\/","og_site_name":"Kampfkunstschule Staufen\/ M\u00fcnstertal","article_publisher":"https:\/\/www.facebook.com\/dirk.kastner.7","article_modified_time":"2019-03-06T08:11:01+00:00","og_image":[{"url":"https:\/\/zentrum-tcm-kampfkunst.de\/kampfkunstschule\/wp-content\/uploads\/sites\/3\/2017\/05\/MHF_201216-300x223.jpg","type":"","width":"","height":""}],"twitter_card":"summary_large_image","twitter_misc":{"Gesch\u00e4tzte Lesezeit":"2\u00a0Minuten"},"schema":{"@context":"https:\/\/schema.org","@graph":[{"@type":"WebPage","@id":"https:\/\/zentrum-tcm-kampfkunst.de\/kampfkunstschule\/unser-system\/loewentanz\/","url":"https:\/\/zentrum-tcm-kampfkunst.de\/kampfkunstschule\/unser-system\/loewentanz\/","name":"L\u00f6wentanz - Kampfkunstschule Staufen\/ M\u00fcnstertal","isPartOf":{"@id":"https:\/\/zentrum-tcm-kampfkunst.de\/kampfkunstschule\/#website"},"primaryImageOfPage":{"@id":"https:\/\/zentrum-tcm-kampfkunst.de\/kampfkunstschule\/unser-system\/loewentanz\/#primaryimage"},"image":{"@id":"https:\/\/zentrum-tcm-kampfkunst.de\/kampfkunstschule\/unser-system\/loewentanz\/#primaryimage"},"thumbnailUrl":"https:\/\/zentrum-tcm-kampfkunst.de\/kampfkunstschule\/wp-content\/uploads\/sites\/3\/2017\/05\/MHF_201216-300x223.jpg","datePublished":"2017-05-12T15:21:56+00:00","dateModified":"2019-03-06T08:11:01+00:00","breadcrumb":{"@id":"https:\/\/zentrum-tcm-kampfkunst.de\/kampfkunstschule\/unser-system\/loewentanz\/#breadcrumb"},"inLanguage":"de","potentialAction":[{"@type":"ReadAction","target":["https:\/\/zentrum-tcm-kampfkunst.de\/kampfkunstschule\/unser-system\/loewentanz\/"]}]},{"@type":"ImageObject","inLanguage":"de","@id":"https:\/\/zentrum-tcm-kampfkunst.de\/kampfkunstschule\/unser-system\/loewentanz\/#primaryimage","url":"https:\/\/zentrum-tcm-kampfkunst.de\/kampfkunstschule\/wp-content\/uploads\/sites\/3\/2017\/05\/MHF_201216.jpg","contentUrl":"https:\/\/zentrum-tcm-kampfkunst.de\/kampfkunstschule\/wp-content\/uploads\/sites\/3\/2017\/05\/MHF_201216.jpg","width":1000,"height":742},{"@type":"BreadcrumbList","@id":"https:\/\/zentrum-tcm-kampfkunst.de\/kampfkunstschule\/unser-system\/loewentanz\/#breadcrumb","itemListElement":[{"@type":"ListItem","position":1,"name":"Start","item":"https:\/\/zentrum-tcm-kampfkunst.de\/kampfkunstschule\/"},{"@type":"ListItem","position":2,"name":"Unser System","item":"https:\/\/zentrum-tcm-kampfkunst.de\/kampfkunstschule\/unser-system\/"},{"@type":"ListItem","position":3,"name":"L\u00f6wentanz"}]},{"@type":"WebSite","@id":"https:\/\/zentrum-tcm-kampfkunst.de\/kampfkunstschule\/#website","url":"https:\/\/zentrum-tcm-kampfkunst.de\/kampfkunstschule\/","name":"Kampfkunstschule Staufen\/ M\u00fcnstertal","description":"Zentrum f\u00fcr TCM &amp; Kampfkunst Guo-Shu","potentialAction":[{"@type":"SearchAction","target":{"@type":"EntryPoint","urlTemplate":"https:\/\/zentrum-tcm-kampfkunst.de\/kampfkunstschule\/?s={search_term_string}"},"query-input":{"@type":"PropertyValueSpecification","valueRequired":true,"valueName":"search_term_string"}}],"inLanguage":"de"}]}},"_links":{"self":[{"href":"https:\/\/zentrum-tcm-kampfkunst.de\/kampfkunstschule\/wp-json\/wp\/v2\/pages\/21","targetHints":{"allow":["GET"]}}],"collection":[{"href":"https:\/\/zentrum-tcm-kampfkunst.de\/kampfkunstschule\/wp-json\/wp\/v2\/pages"}],"about":[{"href":"https:\/\/zentrum-tcm-kampfkunst.de\/kampfkunstschule\/wp-json\/wp\/v2\/types\/page"}],"author":[{"embeddable":true,"href":"https:\/\/zentrum-tcm-kampfkunst.de\/kampfkunstschule\/wp-json\/wp\/v2\/users\/1"}],"replies":[{"embeddable":true,"href":"https:\/\/zentrum-tcm-kampfkunst.de\/kampfkunstschule\/wp-json\/wp\/v2\/comments?post=21"}],"version-history":[{"count":6,"href":"https:\/\/zentrum-tcm-kampfkunst.de\/kampfkunstschule\/wp-json\/wp\/v2\/pages\/21\/revisions"}],"predecessor-version":[{"id":779,"href":"https:\/\/zentrum-tcm-kampfkunst.de\/kampfkunstschule\/wp-json\/wp\/v2\/pages\/21\/revisions\/779"}],"up":[{"embeddable":true,"href":"https:\/\/zentrum-tcm-kampfkunst.de\/kampfkunstschule\/wp-json\/wp\/v2\/pages\/27"}],"wp:attachment":[{"href":"https:\/\/zentrum-tcm-kampfkunst.de\/kampfkunstschule\/wp-json\/wp\/v2\/media?parent=21"}],"curies":[{"name":"wp","href":"https:\/\/api.w.org\/{rel}","templated":true}]}}