{"id":180,"date":"2017-05-24T14:47:55","date_gmt":"2017-05-24T14:47:55","guid":{"rendered":"https:\/\/zentrum-tcm-kampfkunst.de\/kampfkunstschule\/?page_id=180"},"modified":"2026-01-05T22:13:26","modified_gmt":"2026-01-05T21:13:26","slug":"uebungsleiter","status":"publish","type":"page","link":"https:\/\/zentrum-tcm-kampfkunst.de\/kampfkunstschule\/uebungsleiter\/","title":{"rendered":"\u00dcbungsleiter"},"content":{"rendered":"\n<p>Hier stellen sich die \u00dcbungsleiter und TOAN (Dan) &#8211; Tr\u00e4ger&nbsp;vor, die mit gro\u00dfem Engagement das Training in der Kampfkunstschule unterst\u00fctzen.<\/p>\n\n\n\n<div class=\"wp-block-media-text alignwide is-stacked-on-mobile is-vertically-aligned-center\" style=\"grid-template-columns:30% auto\"><figure class=\"wp-block-media-text__media\"><img loading=\"lazy\" decoding=\"async\" width=\"200\" height=\"300\" src=\"https:\/\/zentrum-tcm-kampfkunst.de\/kampfkunstschule\/wp-content\/uploads\/sites\/3\/2018\/10\/hj-200x300.jpg\" alt=\"\" class=\"wp-image-750 size-medium\" \/><\/figure><div class=\"wp-block-media-text__content\">\n<h3 class=\"wp-block-heading has-text-align-center has-vivid-red-color has-text-color\">Assistent der Schulleitung<\/h3>\n\n\n\n<h3 class=\"wp-block-heading has-text-align-center has-text-color\" style=\"color:#000000\"><strong><strong><strong><strong><strong><strong>Hansj\u00f6rg Grether<\/strong>, geb. <\/strong><\/strong><\/strong><\/strong>1957<\/strong><\/h3>\n\n\n\n<p class=\"has-text-align-center\"><strong><strong><strong><strong>3 .TOAN (DAN)<\/strong> Kung Fu<br><\/strong><\/strong><\/strong>trainiert seit 2004<\/p>\n\n\n\n<p><\/p>\n\n\n\n<p><\/p>\n\n\n<\/div><\/div>\n\n\n\n<p><\/p>\n\n\n\n<div class=\"wp-block-media-text alignwide is-stacked-on-mobile is-vertically-aligned-center\" style=\"grid-template-columns:30% auto\"><figure class=\"wp-block-media-text__media\"><img loading=\"lazy\" decoding=\"async\" width=\"200\" height=\"300\" src=\"https:\/\/zentrum-tcm-kampfkunst.de\/kampfkunstschule\/wp-content\/uploads\/sites\/3\/2018\/10\/petra-200x300.jpg\" alt=\"\" class=\"wp-image-747 size-medium\" \/><\/figure><div class=\"wp-block-media-text__content\">\n<h3 class=\"wp-block-heading has-text-align-center has-vivid-red-color has-text-color\">Stellv. Assistentin der Schulleitung und Assistentin Bogenschiessen<\/h3>\n\n\n\n<h3 class=\"wp-block-heading has-text-align-center has-text-color\" style=\"color:#000000\"><strong><strong><strong><strong><strong>Petra Riesterer<\/strong>, geb. 1984<\/strong><\/strong><\/strong><\/strong><\/h3>\n\n\n\n<p class=\"has-text-align-center\"><strong><strong>2. TOAN (DAN)<\/strong>&nbsp;Kung Fu<\/strong><br>trainiert seit 2009<\/p>\n\n\n\n<p><\/p>\n<\/div><\/div>\n\n\n\n<p><\/p>\n\n\n\n<div class=\"wp-block-media-text alignwide is-stacked-on-mobile is-vertically-aligned-center\" style=\"grid-template-columns:30% auto\"><figure class=\"wp-block-media-text__media\"><img loading=\"lazy\" decoding=\"async\" width=\"249\" height=\"300\" src=\"https:\/\/zentrum-tcm-kampfkunst.de\/kampfkunstschule\/wp-content\/uploads\/sites\/3\/2018\/10\/1E4EF406-D280-4F87-915C-81E523DFF481-249x300.jpeg\" alt=\"\" class=\"wp-image-733 size-medium\" srcset=\"https:\/\/zentrum-tcm-kampfkunst.de\/kampfkunstschule\/wp-content\/uploads\/sites\/3\/2018\/10\/1E4EF406-D280-4F87-915C-81E523DFF481-249x300.jpeg 249w, https:\/\/zentrum-tcm-kampfkunst.de\/kampfkunstschule\/wp-content\/uploads\/sites\/3\/2018\/10\/1E4EF406-D280-4F87-915C-81E523DFF481.jpeg 662w\" sizes=\"auto, (max-width: 249px) 100vw, 249px\" \/><\/figure><div class=\"wp-block-media-text__content\">\n<h3 class=\"wp-block-heading has-text-align-center has-vivid-red-color has-text-color\">\u00dcbungsleiter Programm \u00dc50<\/h3>\n\n\n\n<h3 class=\"wp-block-heading has-text-align-center has-text-color\" style=\"color:#000000\"><strong><strong><strong><strong>Andreas Wons<\/strong>, geb. 1962<\/strong><\/strong><\/strong><\/h3>\n\n\n\n<p class=\"has-text-align-center\"><strong><strong>2. TOAN (DAN)<\/strong>&nbsp;Kung Fu<\/strong><br>trainiert seit 2004 mit Unterbrechungen<\/p>\n\n\n<\/div><\/div>\n\n\n\n<p><\/p>\n\n\n\n<div class=\"wp-block-media-text alignwide is-stacked-on-mobile is-vertically-aligned-center\" style=\"grid-template-columns:30% auto\"><figure class=\"wp-block-media-text__media\"><img loading=\"lazy\" decoding=\"async\" width=\"768\" height=\"1024\" src=\"https:\/\/zentrum-tcm-kampfkunst.de\/kampfkunstschule\/wp-content\/uploads\/sites\/3\/2026\/01\/IMG_1576-768x1024.jpeg\" alt=\"\" class=\"wp-image-1208 size-medium\" srcset=\"https:\/\/zentrum-tcm-kampfkunst.de\/kampfkunstschule\/wp-content\/uploads\/sites\/3\/2026\/01\/IMG_1576-768x1024.jpeg 768w, https:\/\/zentrum-tcm-kampfkunst.de\/kampfkunstschule\/wp-content\/uploads\/sites\/3\/2026\/01\/IMG_1576-225x300.jpeg 225w, https:\/\/zentrum-tcm-kampfkunst.de\/kampfkunstschule\/wp-content\/uploads\/sites\/3\/2026\/01\/IMG_1576.jpeg 960w\" sizes=\"auto, (max-width: 768px) 100vw, 768px\" \/><\/figure><div class=\"wp-block-media-text__content\">\n<h3 class=\"wp-block-heading has-text-align-center has-vivid-red-color has-text-color\">\u00dcbungsleiter Kung Fu Kinder \/ Kickboxen<\/h3>\n\n\n\n<h3 class=\"wp-block-heading has-text-align-center has-text-color\" style=\"color:#000000\"><strong><strong><strong><strong>Lars Rieber, geb. 2005<\/strong><\/strong><\/strong><\/strong><\/h3>\n\n\n\n<p class=\"has-text-align-center\"><strong><strong>1. TOAN (DAN)<\/strong>&nbsp;Kung Fu<\/strong><br>trainiert seit 2015<\/p>\n\n\n<\/div><\/div>\n\n\n\n<p><\/p>\n\n\n\n<div class=\"wp-block-media-text alignwide is-stacked-on-mobile is-vertically-aligned-center\" style=\"grid-template-columns:30% auto\"><figure class=\"wp-block-media-text__media\"><img loading=\"lazy\" decoding=\"async\" width=\"768\" height=\"1024\" src=\"https:\/\/zentrum-tcm-kampfkunst.de\/kampfkunstschule\/wp-content\/uploads\/sites\/3\/2026\/01\/IMG_1577-768x1024.jpeg\" alt=\"\" class=\"wp-image-1209 size-medium\" srcset=\"https:\/\/zentrum-tcm-kampfkunst.de\/kampfkunstschule\/wp-content\/uploads\/sites\/3\/2026\/01\/IMG_1577-768x1024.jpeg 768w, https:\/\/zentrum-tcm-kampfkunst.de\/kampfkunstschule\/wp-content\/uploads\/sites\/3\/2026\/01\/IMG_1577-225x300.jpeg 225w, https:\/\/zentrum-tcm-kampfkunst.de\/kampfkunstschule\/wp-content\/uploads\/sites\/3\/2026\/01\/IMG_1577.jpeg 960w\" sizes=\"auto, (max-width: 768px) 100vw, 768px\" \/><\/figure><div class=\"wp-block-media-text__content\">\n<h3 class=\"wp-block-heading has-text-align-center has-vivid-red-color has-text-color\"><\/h3>\n\n\n\n<h3 class=\"wp-block-heading has-text-align-center has-text-color\" style=\"color:#000000\"><strong>Phil Robin Wagner, geb. 2008<\/strong><\/h3>\n\n\n\n<p class=\"has-text-align-center\"><strong><strong>1. TOAN (DAN)<\/strong>&nbsp;Kung Fu<\/strong><br>trainiert seit 2019<\/p>\n\n\n<\/div><\/div>\n\n\n\n<p><\/p>\n\n\n\n<div class=\"wp-block-media-text alignwide is-stacked-on-mobile is-vertically-aligned-center\" style=\"grid-template-columns:30% auto\"><figure class=\"wp-block-media-text__media\"><img loading=\"lazy\" decoding=\"async\" width=\"200\" height=\"300\" src=\"https:\/\/zentrum-tcm-kampfkunst.de\/kampfkunstschule\/wp-content\/uploads\/sites\/3\/2018\/10\/max-200x300.jpg\" alt=\"\" class=\"wp-image-749 size-medium\" \/><\/figure><div class=\"wp-block-media-text__content\">\n<h3 class=\"wp-block-heading has-text-align-center has-text-color\" style=\"color:#000000\"><strong><strong><strong><strong><strong><strong>Max Seltmann<\/strong>, geb. 1995<\/strong><\/strong><\/strong><\/strong><\/strong><\/h3>\n\n\n\n<p class=\"has-text-align-center\"><strong><strong><strong><strong>3 .TOAN (DAN)<\/strong> Kung Fu<br><\/strong><\/strong><\/strong>trainiert seit 2008<\/p>\n\n\n\n<p><\/p>\n\n\n<\/div><\/div>\n\n\n\n<p><\/p>\n\n\n\n<div class=\"wp-block-media-text alignwide is-stacked-on-mobile is-vertically-aligned-center\" style=\"grid-template-columns:30% auto\"><figure class=\"wp-block-media-text__media\"><img loading=\"lazy\" decoding=\"async\" width=\"200\" height=\"300\" src=\"https:\/\/zentrum-tcm-kampfkunst.de\/kampfkunstschule\/wp-content\/uploads\/sites\/3\/2018\/10\/pat-200x300.jpg\" alt=\"\" class=\"wp-image-748 size-medium\" \/><\/figure><div class=\"wp-block-media-text__content\">\n<h3 class=\"wp-block-heading has-text-align-center has-text-color\" style=\"color:#000000\"><strong><strong><strong><strong><strong><strong>Patrick Kaiser<\/strong>, geb. <\/strong><\/strong><\/strong><\/strong>1994<\/strong><\/h3>\n\n\n\n<p class=\"has-text-align-center\"><strong><strong><strong><strong>2.TOAN (DAN)<\/strong> Kung Fu<br><\/strong><\/strong><\/strong>trainiert seit 2008<\/p>\n\n\n\n<p><\/p>\n\n\n<\/div><\/div>\n\n\n\n<p><\/p>\n\n\n\n<div class=\"wp-block-media-text alignwide is-stacked-on-mobile is-vertically-aligned-center\" style=\"grid-template-columns:30% auto\"><figure class=\"wp-block-media-text__media\"><img loading=\"lazy\" decoding=\"async\" width=\"120\" height=\"136\" src=\"https:\/\/zentrum-tcm-kampfkunst.de\/kampfkunstschule\/wp-content\/uploads\/sites\/3\/2017\/05\/d5b9fa42f0.jpg\" alt=\"\" class=\"wp-image-539 size-full\" \/><\/figure><div class=\"wp-block-media-text__content\">\n<h3 class=\"wp-block-heading has-text-align-center has-text-color\" style=\"color:#000000\"><strong><strong><strong>Sihing Philipp Wisser<\/strong>, geb. 1986<\/strong><\/strong><\/h3>\n\n\n\n<p class=\"has-text-align-center\"><strong>1.TOAN (DAN)<\/strong> Kung Fu<br>trainiert seit 1996<\/p>\n<\/div><\/div>\n\n\n\n<p><\/p>\n\n\n\n<div class=\"wp-block-media-text alignwide is-stacked-on-mobile is-vertically-aligned-center\" style=\"grid-template-columns:30% auto\"><figure class=\"wp-block-media-text__media\"><img loading=\"lazy\" decoding=\"async\" width=\"119\" height=\"163\" src=\"https:\/\/zentrum-tcm-kampfkunst.de\/kampfkunstschule\/wp-content\/uploads\/sites\/3\/2017\/05\/Stephan_Wienberg_06.png\" alt=\"\" class=\"wp-image-538 size-full\" \/><\/figure><div class=\"wp-block-media-text__content\">\n<h3 class=\"wp-block-heading has-text-align-center has-text-color\" style=\"color:#000000\"><strong><strong>Stefan Wienberg<\/strong>, geb. 1964<\/strong><\/h3>\n\n\n\n<p class=\"has-text-align-center has-extra-small-font-size\"><strong><strong>2.TOAN (DAN)<\/strong> Kung Fu<br>\u2020 2017<\/strong><\/p>\n\n\n\n<p><\/p>\n<\/div><\/div>\n\n\n\n<p><\/p>\n\n\n\n<div class=\"wp-block-media-text alignwide is-stacked-on-mobile\" style=\"grid-template-columns:30% auto\"><figure class=\"wp-block-media-text__media\"><img loading=\"lazy\" decoding=\"async\" width=\"120\" height=\"180\" src=\"https:\/\/zentrum-tcm-kampfkunst.de\/kampfkunstschule\/wp-content\/uploads\/sites\/3\/2017\/05\/233f83525b.jpg\" alt=\"\" class=\"wp-image-537 size-full\" \/><\/figure><div class=\"wp-block-media-text__content\">\n<h3 class=\"wp-block-heading has-text-align-center\"><strong>Fabijan&nbsp;Pasujkovic, geb. 1983<\/strong><\/h3>\n\n\n\n<p style=\"text-align: center\"><strong>1. TOAN (DAN)<\/strong>\u00a0Kickboxen\/Sanda<br \/>trainiert seit 2004<\/p>\n<\/div><\/div>\n","protected":false},"excerpt":{"rendered":"<p>Hier stellen sich die \u00dcbungsleiter und TOAN (Dan) &#8211; Tr\u00e4ger&nbsp;vor, die mit gro\u00dfem Engagement das Training in der Kampfkunstschule unterst\u00fctzen. Stellv. Assistentin der Schulleitung und Assistentin Bogenschiessen Petra Riesterer, geb. [&hellip;]<\/p>\n","protected":false},"author":1,"featured_media":0,"parent":0,"menu_order":0,"comment_status":"closed","ping_status":"closed","template":"","meta":{"footnotes":""},"class_list":["post-180","page","type-page","status-publish","hentry"],"yoast_head":"<!-- This site is optimized with the Yoast SEO plugin v27.3 - https:\/\/yoast.com\/product\/yoast-seo-wordpress\/ -->\n<title>\u00dcbungsleiter - Kampfkunstschule Staufen\/ M\u00fcnstertal<\/title>\n<meta name=\"robots\" content=\"index, follow, max-snippet:-1, max-image-preview:large, max-video-preview:-1\" \/>\n<link rel=\"canonical\" href=\"https:\/\/zentrum-tcm-kampfkunst.de\/kampfkunstschule\/uebungsleiter\/\" \/>\n<meta property=\"og:locale\" content=\"de_DE\" \/>\n<meta property=\"og:type\" content=\"article\" \/>\n<meta property=\"og:title\" content=\"\u00dcbungsleiter - Kampfkunstschule Staufen\/ M\u00fcnstertal\" \/>\n<meta property=\"og:description\" content=\"Hier stellen sich die \u00dcbungsleiter und TOAN (Dan) &#8211; Tr\u00e4ger&nbsp;vor, die mit gro\u00dfem Engagement das Training in der Kampfkunstschule unterst\u00fctzen. Stellv. Assistentin der Schulleitung und Assistentin Bogenschiessen Petra Riesterer, geb. [&hellip;]\" \/>\n<meta property=\"og:url\" content=\"https:\/\/zentrum-tcm-kampfkunst.de\/kampfkunstschule\/uebungsleiter\/\" \/>\n<meta property=\"og:site_name\" content=\"Kampfkunstschule Staufen\/ M\u00fcnstertal\" \/>\n<meta property=\"article:publisher\" content=\"https:\/\/www.facebook.com\/dirk.kastner.7\" \/>\n<meta property=\"article:modified_time\" content=\"2026-01-05T21:13:26+00:00\" \/>\n<meta property=\"og:image\" content=\"https:\/\/zentrum-tcm-kampfkunst.de\/kampfkunstschule\/wp-content\/uploads\/sites\/3\/2018\/10\/hj-e1539494983801.jpg\" \/>\n\t<meta property=\"og:image:width\" content=\"120\" \/>\n\t<meta property=\"og:image:height\" content=\"180\" \/>\n\t<meta property=\"og:image:type\" content=\"image\/jpeg\" \/>\n<meta name=\"twitter:card\" content=\"summary_large_image\" \/>\n<meta name=\"twitter:label1\" content=\"Gesch\u00e4tzte Lesezeit\" \/>\n\t<meta name=\"twitter:data1\" content=\"3\u00a0Minuten\" \/>\n<script type=\"application\/ld+json\" class=\"yoast-schema-graph\">{\"@context\":\"https:\\\/\\\/schema.org\",\"@graph\":[{\"@type\":\"WebPage\",\"@id\":\"https:\\\/\\\/zentrum-tcm-kampfkunst.de\\\/kampfkunstschule\\\/uebungsleiter\\\/\",\"url\":\"https:\\\/\\\/zentrum-tcm-kampfkunst.de\\\/kampfkunstschule\\\/uebungsleiter\\\/\",\"name\":\"\u00dcbungsleiter - Kampfkunstschule Staufen\\\/ M\u00fcnstertal\",\"isPartOf\":{\"@id\":\"https:\\\/\\\/zentrum-tcm-kampfkunst.de\\\/kampfkunstschule\\\/#website\"},\"primaryImageOfPage\":{\"@id\":\"https:\\\/\\\/zentrum-tcm-kampfkunst.de\\\/kampfkunstschule\\\/uebungsleiter\\\/#primaryimage\"},\"image\":{\"@id\":\"https:\\\/\\\/zentrum-tcm-kampfkunst.de\\\/kampfkunstschule\\\/uebungsleiter\\\/#primaryimage\"},\"thumbnailUrl\":\"https:\\\/\\\/zentrum-tcm-kampfkunst.de\\\/kampfkunstschule\\\/wp-content\\\/uploads\\\/sites\\\/3\\\/2018\\\/10\\\/hj-200x300.jpg\",\"datePublished\":\"2017-05-24T14:47:55+00:00\",\"dateModified\":\"2026-01-05T21:13:26+00:00\",\"breadcrumb\":{\"@id\":\"https:\\\/\\\/zentrum-tcm-kampfkunst.de\\\/kampfkunstschule\\\/uebungsleiter\\\/#breadcrumb\"},\"inLanguage\":\"de\",\"potentialAction\":[{\"@type\":\"ReadAction\",\"target\":[\"https:\\\/\\\/zentrum-tcm-kampfkunst.de\\\/kampfkunstschule\\\/uebungsleiter\\\/\"]}]},{\"@type\":\"ImageObject\",\"inLanguage\":\"de\",\"@id\":\"https:\\\/\\\/zentrum-tcm-kampfkunst.de\\\/kampfkunstschule\\\/uebungsleiter\\\/#primaryimage\",\"url\":\"https:\\\/\\\/zentrum-tcm-kampfkunst.de\\\/kampfkunstschule\\\/wp-content\\\/uploads\\\/sites\\\/3\\\/2018\\\/10\\\/hj-200x300.jpg\",\"contentUrl\":\"https:\\\/\\\/zentrum-tcm-kampfkunst.de\\\/kampfkunstschule\\\/wp-content\\\/uploads\\\/sites\\\/3\\\/2018\\\/10\\\/hj-200x300.jpg\"},{\"@type\":\"BreadcrumbList\",\"@id\":\"https:\\\/\\\/zentrum-tcm-kampfkunst.de\\\/kampfkunstschule\\\/uebungsleiter\\\/#breadcrumb\",\"itemListElement\":[{\"@type\":\"ListItem\",\"position\":1,\"name\":\"Start\",\"item\":\"https:\\\/\\\/zentrum-tcm-kampfkunst.de\\\/kampfkunstschule\\\/\"},{\"@type\":\"ListItem\",\"position\":2,\"name\":\"\u00dcbungsleiter\"}]},{\"@type\":\"WebSite\",\"@id\":\"https:\\\/\\\/zentrum-tcm-kampfkunst.de\\\/kampfkunstschule\\\/#website\",\"url\":\"https:\\\/\\\/zentrum-tcm-kampfkunst.de\\\/kampfkunstschule\\\/\",\"name\":\"Kampfkunstschule Staufen\\\/ M\u00fcnstertal\",\"description\":\"Zentrum f\u00fcr TCM &amp; Kampfkunst Guo-Shu\",\"potentialAction\":[{\"@type\":\"SearchAction\",\"target\":{\"@type\":\"EntryPoint\",\"urlTemplate\":\"https:\\\/\\\/zentrum-tcm-kampfkunst.de\\\/kampfkunstschule\\\/?s={search_term_string}\"},\"query-input\":{\"@type\":\"PropertyValueSpecification\",\"valueRequired\":true,\"valueName\":\"search_term_string\"}}],\"inLanguage\":\"de\"}]}<\/script>\n<!-- \/ Yoast SEO plugin. -->","yoast_head_json":{"title":"\u00dcbungsleiter - Kampfkunstschule Staufen\/ M\u00fcnstertal","robots":{"index":"index","follow":"follow","max-snippet":"max-snippet:-1","max-image-preview":"max-image-preview:large","max-video-preview":"max-video-preview:-1"},"canonical":"https:\/\/zentrum-tcm-kampfkunst.de\/kampfkunstschule\/uebungsleiter\/","og_locale":"de_DE","og_type":"article","og_title":"\u00dcbungsleiter - Kampfkunstschule Staufen\/ M\u00fcnstertal","og_description":"Hier stellen sich die \u00dcbungsleiter und TOAN (Dan) &#8211; Tr\u00e4ger&nbsp;vor, die mit gro\u00dfem Engagement das Training in der Kampfkunstschule unterst\u00fctzen. Stellv. Assistentin der Schulleitung und Assistentin Bogenschiessen Petra Riesterer, geb. [&hellip;]","og_url":"https:\/\/zentrum-tcm-kampfkunst.de\/kampfkunstschule\/uebungsleiter\/","og_site_name":"Kampfkunstschule Staufen\/ M\u00fcnstertal","article_publisher":"https:\/\/www.facebook.com\/dirk.kastner.7","article_modified_time":"2026-01-05T21:13:26+00:00","og_image":[{"width":120,"height":180,"url":"https:\/\/zentrum-tcm-kampfkunst.de\/kampfkunstschule\/wp-content\/uploads\/sites\/3\/2018\/10\/hj-e1539494983801.jpg","type":"image\/jpeg"}],"twitter_card":"summary_large_image","twitter_misc":{"Gesch\u00e4tzte Lesezeit":"3\u00a0Minuten"},"schema":{"@context":"https:\/\/schema.org","@graph":[{"@type":"WebPage","@id":"https:\/\/zentrum-tcm-kampfkunst.de\/kampfkunstschule\/uebungsleiter\/","url":"https:\/\/zentrum-tcm-kampfkunst.de\/kampfkunstschule\/uebungsleiter\/","name":"\u00dcbungsleiter - Kampfkunstschule Staufen\/ M\u00fcnstertal","isPartOf":{"@id":"https:\/\/zentrum-tcm-kampfkunst.de\/kampfkunstschule\/#website"},"primaryImageOfPage":{"@id":"https:\/\/zentrum-tcm-kampfkunst.de\/kampfkunstschule\/uebungsleiter\/#primaryimage"},"image":{"@id":"https:\/\/zentrum-tcm-kampfkunst.de\/kampfkunstschule\/uebungsleiter\/#primaryimage"},"thumbnailUrl":"https:\/\/zentrum-tcm-kampfkunst.de\/kampfkunstschule\/wp-content\/uploads\/sites\/3\/2018\/10\/hj-200x300.jpg","datePublished":"2017-05-24T14:47:55+00:00","dateModified":"2026-01-05T21:13:26+00:00","breadcrumb":{"@id":"https:\/\/zentrum-tcm-kampfkunst.de\/kampfkunstschule\/uebungsleiter\/#breadcrumb"},"inLanguage":"de","potentialAction":[{"@type":"ReadAction","target":["https:\/\/zentrum-tcm-kampfkunst.de\/kampfkunstschule\/uebungsleiter\/"]}]},{"@type":"ImageObject","inLanguage":"de","@id":"https:\/\/zentrum-tcm-kampfkunst.de\/kampfkunstschule\/uebungsleiter\/#primaryimage","url":"https:\/\/zentrum-tcm-kampfkunst.de\/kampfkunstschule\/wp-content\/uploads\/sites\/3\/2018\/10\/hj-200x300.jpg","contentUrl":"https:\/\/zentrum-tcm-kampfkunst.de\/kampfkunstschule\/wp-content\/uploads\/sites\/3\/2018\/10\/hj-200x300.jpg"},{"@type":"BreadcrumbList","@id":"https:\/\/zentrum-tcm-kampfkunst.de\/kampfkunstschule\/uebungsleiter\/#breadcrumb","itemListElement":[{"@type":"ListItem","position":1,"name":"Start","item":"https:\/\/zentrum-tcm-kampfkunst.de\/kampfkunstschule\/"},{"@type":"ListItem","position":2,"name":"\u00dcbungsleiter"}]},{"@type":"WebSite","@id":"https:\/\/zentrum-tcm-kampfkunst.de\/kampfkunstschule\/#website","url":"https:\/\/zentrum-tcm-kampfkunst.de\/kampfkunstschule\/","name":"Kampfkunstschule Staufen\/ M\u00fcnstertal","description":"Zentrum f\u00fcr TCM &amp; Kampfkunst Guo-Shu","potentialAction":[{"@type":"SearchAction","target":{"@type":"EntryPoint","urlTemplate":"https:\/\/zentrum-tcm-kampfkunst.de\/kampfkunstschule\/?s={search_term_string}"},"query-input":{"@type":"PropertyValueSpecification","valueRequired":true,"valueName":"search_term_string"}}],"inLanguage":"de"}]}},"_links":{"self":[{"href":"https:\/\/zentrum-tcm-kampfkunst.de\/kampfkunstschule\/wp-json\/wp\/v2\/pages\/180","targetHints":{"allow":["GET"]}}],"collection":[{"href":"https:\/\/zentrum-tcm-kampfkunst.de\/kampfkunstschule\/wp-json\/wp\/v2\/pages"}],"about":[{"href":"https:\/\/zentrum-tcm-kampfkunst.de\/kampfkunstschule\/wp-json\/wp\/v2\/types\/page"}],"author":[{"embeddable":true,"href":"https:\/\/zentrum-tcm-kampfkunst.de\/kampfkunstschule\/wp-json\/wp\/v2\/users\/1"}],"replies":[{"embeddable":true,"href":"https:\/\/zentrum-tcm-kampfkunst.de\/kampfkunstschule\/wp-json\/wp\/v2\/comments?post=180"}],"version-history":[{"count":38,"href":"https:\/\/zentrum-tcm-kampfkunst.de\/kampfkunstschule\/wp-json\/wp\/v2\/pages\/180\/revisions"}],"predecessor-version":[{"id":1222,"href":"https:\/\/zentrum-tcm-kampfkunst.de\/kampfkunstschule\/wp-json\/wp\/v2\/pages\/180\/revisions\/1222"}],"wp:attachment":[{"href":"https:\/\/zentrum-tcm-kampfkunst.de\/kampfkunstschule\/wp-json\/wp\/v2\/media?parent=180"}],"curies":[{"name":"wp","href":"https:\/\/api.w.org\/{rel}","templated":true}]}}