{"id":174,"date":"2017-05-24T14:42:10","date_gmt":"2017-05-24T14:42:10","guid":{"rendered":"https:\/\/zentrum-tcm-kampfkunst.de\/kampfkunstschule\/?page_id=174"},"modified":"2017-07-13T13:08:23","modified_gmt":"2017-07-13T11:08:23","slug":"mitgliedschaften","status":"publish","type":"page","link":"https:\/\/zentrum-tcm-kampfkunst.de\/kampfkunstschule\/mitgliedschaften\/","title":{"rendered":"Mitgliedschaften"},"content":{"rendered":"<div class=\"csc-textpic csc-textpic-intext-left-nowrap\">\n<div>\n<div class=\"csc-textpic-text\">\n<div class=\"csc-textpicHeader csc-textpicHeader-26\">\n<h2 class=\"csc-firstHeader\">Dachverband<\/h2>\n<\/div>\n<p class=\"bodytext\">Die Kampfkunstschule des Zentrum f\u00fcr TCM &amp; Kampfkunst ist Mitglied in der IOBF (Dachverband).<\/p>\n<p><img loading=\"lazy\" decoding=\"async\" class=\"alignnone size-full wp-image-543\" src=\"https:\/\/zentrum-tcm-kampfkunst.de\/kampfkunstschule\/wp-content\/uploads\/sites\/3\/2017\/05\/iobflogoweb.jpg\" alt=\"\" width=\"100\" height=\"56\" \/><\/p>\n<\/div>\n<\/div>\n<\/div>\n<div class=\"csc-header csc-header-n2\">\n<h2>Jugendf\u00f6rderkreis<\/h2>\n<\/div>\n<p class=\"bodytext\">Die Kampfkunstschule des Zentrums f\u00fcr TCM &amp; Kampfkunst ist Mitglied im <a class=\"external-link-new-window\" href=\"http:\/\/jugend-bk.de\/index.php\" target=\"_blank\" rel=\"noopener noreferrer\">-Jugendf\u00f6rderkreis-<\/a> Bad Krozingen und unterst\u00fctzt aktiv die Jugendlichen in Bad Krozingen.<\/p>\n","protected":false},"excerpt":{"rendered":"<p>Dachverband Die Kampfkunstschule des Zentrum f\u00fcr TCM &amp; Kampfkunst ist Mitglied in der IOBF (Dachverband). Jugendf\u00f6rderkreis Die Kampfkunstschule des Zentrums f\u00fcr TCM &amp; Kampfkunst ist Mitglied im -Jugendf\u00f6rderkreis- Bad Krozingen [&hellip;]<\/p>\n","protected":false},"author":1,"featured_media":0,"parent":0,"menu_order":0,"comment_status":"closed","ping_status":"closed","template":"","meta":{"footnotes":""},"class_list":["post-174","page","type-page","status-publish","hentry"],"yoast_head":"<!-- This site is optimized with the Yoast SEO plugin v27.3 - https:\/\/yoast.com\/product\/yoast-seo-wordpress\/ -->\n<title>Mitgliedschaften - Kampfkunstschule Staufen\/ M\u00fcnstertal<\/title>\n<meta name=\"robots\" content=\"index, follow, max-snippet:-1, max-image-preview:large, max-video-preview:-1\" \/>\n<link rel=\"canonical\" href=\"https:\/\/zentrum-tcm-kampfkunst.de\/kampfkunstschule\/mitgliedschaften\/\" \/>\n<meta property=\"og:locale\" content=\"de_DE\" \/>\n<meta property=\"og:type\" content=\"article\" \/>\n<meta property=\"og:title\" content=\"Mitgliedschaften - Kampfkunstschule Staufen\/ M\u00fcnstertal\" \/>\n<meta property=\"og:description\" content=\"Dachverband Die Kampfkunstschule des Zentrum f\u00fcr TCM &amp; Kampfkunst ist Mitglied in der IOBF (Dachverband). Jugendf\u00f6rderkreis Die Kampfkunstschule des Zentrums f\u00fcr TCM &amp; Kampfkunst ist Mitglied im -Jugendf\u00f6rderkreis- Bad Krozingen [&hellip;]\" \/>\n<meta property=\"og:url\" content=\"https:\/\/zentrum-tcm-kampfkunst.de\/kampfkunstschule\/mitgliedschaften\/\" \/>\n<meta property=\"og:site_name\" content=\"Kampfkunstschule Staufen\/ M\u00fcnstertal\" \/>\n<meta property=\"article:publisher\" content=\"https:\/\/www.facebook.com\/dirk.kastner.7\" \/>\n<meta property=\"article:modified_time\" content=\"2017-07-13T11:08:23+00:00\" \/>\n<meta property=\"og:image\" content=\"https:\/\/zentrum-tcm-kampfkunst.de\/kampfkunstschule\/wp-content\/uploads\/sites\/3\/2017\/05\/iobflogoweb.jpg\" \/>\n<meta name=\"twitter:card\" content=\"summary_large_image\" \/>\n<script type=\"application\/ld+json\" class=\"yoast-schema-graph\">{\"@context\":\"https:\\\/\\\/schema.org\",\"@graph\":[{\"@type\":\"WebPage\",\"@id\":\"https:\\\/\\\/zentrum-tcm-kampfkunst.de\\\/kampfkunstschule\\\/mitgliedschaften\\\/\",\"url\":\"https:\\\/\\\/zentrum-tcm-kampfkunst.de\\\/kampfkunstschule\\\/mitgliedschaften\\\/\",\"name\":\"Mitgliedschaften - Kampfkunstschule Staufen\\\/ M\u00fcnstertal\",\"isPartOf\":{\"@id\":\"https:\\\/\\\/zentrum-tcm-kampfkunst.de\\\/kampfkunstschule\\\/#website\"},\"primaryImageOfPage\":{\"@id\":\"https:\\\/\\\/zentrum-tcm-kampfkunst.de\\\/kampfkunstschule\\\/mitgliedschaften\\\/#primaryimage\"},\"image\":{\"@id\":\"https:\\\/\\\/zentrum-tcm-kampfkunst.de\\\/kampfkunstschule\\\/mitgliedschaften\\\/#primaryimage\"},\"thumbnailUrl\":\"https:\\\/\\\/zentrum-tcm-kampfkunst.de\\\/kampfkunstschule\\\/wp-content\\\/uploads\\\/sites\\\/3\\\/2017\\\/05\\\/iobflogoweb.jpg\",\"datePublished\":\"2017-05-24T14:42:10+00:00\",\"dateModified\":\"2017-07-13T11:08:23+00:00\",\"breadcrumb\":{\"@id\":\"https:\\\/\\\/zentrum-tcm-kampfkunst.de\\\/kampfkunstschule\\\/mitgliedschaften\\\/#breadcrumb\"},\"inLanguage\":\"de\",\"potentialAction\":[{\"@type\":\"ReadAction\",\"target\":[\"https:\\\/\\\/zentrum-tcm-kampfkunst.de\\\/kampfkunstschule\\\/mitgliedschaften\\\/\"]}]},{\"@type\":\"ImageObject\",\"inLanguage\":\"de\",\"@id\":\"https:\\\/\\\/zentrum-tcm-kampfkunst.de\\\/kampfkunstschule\\\/mitgliedschaften\\\/#primaryimage\",\"url\":\"https:\\\/\\\/zentrum-tcm-kampfkunst.de\\\/kampfkunstschule\\\/wp-content\\\/uploads\\\/sites\\\/3\\\/2017\\\/05\\\/iobflogoweb.jpg\",\"contentUrl\":\"https:\\\/\\\/zentrum-tcm-kampfkunst.de\\\/kampfkunstschule\\\/wp-content\\\/uploads\\\/sites\\\/3\\\/2017\\\/05\\\/iobflogoweb.jpg\",\"width\":100,\"height\":56},{\"@type\":\"BreadcrumbList\",\"@id\":\"https:\\\/\\\/zentrum-tcm-kampfkunst.de\\\/kampfkunstschule\\\/mitgliedschaften\\\/#breadcrumb\",\"itemListElement\":[{\"@type\":\"ListItem\",\"position\":1,\"name\":\"Start\",\"item\":\"https:\\\/\\\/zentrum-tcm-kampfkunst.de\\\/kampfkunstschule\\\/\"},{\"@type\":\"ListItem\",\"position\":2,\"name\":\"Mitgliedschaften\"}]},{\"@type\":\"WebSite\",\"@id\":\"https:\\\/\\\/zentrum-tcm-kampfkunst.de\\\/kampfkunstschule\\\/#website\",\"url\":\"https:\\\/\\\/zentrum-tcm-kampfkunst.de\\\/kampfkunstschule\\\/\",\"name\":\"Kampfkunstschule Staufen\\\/ M\u00fcnstertal\",\"description\":\"Zentrum f\u00fcr TCM &amp; Kampfkunst Guo-Shu\",\"potentialAction\":[{\"@type\":\"SearchAction\",\"target\":{\"@type\":\"EntryPoint\",\"urlTemplate\":\"https:\\\/\\\/zentrum-tcm-kampfkunst.de\\\/kampfkunstschule\\\/?s={search_term_string}\"},\"query-input\":{\"@type\":\"PropertyValueSpecification\",\"valueRequired\":true,\"valueName\":\"search_term_string\"}}],\"inLanguage\":\"de\"}]}<\/script>\n<!-- \/ Yoast SEO plugin. -->","yoast_head_json":{"title":"Mitgliedschaften - Kampfkunstschule Staufen\/ M\u00fcnstertal","robots":{"index":"index","follow":"follow","max-snippet":"max-snippet:-1","max-image-preview":"max-image-preview:large","max-video-preview":"max-video-preview:-1"},"canonical":"https:\/\/zentrum-tcm-kampfkunst.de\/kampfkunstschule\/mitgliedschaften\/","og_locale":"de_DE","og_type":"article","og_title":"Mitgliedschaften - Kampfkunstschule Staufen\/ M\u00fcnstertal","og_description":"Dachverband Die Kampfkunstschule des Zentrum f\u00fcr TCM &amp; Kampfkunst ist Mitglied in der IOBF (Dachverband). Jugendf\u00f6rderkreis Die Kampfkunstschule des Zentrums f\u00fcr TCM &amp; Kampfkunst ist Mitglied im -Jugendf\u00f6rderkreis- Bad Krozingen [&hellip;]","og_url":"https:\/\/zentrum-tcm-kampfkunst.de\/kampfkunstschule\/mitgliedschaften\/","og_site_name":"Kampfkunstschule Staufen\/ M\u00fcnstertal","article_publisher":"https:\/\/www.facebook.com\/dirk.kastner.7","article_modified_time":"2017-07-13T11:08:23+00:00","og_image":[{"url":"https:\/\/zentrum-tcm-kampfkunst.de\/kampfkunstschule\/wp-content\/uploads\/sites\/3\/2017\/05\/iobflogoweb.jpg","type":"","width":"","height":""}],"twitter_card":"summary_large_image","schema":{"@context":"https:\/\/schema.org","@graph":[{"@type":"WebPage","@id":"https:\/\/zentrum-tcm-kampfkunst.de\/kampfkunstschule\/mitgliedschaften\/","url":"https:\/\/zentrum-tcm-kampfkunst.de\/kampfkunstschule\/mitgliedschaften\/","name":"Mitgliedschaften - Kampfkunstschule Staufen\/ M\u00fcnstertal","isPartOf":{"@id":"https:\/\/zentrum-tcm-kampfkunst.de\/kampfkunstschule\/#website"},"primaryImageOfPage":{"@id":"https:\/\/zentrum-tcm-kampfkunst.de\/kampfkunstschule\/mitgliedschaften\/#primaryimage"},"image":{"@id":"https:\/\/zentrum-tcm-kampfkunst.de\/kampfkunstschule\/mitgliedschaften\/#primaryimage"},"thumbnailUrl":"https:\/\/zentrum-tcm-kampfkunst.de\/kampfkunstschule\/wp-content\/uploads\/sites\/3\/2017\/05\/iobflogoweb.jpg","datePublished":"2017-05-24T14:42:10+00:00","dateModified":"2017-07-13T11:08:23+00:00","breadcrumb":{"@id":"https:\/\/zentrum-tcm-kampfkunst.de\/kampfkunstschule\/mitgliedschaften\/#breadcrumb"},"inLanguage":"de","potentialAction":[{"@type":"ReadAction","target":["https:\/\/zentrum-tcm-kampfkunst.de\/kampfkunstschule\/mitgliedschaften\/"]}]},{"@type":"ImageObject","inLanguage":"de","@id":"https:\/\/zentrum-tcm-kampfkunst.de\/kampfkunstschule\/mitgliedschaften\/#primaryimage","url":"https:\/\/zentrum-tcm-kampfkunst.de\/kampfkunstschule\/wp-content\/uploads\/sites\/3\/2017\/05\/iobflogoweb.jpg","contentUrl":"https:\/\/zentrum-tcm-kampfkunst.de\/kampfkunstschule\/wp-content\/uploads\/sites\/3\/2017\/05\/iobflogoweb.jpg","width":100,"height":56},{"@type":"BreadcrumbList","@id":"https:\/\/zentrum-tcm-kampfkunst.de\/kampfkunstschule\/mitgliedschaften\/#breadcrumb","itemListElement":[{"@type":"ListItem","position":1,"name":"Start","item":"https:\/\/zentrum-tcm-kampfkunst.de\/kampfkunstschule\/"},{"@type":"ListItem","position":2,"name":"Mitgliedschaften"}]},{"@type":"WebSite","@id":"https:\/\/zentrum-tcm-kampfkunst.de\/kampfkunstschule\/#website","url":"https:\/\/zentrum-tcm-kampfkunst.de\/kampfkunstschule\/","name":"Kampfkunstschule Staufen\/ M\u00fcnstertal","description":"Zentrum f\u00fcr TCM &amp; Kampfkunst Guo-Shu","potentialAction":[{"@type":"SearchAction","target":{"@type":"EntryPoint","urlTemplate":"https:\/\/zentrum-tcm-kampfkunst.de\/kampfkunstschule\/?s={search_term_string}"},"query-input":{"@type":"PropertyValueSpecification","valueRequired":true,"valueName":"search_term_string"}}],"inLanguage":"de"}]}},"_links":{"self":[{"href":"https:\/\/zentrum-tcm-kampfkunst.de\/kampfkunstschule\/wp-json\/wp\/v2\/pages\/174","targetHints":{"allow":["GET"]}}],"collection":[{"href":"https:\/\/zentrum-tcm-kampfkunst.de\/kampfkunstschule\/wp-json\/wp\/v2\/pages"}],"about":[{"href":"https:\/\/zentrum-tcm-kampfkunst.de\/kampfkunstschule\/wp-json\/wp\/v2\/types\/page"}],"author":[{"embeddable":true,"href":"https:\/\/zentrum-tcm-kampfkunst.de\/kampfkunstschule\/wp-json\/wp\/v2\/users\/1"}],"replies":[{"embeddable":true,"href":"https:\/\/zentrum-tcm-kampfkunst.de\/kampfkunstschule\/wp-json\/wp\/v2\/comments?post=174"}],"version-history":[{"count":1,"href":"https:\/\/zentrum-tcm-kampfkunst.de\/kampfkunstschule\/wp-json\/wp\/v2\/pages\/174\/revisions"}],"predecessor-version":[{"id":544,"href":"https:\/\/zentrum-tcm-kampfkunst.de\/kampfkunstschule\/wp-json\/wp\/v2\/pages\/174\/revisions\/544"}],"wp:attachment":[{"href":"https:\/\/zentrum-tcm-kampfkunst.de\/kampfkunstschule\/wp-json\/wp\/v2\/media?parent=174"}],"curies":[{"name":"wp","href":"https:\/\/api.w.org\/{rel}","templated":true}]}}