{"id":158,"date":"2017-05-23T15:09:56","date_gmt":"2017-05-23T15:09:56","guid":{"rendered":"https:\/\/zentrum-tcm-kampfkunst.de\/kampfkunstschule\/?page_id=158"},"modified":"2017-07-13T12:39:52","modified_gmt":"2017-07-13T10:39:52","slug":"schwertpflege","status":"publish","type":"page","link":"https:\/\/zentrum-tcm-kampfkunst.de\/kampfkunstschule\/unser-system\/chinese-swordsmanship\/schwertpflege\/","title":{"rendered":"Schwertpflege"},"content":{"rendered":"<div class=\"csc-textpic csc-textpic-intext-right csc-textpic-border csc-textpic-caption-c csc-textpic-equalheight\">\n<div class=\"csc-textpic-text\">\n<h2 class=\"bodytext\">Pflege eines Schwertes aus Stahl<\/h2>\n<figure id=\"attachment_418\" aria-describedby=\"caption-attachment-418\" style=\"width: 75px\" class=\"wp-caption alignright\"><a href=\"https:\/\/zentrum-tcm-kampfkunst.de\/kampfkunstschule\/wp-content\/uploads\/sites\/3\/2017\/05\/Schwert-Sifu-Web3.jpg\" target=\"_blank\" rel=\"noopener\"><img loading=\"lazy\" decoding=\"async\" class=\"wp-image-418\" src=\"https:\/\/zentrum-tcm-kampfkunst.de\/kampfkunstschule\/wp-content\/uploads\/sites\/3\/2017\/05\/Schwert-Sifu-Web3-113x300.jpg\" alt=\"\" width=\"75\" height=\"200\" srcset=\"https:\/\/zentrum-tcm-kampfkunst.de\/kampfkunstschule\/wp-content\/uploads\/sites\/3\/2017\/05\/Schwert-Sifu-Web3-113x300.jpg 113w, https:\/\/zentrum-tcm-kampfkunst.de\/kampfkunstschule\/wp-content\/uploads\/sites\/3\/2017\/05\/Schwert-Sifu-Web3-768x2041.jpg 768w, https:\/\/zentrum-tcm-kampfkunst.de\/kampfkunstschule\/wp-content\/uploads\/sites\/3\/2017\/05\/Schwert-Sifu-Web3-385x1024.jpg 385w, https:\/\/zentrum-tcm-kampfkunst.de\/kampfkunstschule\/wp-content\/uploads\/sites\/3\/2017\/05\/Schwert-Sifu-Web3.jpg 1689w\" sizes=\"auto, (max-width: 75px) 100vw, 75px\" \/><\/a><figcaption id=\"caption-attachment-418\" class=\"wp-caption-text\">Antikes Jian<\/figcaption><\/figure>\n<p class=\"bodytext\">Es sollten prinzipiell Harz-freie \u00d6le verwendet werden.\u00a0 Am besten geeignet ist Kamelien \u00d6l. Nach jedem Training oder Schnittest ist die Klinge mit einem weichen Tuch und etwas Alkohol (Waschbenzin) zu reinigen. Hierbei werden z.B. Fingerabdr\u00fccke (generell haben Finger auf der Klinge nichts zu suchen) oder R\u00fcckst\u00e4nde (Schnittest) wie Harze, Holzfasern und Plastik entfernt. Nach der Reinigung wird die Klinge mit einer <b>d\u00fcnnen <\/b>Schicht \u00d6l bedeckt (Rostschutz).<\/p>\n<p class=\"bodytext\">Keinesfalls sollten chemische Reinigungsmittel (da sie Kohlenstoff binden\u00a0k\u00f6nnen) oder handels\u00fcbliche meist abrasive Polierpasten verwendet werden. Zum Polieren und Sch\u00e4rfen ist naturbelassenes Rindsleder die beste L\u00f6sung.<\/p>\n<\/div>\n<\/div>\n<div class=\"csc-textpic csc-textpic-intext-left csc-textpic-caption-c csc-textpic-equalheight\">\n<div class=\"csc-textpic-imagewrap\">\n<h3 class=\"csc-textpic-caption\">Kamelienoel<\/h3>\n<\/div>\n<div class=\"csc-textpic-text\">\n<figure id=\"attachment_420\" aria-describedby=\"caption-attachment-420\" style=\"width: 94px\" class=\"wp-caption alignleft\"><a href=\"http:\/\/www.feinewerkzeuge.de\/pflege.htm\"><img loading=\"lazy\" decoding=\"async\" class=\"wp-image-420 size-full\" src=\"https:\/\/zentrum-tcm-kampfkunst.de\/kampfkunstschule\/wp-content\/uploads\/sites\/3\/2017\/05\/9070c08e23.jpg\" alt=\"\" width=\"94\" height=\"200\" \/><\/a><figcaption id=\"caption-attachment-420\" class=\"wp-caption-text\">Kamelien\u00f6l<\/figcaption><\/figure>\n<p class=\"bodytext\">Ein Tipp zum Sch\u00e4rfen: einfach einen streifen Rindsleder auf ein St\u00fcck Holz kleben, dies verhindert beim Sch\u00e4rfen abgerundete Kanten.<\/p>\n<p class=\"bodytext\">Wer viel \u00fcbt, wird sich immer \u00fcber eine sch\u00f6n gl\u00e4nzende und scharfe Klinge freuen. Rostige Klingen sind ein Zeichen von falscher Lagerung und mangelnder Pflege.<\/p>\n<\/div>\n<\/div>\n<div class=\"csc-header csc-header-n3\">\n<h2>Pflege eines h\u00f6lzernen Schwertes<\/h2>\n<\/div>\n<div class=\"csc-textpic-text\">\n<p class=\"bodytext\">Nat\u00fcrlich muss man hier nicht darauf achten, dass die Klinge rostfrei und scharf ist.<\/p>\n<p class=\"bodytext\">Nach dem \u00dcben muss das Holzschwert auf Risse und Splitter hin untersucht werden und gegebenenfalls mit einem sehr feinen Sandpapier ausgebessert werden. Die ausgebesserte Stelle wird zum Abschluss der Reparatur mit \u00d6l behandelt.<\/p>\n<p class=\"bodytext\">Ein neues Holzschwert erh\u00e4lt mehr Elastizit\u00e4t und Bruchfestigkeit wenn es:<\/p>\n<ul>\n<li>t\u00e4glich in der ersten Woche<\/li>\n<li>einmal pro Woche im ersten Monat<\/li>\n<li>einmal im Monat im ersten Jahr<\/li>\n<li>dann zeitweise<\/li>\n<\/ul>\n<p class=\"bodytext\">mit Kamelien oder Tung\u00f6l \/ Lein\u00f6l\u00a0gepflegt wird. Bitte unbedingt \u00fcbersch\u00fcssiges \u00d6l gleich entfernen.\u00a0Es m\u00fcssen\u00a0Sicherheitsbestimmungen beachtet werden, da getr\u00e4nkte Lappen in Verbindung mit Sauerstoff sich selbst entz\u00fcnden k\u00f6nnen. Eine Mischung (1:1) ergibt den besten Schutz. Es wird ein Effekt, wie bei einer geschmiedeten Klinge erreicht. Au\u00dfen hart innen flexibel.<b> Bitte kein Tung- und Lein\u00f6l f\u00fcr Stahlklingen verwenden! <\/b>Kamelien \u00d6l ist f\u00fcr Stahl und Holz bestens geeignet!<\/p>\n<\/div>\n","protected":false},"excerpt":{"rendered":"<p>Pflege eines Schwertes aus Stahl Es sollten prinzipiell Harz-freie \u00d6le verwendet werden.\u00a0 Am besten geeignet ist Kamelien \u00d6l. Nach jedem Training oder Schnittest ist die Klinge mit einem weichen Tuch [&hellip;]<\/p>\n","protected":false},"author":1,"featured_media":0,"parent":19,"menu_order":0,"comment_status":"closed","ping_status":"closed","template":"","meta":{"footnotes":""},"class_list":["post-158","page","type-page","status-publish","hentry"],"yoast_head":"<!-- This site is optimized with the Yoast SEO plugin v27.3 - https:\/\/yoast.com\/product\/yoast-seo-wordpress\/ -->\n<title>Schwertpflege - Kampfkunstschule Staufen\/ M\u00fcnstertal<\/title>\n<meta name=\"robots\" content=\"index, follow, max-snippet:-1, max-image-preview:large, max-video-preview:-1\" \/>\n<link rel=\"canonical\" href=\"https:\/\/zentrum-tcm-kampfkunst.de\/kampfkunstschule\/unser-system\/chinese-swordsmanship\/schwertpflege\/\" \/>\n<meta property=\"og:locale\" content=\"de_DE\" \/>\n<meta property=\"og:type\" content=\"article\" \/>\n<meta property=\"og:title\" content=\"Schwertpflege - Kampfkunstschule Staufen\/ M\u00fcnstertal\" \/>\n<meta property=\"og:description\" content=\"Pflege eines Schwertes aus Stahl Es sollten prinzipiell Harz-freie \u00d6le verwendet werden.\u00a0 Am besten geeignet ist Kamelien \u00d6l. Nach jedem Training oder Schnittest ist die Klinge mit einem weichen Tuch [&hellip;]\" \/>\n<meta property=\"og:url\" content=\"https:\/\/zentrum-tcm-kampfkunst.de\/kampfkunstschule\/unser-system\/chinese-swordsmanship\/schwertpflege\/\" \/>\n<meta property=\"og:site_name\" content=\"Kampfkunstschule Staufen\/ M\u00fcnstertal\" \/>\n<meta property=\"article:publisher\" content=\"https:\/\/www.facebook.com\/dirk.kastner.7\" \/>\n<meta property=\"article:modified_time\" content=\"2017-07-13T10:39:52+00:00\" \/>\n<meta property=\"og:image\" content=\"https:\/\/zentrum-tcm-kampfkunst.de\/kampfkunstschule\/wp-content\/uploads\/sites\/3\/2017\/05\/Schwert-Sifu-Web3-113x300.jpg\" \/>\n<meta name=\"twitter:card\" content=\"summary_large_image\" \/>\n<meta name=\"twitter:label1\" content=\"Gesch\u00e4tzte Lesezeit\" \/>\n\t<meta name=\"twitter:data1\" content=\"2\u00a0Minuten\" \/>\n<script type=\"application\/ld+json\" class=\"yoast-schema-graph\">{\"@context\":\"https:\\\/\\\/schema.org\",\"@graph\":[{\"@type\":\"WebPage\",\"@id\":\"https:\\\/\\\/zentrum-tcm-kampfkunst.de\\\/kampfkunstschule\\\/unser-system\\\/chinese-swordsmanship\\\/schwertpflege\\\/\",\"url\":\"https:\\\/\\\/zentrum-tcm-kampfkunst.de\\\/kampfkunstschule\\\/unser-system\\\/chinese-swordsmanship\\\/schwertpflege\\\/\",\"name\":\"Schwertpflege - Kampfkunstschule Staufen\\\/ M\u00fcnstertal\",\"isPartOf\":{\"@id\":\"https:\\\/\\\/zentrum-tcm-kampfkunst.de\\\/kampfkunstschule\\\/#website\"},\"primaryImageOfPage\":{\"@id\":\"https:\\\/\\\/zentrum-tcm-kampfkunst.de\\\/kampfkunstschule\\\/unser-system\\\/chinese-swordsmanship\\\/schwertpflege\\\/#primaryimage\"},\"image\":{\"@id\":\"https:\\\/\\\/zentrum-tcm-kampfkunst.de\\\/kampfkunstschule\\\/unser-system\\\/chinese-swordsmanship\\\/schwertpflege\\\/#primaryimage\"},\"thumbnailUrl\":\"https:\\\/\\\/zentrum-tcm-kampfkunst.de\\\/kampfkunstschule\\\/wp-content\\\/uploads\\\/sites\\\/3\\\/2017\\\/05\\\/Schwert-Sifu-Web3-113x300.jpg\",\"datePublished\":\"2017-05-23T15:09:56+00:00\",\"dateModified\":\"2017-07-13T10:39:52+00:00\",\"breadcrumb\":{\"@id\":\"https:\\\/\\\/zentrum-tcm-kampfkunst.de\\\/kampfkunstschule\\\/unser-system\\\/chinese-swordsmanship\\\/schwertpflege\\\/#breadcrumb\"},\"inLanguage\":\"de\",\"potentialAction\":[{\"@type\":\"ReadAction\",\"target\":[\"https:\\\/\\\/zentrum-tcm-kampfkunst.de\\\/kampfkunstschule\\\/unser-system\\\/chinese-swordsmanship\\\/schwertpflege\\\/\"]}]},{\"@type\":\"ImageObject\",\"inLanguage\":\"de\",\"@id\":\"https:\\\/\\\/zentrum-tcm-kampfkunst.de\\\/kampfkunstschule\\\/unser-system\\\/chinese-swordsmanship\\\/schwertpflege\\\/#primaryimage\",\"url\":\"https:\\\/\\\/zentrum-tcm-kampfkunst.de\\\/kampfkunstschule\\\/wp-content\\\/uploads\\\/sites\\\/3\\\/2017\\\/05\\\/Schwert-Sifu-Web3.jpg\",\"contentUrl\":\"https:\\\/\\\/zentrum-tcm-kampfkunst.de\\\/kampfkunstschule\\\/wp-content\\\/uploads\\\/sites\\\/3\\\/2017\\\/05\\\/Schwert-Sifu-Web3.jpg\",\"width\":1689,\"height\":4488},{\"@type\":\"BreadcrumbList\",\"@id\":\"https:\\\/\\\/zentrum-tcm-kampfkunst.de\\\/kampfkunstschule\\\/unser-system\\\/chinese-swordsmanship\\\/schwertpflege\\\/#breadcrumb\",\"itemListElement\":[{\"@type\":\"ListItem\",\"position\":1,\"name\":\"Start\",\"item\":\"https:\\\/\\\/zentrum-tcm-kampfkunst.de\\\/kampfkunstschule\\\/\"},{\"@type\":\"ListItem\",\"position\":2,\"name\":\"Unser System\",\"item\":\"https:\\\/\\\/zentrum-tcm-kampfkunst.de\\\/kampfkunstschule\\\/unser-system\\\/\"},{\"@type\":\"ListItem\",\"position\":3,\"name\":\"Chinese Swordsmanship\",\"item\":\"https:\\\/\\\/zentrum-tcm-kampfkunst.de\\\/kampfkunstschule\\\/unser-system\\\/chinese-swordsmanship\\\/\"},{\"@type\":\"ListItem\",\"position\":4,\"name\":\"Schwertpflege\"}]},{\"@type\":\"WebSite\",\"@id\":\"https:\\\/\\\/zentrum-tcm-kampfkunst.de\\\/kampfkunstschule\\\/#website\",\"url\":\"https:\\\/\\\/zentrum-tcm-kampfkunst.de\\\/kampfkunstschule\\\/\",\"name\":\"Kampfkunstschule Staufen\\\/ M\u00fcnstertal\",\"description\":\"Zentrum f\u00fcr TCM &amp; Kampfkunst Guo-Shu\",\"potentialAction\":[{\"@type\":\"SearchAction\",\"target\":{\"@type\":\"EntryPoint\",\"urlTemplate\":\"https:\\\/\\\/zentrum-tcm-kampfkunst.de\\\/kampfkunstschule\\\/?s={search_term_string}\"},\"query-input\":{\"@type\":\"PropertyValueSpecification\",\"valueRequired\":true,\"valueName\":\"search_term_string\"}}],\"inLanguage\":\"de\"}]}<\/script>\n<!-- \/ Yoast SEO plugin. -->","yoast_head_json":{"title":"Schwertpflege - Kampfkunstschule Staufen\/ M\u00fcnstertal","robots":{"index":"index","follow":"follow","max-snippet":"max-snippet:-1","max-image-preview":"max-image-preview:large","max-video-preview":"max-video-preview:-1"},"canonical":"https:\/\/zentrum-tcm-kampfkunst.de\/kampfkunstschule\/unser-system\/chinese-swordsmanship\/schwertpflege\/","og_locale":"de_DE","og_type":"article","og_title":"Schwertpflege - Kampfkunstschule Staufen\/ M\u00fcnstertal","og_description":"Pflege eines Schwertes aus Stahl Es sollten prinzipiell Harz-freie \u00d6le verwendet werden.\u00a0 Am besten geeignet ist Kamelien \u00d6l. Nach jedem Training oder Schnittest ist die Klinge mit einem weichen Tuch [&hellip;]","og_url":"https:\/\/zentrum-tcm-kampfkunst.de\/kampfkunstschule\/unser-system\/chinese-swordsmanship\/schwertpflege\/","og_site_name":"Kampfkunstschule Staufen\/ M\u00fcnstertal","article_publisher":"https:\/\/www.facebook.com\/dirk.kastner.7","article_modified_time":"2017-07-13T10:39:52+00:00","og_image":[{"url":"https:\/\/zentrum-tcm-kampfkunst.de\/kampfkunstschule\/wp-content\/uploads\/sites\/3\/2017\/05\/Schwert-Sifu-Web3-113x300.jpg","type":"","width":"","height":""}],"twitter_card":"summary_large_image","twitter_misc":{"Gesch\u00e4tzte Lesezeit":"2\u00a0Minuten"},"schema":{"@context":"https:\/\/schema.org","@graph":[{"@type":"WebPage","@id":"https:\/\/zentrum-tcm-kampfkunst.de\/kampfkunstschule\/unser-system\/chinese-swordsmanship\/schwertpflege\/","url":"https:\/\/zentrum-tcm-kampfkunst.de\/kampfkunstschule\/unser-system\/chinese-swordsmanship\/schwertpflege\/","name":"Schwertpflege - Kampfkunstschule Staufen\/ M\u00fcnstertal","isPartOf":{"@id":"https:\/\/zentrum-tcm-kampfkunst.de\/kampfkunstschule\/#website"},"primaryImageOfPage":{"@id":"https:\/\/zentrum-tcm-kampfkunst.de\/kampfkunstschule\/unser-system\/chinese-swordsmanship\/schwertpflege\/#primaryimage"},"image":{"@id":"https:\/\/zentrum-tcm-kampfkunst.de\/kampfkunstschule\/unser-system\/chinese-swordsmanship\/schwertpflege\/#primaryimage"},"thumbnailUrl":"https:\/\/zentrum-tcm-kampfkunst.de\/kampfkunstschule\/wp-content\/uploads\/sites\/3\/2017\/05\/Schwert-Sifu-Web3-113x300.jpg","datePublished":"2017-05-23T15:09:56+00:00","dateModified":"2017-07-13T10:39:52+00:00","breadcrumb":{"@id":"https:\/\/zentrum-tcm-kampfkunst.de\/kampfkunstschule\/unser-system\/chinese-swordsmanship\/schwertpflege\/#breadcrumb"},"inLanguage":"de","potentialAction":[{"@type":"ReadAction","target":["https:\/\/zentrum-tcm-kampfkunst.de\/kampfkunstschule\/unser-system\/chinese-swordsmanship\/schwertpflege\/"]}]},{"@type":"ImageObject","inLanguage":"de","@id":"https:\/\/zentrum-tcm-kampfkunst.de\/kampfkunstschule\/unser-system\/chinese-swordsmanship\/schwertpflege\/#primaryimage","url":"https:\/\/zentrum-tcm-kampfkunst.de\/kampfkunstschule\/wp-content\/uploads\/sites\/3\/2017\/05\/Schwert-Sifu-Web3.jpg","contentUrl":"https:\/\/zentrum-tcm-kampfkunst.de\/kampfkunstschule\/wp-content\/uploads\/sites\/3\/2017\/05\/Schwert-Sifu-Web3.jpg","width":1689,"height":4488},{"@type":"BreadcrumbList","@id":"https:\/\/zentrum-tcm-kampfkunst.de\/kampfkunstschule\/unser-system\/chinese-swordsmanship\/schwertpflege\/#breadcrumb","itemListElement":[{"@type":"ListItem","position":1,"name":"Start","item":"https:\/\/zentrum-tcm-kampfkunst.de\/kampfkunstschule\/"},{"@type":"ListItem","position":2,"name":"Unser System","item":"https:\/\/zentrum-tcm-kampfkunst.de\/kampfkunstschule\/unser-system\/"},{"@type":"ListItem","position":3,"name":"Chinese Swordsmanship","item":"https:\/\/zentrum-tcm-kampfkunst.de\/kampfkunstschule\/unser-system\/chinese-swordsmanship\/"},{"@type":"ListItem","position":4,"name":"Schwertpflege"}]},{"@type":"WebSite","@id":"https:\/\/zentrum-tcm-kampfkunst.de\/kampfkunstschule\/#website","url":"https:\/\/zentrum-tcm-kampfkunst.de\/kampfkunstschule\/","name":"Kampfkunstschule Staufen\/ M\u00fcnstertal","description":"Zentrum f\u00fcr TCM &amp; Kampfkunst Guo-Shu","potentialAction":[{"@type":"SearchAction","target":{"@type":"EntryPoint","urlTemplate":"https:\/\/zentrum-tcm-kampfkunst.de\/kampfkunstschule\/?s={search_term_string}"},"query-input":{"@type":"PropertyValueSpecification","valueRequired":true,"valueName":"search_term_string"}}],"inLanguage":"de"}]}},"_links":{"self":[{"href":"https:\/\/zentrum-tcm-kampfkunst.de\/kampfkunstschule\/wp-json\/wp\/v2\/pages\/158","targetHints":{"allow":["GET"]}}],"collection":[{"href":"https:\/\/zentrum-tcm-kampfkunst.de\/kampfkunstschule\/wp-json\/wp\/v2\/pages"}],"about":[{"href":"https:\/\/zentrum-tcm-kampfkunst.de\/kampfkunstschule\/wp-json\/wp\/v2\/types\/page"}],"author":[{"embeddable":true,"href":"https:\/\/zentrum-tcm-kampfkunst.de\/kampfkunstschule\/wp-json\/wp\/v2\/users\/1"}],"replies":[{"embeddable":true,"href":"https:\/\/zentrum-tcm-kampfkunst.de\/kampfkunstschule\/wp-json\/wp\/v2\/comments?post=158"}],"version-history":[{"count":6,"href":"https:\/\/zentrum-tcm-kampfkunst.de\/kampfkunstschule\/wp-json\/wp\/v2\/pages\/158\/revisions"}],"predecessor-version":[{"id":528,"href":"https:\/\/zentrum-tcm-kampfkunst.de\/kampfkunstschule\/wp-json\/wp\/v2\/pages\/158\/revisions\/528"}],"up":[{"embeddable":true,"href":"https:\/\/zentrum-tcm-kampfkunst.de\/kampfkunstschule\/wp-json\/wp\/v2\/pages\/19"}],"wp:attachment":[{"href":"https:\/\/zentrum-tcm-kampfkunst.de\/kampfkunstschule\/wp-json\/wp\/v2\/media?parent=158"}],"curies":[{"name":"wp","href":"https:\/\/api.w.org\/{rel}","templated":true}]}}