{"id":156,"date":"2017-05-23T15:04:34","date_gmt":"2017-05-23T15:04:34","guid":{"rendered":"https:\/\/zentrum-tcm-kampfkunst.de\/kampfkunstschule\/?page_id=156"},"modified":"2017-07-13T09:38:59","modified_gmt":"2017-07-13T07:38:59","slug":"chinesischer-vollkontakt-schwertkampf","status":"publish","type":"page","link":"https:\/\/zentrum-tcm-kampfkunst.de\/kampfkunstschule\/unser-system\/chinese-swordsmanship\/chinesischer-vollkontakt-schwertkampf\/","title":{"rendered":"Chinesischer Vollkontakt Schwertkampf"},"content":{"rendered":"<div class=\"csc-textpic csc-textpic-intext-left csc-textpic-border\">\n<div class=\"csc-textpic-text\">\n<p class=\"bodytext\"><img loading=\"lazy\" decoding=\"async\" class=\"alignleft wp-image-391\" src=\"https:\/\/zentrum-tcm-kampfkunst.de\/kampfkunstschule\/wp-content\/uploads\/sites\/3\/2017\/05\/Free-Play-Web-01-300x262.jpg\" alt=\"\" width=\"250\" height=\"218\" srcset=\"https:\/\/zentrum-tcm-kampfkunst.de\/kampfkunstschule\/wp-content\/uploads\/sites\/3\/2017\/05\/Free-Play-Web-01-300x262.jpg 300w, https:\/\/zentrum-tcm-kampfkunst.de\/kampfkunstschule\/wp-content\/uploads\/sites\/3\/2017\/05\/Free-Play-Web-01.jpg 600w\" sizes=\"auto, (max-width: 250px) 100vw, 250px\" \/>Kehrt die Kindheit in uns zur\u00fcck? Die Zeiten, in denen wir mit Holzschwertern spielten und wir uns als stolze Krieger f\u00fchlten? Vielleicht zu einem kleinen Teil.<\/p>\n<p class=\"bodytext\"><b><img loading=\"lazy\" decoding=\"async\" class=\"size-full wp-image-392 alignright\" src=\"https:\/\/zentrum-tcm-kampfkunst.de\/kampfkunstschule\/wp-content\/uploads\/sites\/3\/2017\/05\/70d7afbcc3.jpg\" alt=\"\" width=\"180\" height=\"111\" \/><\/b>Im realen Schwertkampf (nat\u00fcrlich mit Holzschwertern und nicht mit scharfen Klingen und der dementsprechenden Schutzausr\u00fcstung) werden Drills und Partner\u00fcbungen zur Anwendung gebracht, die uns zu einem tiefen Verst\u00e4ndnis der Technik und ihrer Funktionalit\u00e4t f\u00fchren. Dies hilft uns Formen und Bewegungen zu interpretieren.<\/p>\n<\/div>\n<\/div>\n<div class=\"csc-textpic csc-textpic-intext-right\">\n<div class=\"csc-textpic-text\">\n<p class=\"bodytext\"><b>Des weiteren werden Reaktionsverm\u00f6gen, K\u00f6rperwahrnehmung und Konsequenz in unserem Handeln oder nicht Handeln geschult.<\/b><\/p>\n<\/div>\n<\/div>\n","protected":false},"excerpt":{"rendered":"<p>Kehrt die Kindheit in uns zur\u00fcck? Die Zeiten, in denen wir mit Holzschwertern spielten und wir uns als stolze Krieger f\u00fchlten? Vielleicht zu einem kleinen Teil. Im realen Schwertkampf (nat\u00fcrlich [&hellip;]<\/p>\n","protected":false},"author":1,"featured_media":0,"parent":19,"menu_order":0,"comment_status":"closed","ping_status":"closed","template":"","meta":{"footnotes":""},"class_list":["post-156","page","type-page","status-publish","hentry"],"yoast_head":"<!-- This site is optimized with the Yoast SEO plugin v27.3 - https:\/\/yoast.com\/product\/yoast-seo-wordpress\/ -->\n<title>Chinesischer Vollkontakt Schwertkampf - Kampfkunstschule Staufen\/ M\u00fcnstertal<\/title>\n<meta name=\"robots\" content=\"index, follow, max-snippet:-1, max-image-preview:large, max-video-preview:-1\" \/>\n<link rel=\"canonical\" href=\"https:\/\/zentrum-tcm-kampfkunst.de\/kampfkunstschule\/unser-system\/chinese-swordsmanship\/chinesischer-vollkontakt-schwertkampf\/\" \/>\n<meta property=\"og:locale\" content=\"de_DE\" \/>\n<meta property=\"og:type\" content=\"article\" \/>\n<meta property=\"og:title\" content=\"Chinesischer Vollkontakt Schwertkampf - Kampfkunstschule Staufen\/ M\u00fcnstertal\" \/>\n<meta property=\"og:description\" content=\"Kehrt die Kindheit in uns zur\u00fcck? Die Zeiten, in denen wir mit Holzschwertern spielten und wir uns als stolze Krieger f\u00fchlten? Vielleicht zu einem kleinen Teil. Im realen Schwertkampf (nat\u00fcrlich [&hellip;]\" \/>\n<meta property=\"og:url\" content=\"https:\/\/zentrum-tcm-kampfkunst.de\/kampfkunstschule\/unser-system\/chinese-swordsmanship\/chinesischer-vollkontakt-schwertkampf\/\" \/>\n<meta property=\"og:site_name\" content=\"Kampfkunstschule Staufen\/ M\u00fcnstertal\" \/>\n<meta property=\"article:publisher\" content=\"https:\/\/www.facebook.com\/dirk.kastner.7\" \/>\n<meta property=\"article:modified_time\" content=\"2017-07-13T07:38:59+00:00\" \/>\n<meta property=\"og:image\" content=\"https:\/\/zentrum-tcm-kampfkunst.de\/kampfkunstschule\/wp-content\/uploads\/sites\/3\/2017\/05\/Free-Play-Web-01-300x262.jpg\" \/>\n<meta name=\"twitter:card\" content=\"summary_large_image\" \/>\n<script type=\"application\/ld+json\" class=\"yoast-schema-graph\">{\"@context\":\"https:\\\/\\\/schema.org\",\"@graph\":[{\"@type\":\"WebPage\",\"@id\":\"https:\\\/\\\/zentrum-tcm-kampfkunst.de\\\/kampfkunstschule\\\/unser-system\\\/chinese-swordsmanship\\\/chinesischer-vollkontakt-schwertkampf\\\/\",\"url\":\"https:\\\/\\\/zentrum-tcm-kampfkunst.de\\\/kampfkunstschule\\\/unser-system\\\/chinese-swordsmanship\\\/chinesischer-vollkontakt-schwertkampf\\\/\",\"name\":\"Chinesischer Vollkontakt Schwertkampf - Kampfkunstschule Staufen\\\/ M\u00fcnstertal\",\"isPartOf\":{\"@id\":\"https:\\\/\\\/zentrum-tcm-kampfkunst.de\\\/kampfkunstschule\\\/#website\"},\"primaryImageOfPage\":{\"@id\":\"https:\\\/\\\/zentrum-tcm-kampfkunst.de\\\/kampfkunstschule\\\/unser-system\\\/chinese-swordsmanship\\\/chinesischer-vollkontakt-schwertkampf\\\/#primaryimage\"},\"image\":{\"@id\":\"https:\\\/\\\/zentrum-tcm-kampfkunst.de\\\/kampfkunstschule\\\/unser-system\\\/chinese-swordsmanship\\\/chinesischer-vollkontakt-schwertkampf\\\/#primaryimage\"},\"thumbnailUrl\":\"https:\\\/\\\/zentrum-tcm-kampfkunst.de\\\/kampfkunstschule\\\/wp-content\\\/uploads\\\/sites\\\/3\\\/2017\\\/05\\\/Free-Play-Web-01-300x262.jpg\",\"datePublished\":\"2017-05-23T15:04:34+00:00\",\"dateModified\":\"2017-07-13T07:38:59+00:00\",\"breadcrumb\":{\"@id\":\"https:\\\/\\\/zentrum-tcm-kampfkunst.de\\\/kampfkunstschule\\\/unser-system\\\/chinese-swordsmanship\\\/chinesischer-vollkontakt-schwertkampf\\\/#breadcrumb\"},\"inLanguage\":\"de\",\"potentialAction\":[{\"@type\":\"ReadAction\",\"target\":[\"https:\\\/\\\/zentrum-tcm-kampfkunst.de\\\/kampfkunstschule\\\/unser-system\\\/chinese-swordsmanship\\\/chinesischer-vollkontakt-schwertkampf\\\/\"]}]},{\"@type\":\"ImageObject\",\"inLanguage\":\"de\",\"@id\":\"https:\\\/\\\/zentrum-tcm-kampfkunst.de\\\/kampfkunstschule\\\/unser-system\\\/chinese-swordsmanship\\\/chinesischer-vollkontakt-schwertkampf\\\/#primaryimage\",\"url\":\"https:\\\/\\\/zentrum-tcm-kampfkunst.de\\\/kampfkunstschule\\\/wp-content\\\/uploads\\\/sites\\\/3\\\/2017\\\/05\\\/Free-Play-Web-01.jpg\",\"contentUrl\":\"https:\\\/\\\/zentrum-tcm-kampfkunst.de\\\/kampfkunstschule\\\/wp-content\\\/uploads\\\/sites\\\/3\\\/2017\\\/05\\\/Free-Play-Web-01.jpg\",\"width\":600,\"height\":524},{\"@type\":\"BreadcrumbList\",\"@id\":\"https:\\\/\\\/zentrum-tcm-kampfkunst.de\\\/kampfkunstschule\\\/unser-system\\\/chinese-swordsmanship\\\/chinesischer-vollkontakt-schwertkampf\\\/#breadcrumb\",\"itemListElement\":[{\"@type\":\"ListItem\",\"position\":1,\"name\":\"Start\",\"item\":\"https:\\\/\\\/zentrum-tcm-kampfkunst.de\\\/kampfkunstschule\\\/\"},{\"@type\":\"ListItem\",\"position\":2,\"name\":\"Unser System\",\"item\":\"https:\\\/\\\/zentrum-tcm-kampfkunst.de\\\/kampfkunstschule\\\/unser-system\\\/\"},{\"@type\":\"ListItem\",\"position\":3,\"name\":\"Chinese Swordsmanship\",\"item\":\"https:\\\/\\\/zentrum-tcm-kampfkunst.de\\\/kampfkunstschule\\\/unser-system\\\/chinese-swordsmanship\\\/\"},{\"@type\":\"ListItem\",\"position\":4,\"name\":\"Chinesischer Vollkontakt Schwertkampf\"}]},{\"@type\":\"WebSite\",\"@id\":\"https:\\\/\\\/zentrum-tcm-kampfkunst.de\\\/kampfkunstschule\\\/#website\",\"url\":\"https:\\\/\\\/zentrum-tcm-kampfkunst.de\\\/kampfkunstschule\\\/\",\"name\":\"Kampfkunstschule Staufen\\\/ M\u00fcnstertal\",\"description\":\"Zentrum f\u00fcr TCM &amp; Kampfkunst Guo-Shu\",\"potentialAction\":[{\"@type\":\"SearchAction\",\"target\":{\"@type\":\"EntryPoint\",\"urlTemplate\":\"https:\\\/\\\/zentrum-tcm-kampfkunst.de\\\/kampfkunstschule\\\/?s={search_term_string}\"},\"query-input\":{\"@type\":\"PropertyValueSpecification\",\"valueRequired\":true,\"valueName\":\"search_term_string\"}}],\"inLanguage\":\"de\"}]}<\/script>\n<!-- \/ Yoast SEO plugin. -->","yoast_head_json":{"title":"Chinesischer Vollkontakt Schwertkampf - Kampfkunstschule Staufen\/ M\u00fcnstertal","robots":{"index":"index","follow":"follow","max-snippet":"max-snippet:-1","max-image-preview":"max-image-preview:large","max-video-preview":"max-video-preview:-1"},"canonical":"https:\/\/zentrum-tcm-kampfkunst.de\/kampfkunstschule\/unser-system\/chinese-swordsmanship\/chinesischer-vollkontakt-schwertkampf\/","og_locale":"de_DE","og_type":"article","og_title":"Chinesischer Vollkontakt Schwertkampf - Kampfkunstschule Staufen\/ M\u00fcnstertal","og_description":"Kehrt die Kindheit in uns zur\u00fcck? Die Zeiten, in denen wir mit Holzschwertern spielten und wir uns als stolze Krieger f\u00fchlten? Vielleicht zu einem kleinen Teil. Im realen Schwertkampf (nat\u00fcrlich [&hellip;]","og_url":"https:\/\/zentrum-tcm-kampfkunst.de\/kampfkunstschule\/unser-system\/chinese-swordsmanship\/chinesischer-vollkontakt-schwertkampf\/","og_site_name":"Kampfkunstschule Staufen\/ M\u00fcnstertal","article_publisher":"https:\/\/www.facebook.com\/dirk.kastner.7","article_modified_time":"2017-07-13T07:38:59+00:00","og_image":[{"url":"https:\/\/zentrum-tcm-kampfkunst.de\/kampfkunstschule\/wp-content\/uploads\/sites\/3\/2017\/05\/Free-Play-Web-01-300x262.jpg","type":"","width":"","height":""}],"twitter_card":"summary_large_image","schema":{"@context":"https:\/\/schema.org","@graph":[{"@type":"WebPage","@id":"https:\/\/zentrum-tcm-kampfkunst.de\/kampfkunstschule\/unser-system\/chinese-swordsmanship\/chinesischer-vollkontakt-schwertkampf\/","url":"https:\/\/zentrum-tcm-kampfkunst.de\/kampfkunstschule\/unser-system\/chinese-swordsmanship\/chinesischer-vollkontakt-schwertkampf\/","name":"Chinesischer Vollkontakt Schwertkampf - Kampfkunstschule Staufen\/ M\u00fcnstertal","isPartOf":{"@id":"https:\/\/zentrum-tcm-kampfkunst.de\/kampfkunstschule\/#website"},"primaryImageOfPage":{"@id":"https:\/\/zentrum-tcm-kampfkunst.de\/kampfkunstschule\/unser-system\/chinese-swordsmanship\/chinesischer-vollkontakt-schwertkampf\/#primaryimage"},"image":{"@id":"https:\/\/zentrum-tcm-kampfkunst.de\/kampfkunstschule\/unser-system\/chinese-swordsmanship\/chinesischer-vollkontakt-schwertkampf\/#primaryimage"},"thumbnailUrl":"https:\/\/zentrum-tcm-kampfkunst.de\/kampfkunstschule\/wp-content\/uploads\/sites\/3\/2017\/05\/Free-Play-Web-01-300x262.jpg","datePublished":"2017-05-23T15:04:34+00:00","dateModified":"2017-07-13T07:38:59+00:00","breadcrumb":{"@id":"https:\/\/zentrum-tcm-kampfkunst.de\/kampfkunstschule\/unser-system\/chinese-swordsmanship\/chinesischer-vollkontakt-schwertkampf\/#breadcrumb"},"inLanguage":"de","potentialAction":[{"@type":"ReadAction","target":["https:\/\/zentrum-tcm-kampfkunst.de\/kampfkunstschule\/unser-system\/chinese-swordsmanship\/chinesischer-vollkontakt-schwertkampf\/"]}]},{"@type":"ImageObject","inLanguage":"de","@id":"https:\/\/zentrum-tcm-kampfkunst.de\/kampfkunstschule\/unser-system\/chinese-swordsmanship\/chinesischer-vollkontakt-schwertkampf\/#primaryimage","url":"https:\/\/zentrum-tcm-kampfkunst.de\/kampfkunstschule\/wp-content\/uploads\/sites\/3\/2017\/05\/Free-Play-Web-01.jpg","contentUrl":"https:\/\/zentrum-tcm-kampfkunst.de\/kampfkunstschule\/wp-content\/uploads\/sites\/3\/2017\/05\/Free-Play-Web-01.jpg","width":600,"height":524},{"@type":"BreadcrumbList","@id":"https:\/\/zentrum-tcm-kampfkunst.de\/kampfkunstschule\/unser-system\/chinese-swordsmanship\/chinesischer-vollkontakt-schwertkampf\/#breadcrumb","itemListElement":[{"@type":"ListItem","position":1,"name":"Start","item":"https:\/\/zentrum-tcm-kampfkunst.de\/kampfkunstschule\/"},{"@type":"ListItem","position":2,"name":"Unser System","item":"https:\/\/zentrum-tcm-kampfkunst.de\/kampfkunstschule\/unser-system\/"},{"@type":"ListItem","position":3,"name":"Chinese Swordsmanship","item":"https:\/\/zentrum-tcm-kampfkunst.de\/kampfkunstschule\/unser-system\/chinese-swordsmanship\/"},{"@type":"ListItem","position":4,"name":"Chinesischer Vollkontakt Schwertkampf"}]},{"@type":"WebSite","@id":"https:\/\/zentrum-tcm-kampfkunst.de\/kampfkunstschule\/#website","url":"https:\/\/zentrum-tcm-kampfkunst.de\/kampfkunstschule\/","name":"Kampfkunstschule Staufen\/ M\u00fcnstertal","description":"Zentrum f\u00fcr TCM &amp; Kampfkunst Guo-Shu","potentialAction":[{"@type":"SearchAction","target":{"@type":"EntryPoint","urlTemplate":"https:\/\/zentrum-tcm-kampfkunst.de\/kampfkunstschule\/?s={search_term_string}"},"query-input":{"@type":"PropertyValueSpecification","valueRequired":true,"valueName":"search_term_string"}}],"inLanguage":"de"}]}},"_links":{"self":[{"href":"https:\/\/zentrum-tcm-kampfkunst.de\/kampfkunstschule\/wp-json\/wp\/v2\/pages\/156","targetHints":{"allow":["GET"]}}],"collection":[{"href":"https:\/\/zentrum-tcm-kampfkunst.de\/kampfkunstschule\/wp-json\/wp\/v2\/pages"}],"about":[{"href":"https:\/\/zentrum-tcm-kampfkunst.de\/kampfkunstschule\/wp-json\/wp\/v2\/types\/page"}],"author":[{"embeddable":true,"href":"https:\/\/zentrum-tcm-kampfkunst.de\/kampfkunstschule\/wp-json\/wp\/v2\/users\/1"}],"replies":[{"embeddable":true,"href":"https:\/\/zentrum-tcm-kampfkunst.de\/kampfkunstschule\/wp-json\/wp\/v2\/comments?post=156"}],"version-history":[{"count":2,"href":"https:\/\/zentrum-tcm-kampfkunst.de\/kampfkunstschule\/wp-json\/wp\/v2\/pages\/156\/revisions"}],"predecessor-version":[{"id":415,"href":"https:\/\/zentrum-tcm-kampfkunst.de\/kampfkunstschule\/wp-json\/wp\/v2\/pages\/156\/revisions\/415"}],"up":[{"embeddable":true,"href":"https:\/\/zentrum-tcm-kampfkunst.de\/kampfkunstschule\/wp-json\/wp\/v2\/pages\/19"}],"wp:attachment":[{"href":"https:\/\/zentrum-tcm-kampfkunst.de\/kampfkunstschule\/wp-json\/wp\/v2\/media?parent=156"}],"curies":[{"name":"wp","href":"https:\/\/api.w.org\/{rel}","templated":true}]}}