{"id":152,"date":"2017-05-23T14:59:07","date_gmt":"2017-05-23T14:59:07","guid":{"rendered":"https:\/\/zentrum-tcm-kampfkunst.de\/kampfkunstschule\/?page_id=152"},"modified":"2017-07-09T21:07:01","modified_gmt":"2017-07-09T19:07:01","slug":"dim-mak-dian-xue-kunst-der-toedlichen-beruehrung","status":"publish","type":"page","link":"https:\/\/zentrum-tcm-kampfkunst.de\/kampfkunstschule\/ueber-kampfkunst\/dim-mak-dian-xue-kunst-der-toedlichen-beruehrung\/","title":{"rendered":"Dim Mak \/ Dian Xue &#8211; &#8222;Kunst der t\u00f6dlichen Ber\u00fchrung&#8220;"},"content":{"rendered":"<div class=\"csc-textpic-text\">\n<figure id=\"attachment_320\" aria-describedby=\"caption-attachment-320\" style=\"width: 160px\" class=\"wp-caption alignright\"><img loading=\"lazy\" decoding=\"async\" class=\"size-full wp-image-320\" src=\"https:\/\/zentrum-tcm-kampfkunst.de\/kampfkunstschule\/wp-content\/uploads\/sites\/3\/2017\/05\/Zhang_Sanfeng.jpg\" alt=\"Zhang Sanfeng\" width=\"160\" height=\"295\" \/><figcaption id=\"caption-attachment-320\" class=\"wp-caption-text\">Zhang Sanfeng<\/figcaption><\/figure>\n<p class=\"bodytext\">Die Geschichte von Dim Mak \/ Dian Xue ist ziemlich grau, aber es gibt einige Informationen \u00fcber seine Urspr\u00fcnge.<\/p>\n<p class=\"bodytext\">Der legend\u00e4re Taoist Chang San Feng, gilt als der Gr\u00fcnder des Wudang Stils, des Tai Chi Quan und des Dim Mak \/ Dian Xue.\u00a0Er wurde irgendwann zwischen 1270 und 1347 geboren. Die meisten Gelehrten stimmen \u00fcberein, dass 1270 das wahrscheinlichste Datum ist, und man kann annehmen, dass er Dian Xue etwa 1300 entwickelte. Er und zwei seiner Freunde, die Akupunkteure waren, beschlossen Experimente an Tier und Mensch vorzunehmen, um die Wirkungen von Angriffen auf die Akupunkturpunkte zu analysieren.<\/p>\n<p class=\"bodytext\">Es gibt sehr viele Anhalte in Changs Geschichte vom Dim Mak \/ Dian Xue, so dass jedes Jahr Zehntausende von chinesischen Kampfk\u00fcnstlern Changs Geburtstag feiern.<\/p>\n<p class=\"bodytext\">Im Dim Mak \/ Dian Xue werden Akupunkturpunkte des Gegners angegriffen, um diese negativ zu stimulieren. Druck, Sto\u00df oder Schlag auf einen Vitalpunkt k\u00f6nnen Schmerzen, kurzzeitige L\u00e4hmung, Atemstillstand oder auch den Tod verursachen.<\/p>\n<p class=\"bodytext\"><span class=\"important\">Der legend\u00e4re Taoist Chang San Feng gilt als Begr\u00fcnder des Dim Mak \/ Dian Xue. In diesem System werden Akupunkturpunkte des Gegners mit unterschiedlicher Wirkung angegriffen.<\/span><\/p>\n<p class=\"bodytext\">Die benutzten Punkte\u00a0 entsprechen den Akupunkturpunkten der TCM.\u00a0 Das K\u00e4mpfen und das Heilen liegen eng beieinander, was der Philosophie des Dim Mak \/ Dian Xue, wie auch jeder anderen Kampfkunst mit chinesischen Wurzeln entspricht. Traditionell studiert der Lernende zuerst die Heilmethoden, die eine Regeneration der durch seinen Kampfstil ausgel\u00f6sten Sch\u00e4den erm\u00f6glichen und erst dann die Kampfhandlung selbst. Die Verwendung der Punkte f\u00fcr die Heilung geht jedoch weit \u00fcber diese Behebung von Kampfsch\u00e4den hinaus in die generelle T\u00e4tigkeit der &#8222;Notfallheilung&#8220; oder &#8222;Heilung f\u00fcr den Hausgebrauch&#8220;. Hier wird das Thema Akupressur wesentlich zentralisiert, aber auch die Heilung durch Tuina oder die Kr\u00e4uterheilkunde spielen eine Rolle.<\/p>\n<p class=\"bodytext\"><span class=\"important\">Sifu Dirk Gomez y Rieser (K\u00e4stner) unterrichtet das System des Dim Mak \/ Dian Xue. Er legt in seinen Ausf\u00fchrungen nicht nur Wert auf die negative Stimulation dieser Punkte, sondern sein Anliegen ist haupts\u00e4chlich das Vermitteln der Neutralisation solcher Angriffe.<\/span><\/p>\n<\/div>\n","protected":false},"excerpt":{"rendered":"<p>Die Geschichte von Dim Mak \/ Dian Xue ist ziemlich grau, aber es gibt einige Informationen \u00fcber seine Urspr\u00fcnge. Der legend\u00e4re Taoist Chang San Feng, gilt als der Gr\u00fcnder des [&hellip;]<\/p>\n","protected":false},"author":1,"featured_media":0,"parent":11,"menu_order":0,"comment_status":"closed","ping_status":"closed","template":"","meta":{"footnotes":""},"class_list":["post-152","page","type-page","status-publish","hentry"],"yoast_head":"<!-- This site is optimized with the Yoast SEO plugin v27.3 - https:\/\/yoast.com\/product\/yoast-seo-wordpress\/ -->\n<title>Dim Mak \/ Dian Xue - &quot;Kunst der t\u00f6dlichen Ber\u00fchrung&quot; - Kampfkunstschule Staufen\/ M\u00fcnstertal<\/title>\n<meta name=\"robots\" content=\"index, follow, max-snippet:-1, max-image-preview:large, max-video-preview:-1\" \/>\n<link rel=\"canonical\" href=\"https:\/\/zentrum-tcm-kampfkunst.de\/kampfkunstschule\/ueber-kampfkunst\/dim-mak-dian-xue-kunst-der-toedlichen-beruehrung\/\" \/>\n<meta property=\"og:locale\" content=\"de_DE\" \/>\n<meta property=\"og:type\" content=\"article\" \/>\n<meta property=\"og:title\" content=\"Dim Mak \/ Dian Xue - &quot;Kunst der t\u00f6dlichen Ber\u00fchrung&quot; - Kampfkunstschule Staufen\/ M\u00fcnstertal\" \/>\n<meta property=\"og:description\" content=\"Die Geschichte von Dim Mak \/ Dian Xue ist ziemlich grau, aber es gibt einige Informationen \u00fcber seine Urspr\u00fcnge. Der legend\u00e4re Taoist Chang San Feng, gilt als der Gr\u00fcnder des [&hellip;]\" \/>\n<meta property=\"og:url\" content=\"https:\/\/zentrum-tcm-kampfkunst.de\/kampfkunstschule\/ueber-kampfkunst\/dim-mak-dian-xue-kunst-der-toedlichen-beruehrung\/\" \/>\n<meta property=\"og:site_name\" content=\"Kampfkunstschule Staufen\/ M\u00fcnstertal\" \/>\n<meta property=\"article:publisher\" content=\"https:\/\/www.facebook.com\/dirk.kastner.7\" \/>\n<meta property=\"article:modified_time\" content=\"2017-07-09T19:07:01+00:00\" \/>\n<meta property=\"og:image\" content=\"https:\/\/zentrum-tcm-kampfkunst.de\/kampfkunstschule\/wp-content\/uploads\/sites\/3\/2017\/05\/Zhang_Sanfeng.jpg\" \/>\n<meta name=\"twitter:card\" content=\"summary_large_image\" \/>\n<meta name=\"twitter:label1\" content=\"Gesch\u00e4tzte Lesezeit\" \/>\n\t<meta name=\"twitter:data1\" content=\"2\u00a0Minuten\" \/>\n<script type=\"application\/ld+json\" class=\"yoast-schema-graph\">{\"@context\":\"https:\\\/\\\/schema.org\",\"@graph\":[{\"@type\":\"WebPage\",\"@id\":\"https:\\\/\\\/zentrum-tcm-kampfkunst.de\\\/kampfkunstschule\\\/ueber-kampfkunst\\\/dim-mak-dian-xue-kunst-der-toedlichen-beruehrung\\\/\",\"url\":\"https:\\\/\\\/zentrum-tcm-kampfkunst.de\\\/kampfkunstschule\\\/ueber-kampfkunst\\\/dim-mak-dian-xue-kunst-der-toedlichen-beruehrung\\\/\",\"name\":\"Dim Mak \\\/ Dian Xue - \\\"Kunst der t\u00f6dlichen Ber\u00fchrung\\\" - Kampfkunstschule Staufen\\\/ M\u00fcnstertal\",\"isPartOf\":{\"@id\":\"https:\\\/\\\/zentrum-tcm-kampfkunst.de\\\/kampfkunstschule\\\/#website\"},\"primaryImageOfPage\":{\"@id\":\"https:\\\/\\\/zentrum-tcm-kampfkunst.de\\\/kampfkunstschule\\\/ueber-kampfkunst\\\/dim-mak-dian-xue-kunst-der-toedlichen-beruehrung\\\/#primaryimage\"},\"image\":{\"@id\":\"https:\\\/\\\/zentrum-tcm-kampfkunst.de\\\/kampfkunstschule\\\/ueber-kampfkunst\\\/dim-mak-dian-xue-kunst-der-toedlichen-beruehrung\\\/#primaryimage\"},\"thumbnailUrl\":\"https:\\\/\\\/zentrum-tcm-kampfkunst.de\\\/kampfkunstschule\\\/wp-content\\\/uploads\\\/sites\\\/3\\\/2017\\\/05\\\/Zhang_Sanfeng.jpg\",\"datePublished\":\"2017-05-23T14:59:07+00:00\",\"dateModified\":\"2017-07-09T19:07:01+00:00\",\"breadcrumb\":{\"@id\":\"https:\\\/\\\/zentrum-tcm-kampfkunst.de\\\/kampfkunstschule\\\/ueber-kampfkunst\\\/dim-mak-dian-xue-kunst-der-toedlichen-beruehrung\\\/#breadcrumb\"},\"inLanguage\":\"de\",\"potentialAction\":[{\"@type\":\"ReadAction\",\"target\":[\"https:\\\/\\\/zentrum-tcm-kampfkunst.de\\\/kampfkunstschule\\\/ueber-kampfkunst\\\/dim-mak-dian-xue-kunst-der-toedlichen-beruehrung\\\/\"]}]},{\"@type\":\"ImageObject\",\"inLanguage\":\"de\",\"@id\":\"https:\\\/\\\/zentrum-tcm-kampfkunst.de\\\/kampfkunstschule\\\/ueber-kampfkunst\\\/dim-mak-dian-xue-kunst-der-toedlichen-beruehrung\\\/#primaryimage\",\"url\":\"https:\\\/\\\/zentrum-tcm-kampfkunst.de\\\/kampfkunstschule\\\/wp-content\\\/uploads\\\/sites\\\/3\\\/2017\\\/05\\\/Zhang_Sanfeng.jpg\",\"contentUrl\":\"https:\\\/\\\/zentrum-tcm-kampfkunst.de\\\/kampfkunstschule\\\/wp-content\\\/uploads\\\/sites\\\/3\\\/2017\\\/05\\\/Zhang_Sanfeng.jpg\",\"width\":160,\"height\":295,\"caption\":\"Zhang Sanfeng\"},{\"@type\":\"BreadcrumbList\",\"@id\":\"https:\\\/\\\/zentrum-tcm-kampfkunst.de\\\/kampfkunstschule\\\/ueber-kampfkunst\\\/dim-mak-dian-xue-kunst-der-toedlichen-beruehrung\\\/#breadcrumb\",\"itemListElement\":[{\"@type\":\"ListItem\",\"position\":1,\"name\":\"Start\",\"item\":\"https:\\\/\\\/zentrum-tcm-kampfkunst.de\\\/kampfkunstschule\\\/\"},{\"@type\":\"ListItem\",\"position\":2,\"name\":\"\u00dcber Kampfkunst\",\"item\":\"https:\\\/\\\/zentrum-tcm-kampfkunst.de\\\/kampfkunstschule\\\/ueber-kampfkunst\\\/\"},{\"@type\":\"ListItem\",\"position\":3,\"name\":\"Dim Mak \\\/ Dian Xue &#8211; &#8222;Kunst der t\u00f6dlichen Ber\u00fchrung&#8220;\"}]},{\"@type\":\"WebSite\",\"@id\":\"https:\\\/\\\/zentrum-tcm-kampfkunst.de\\\/kampfkunstschule\\\/#website\",\"url\":\"https:\\\/\\\/zentrum-tcm-kampfkunst.de\\\/kampfkunstschule\\\/\",\"name\":\"Kampfkunstschule Staufen\\\/ M\u00fcnstertal\",\"description\":\"Zentrum f\u00fcr TCM &amp; Kampfkunst Guo-Shu\",\"potentialAction\":[{\"@type\":\"SearchAction\",\"target\":{\"@type\":\"EntryPoint\",\"urlTemplate\":\"https:\\\/\\\/zentrum-tcm-kampfkunst.de\\\/kampfkunstschule\\\/?s={search_term_string}\"},\"query-input\":{\"@type\":\"PropertyValueSpecification\",\"valueRequired\":true,\"valueName\":\"search_term_string\"}}],\"inLanguage\":\"de\"}]}<\/script>\n<!-- \/ Yoast SEO plugin. -->","yoast_head_json":{"title":"Dim Mak \/ Dian Xue - \"Kunst der t\u00f6dlichen Ber\u00fchrung\" - Kampfkunstschule Staufen\/ M\u00fcnstertal","robots":{"index":"index","follow":"follow","max-snippet":"max-snippet:-1","max-image-preview":"max-image-preview:large","max-video-preview":"max-video-preview:-1"},"canonical":"https:\/\/zentrum-tcm-kampfkunst.de\/kampfkunstschule\/ueber-kampfkunst\/dim-mak-dian-xue-kunst-der-toedlichen-beruehrung\/","og_locale":"de_DE","og_type":"article","og_title":"Dim Mak \/ Dian Xue - \"Kunst der t\u00f6dlichen Ber\u00fchrung\" - Kampfkunstschule Staufen\/ M\u00fcnstertal","og_description":"Die Geschichte von Dim Mak \/ Dian Xue ist ziemlich grau, aber es gibt einige Informationen \u00fcber seine Urspr\u00fcnge. Der legend\u00e4re Taoist Chang San Feng, gilt als der Gr\u00fcnder des [&hellip;]","og_url":"https:\/\/zentrum-tcm-kampfkunst.de\/kampfkunstschule\/ueber-kampfkunst\/dim-mak-dian-xue-kunst-der-toedlichen-beruehrung\/","og_site_name":"Kampfkunstschule Staufen\/ M\u00fcnstertal","article_publisher":"https:\/\/www.facebook.com\/dirk.kastner.7","article_modified_time":"2017-07-09T19:07:01+00:00","og_image":[{"url":"https:\/\/zentrum-tcm-kampfkunst.de\/kampfkunstschule\/wp-content\/uploads\/sites\/3\/2017\/05\/Zhang_Sanfeng.jpg","type":"","width":"","height":""}],"twitter_card":"summary_large_image","twitter_misc":{"Gesch\u00e4tzte Lesezeit":"2\u00a0Minuten"},"schema":{"@context":"https:\/\/schema.org","@graph":[{"@type":"WebPage","@id":"https:\/\/zentrum-tcm-kampfkunst.de\/kampfkunstschule\/ueber-kampfkunst\/dim-mak-dian-xue-kunst-der-toedlichen-beruehrung\/","url":"https:\/\/zentrum-tcm-kampfkunst.de\/kampfkunstschule\/ueber-kampfkunst\/dim-mak-dian-xue-kunst-der-toedlichen-beruehrung\/","name":"Dim Mak \/ Dian Xue - \"Kunst der t\u00f6dlichen Ber\u00fchrung\" - Kampfkunstschule Staufen\/ M\u00fcnstertal","isPartOf":{"@id":"https:\/\/zentrum-tcm-kampfkunst.de\/kampfkunstschule\/#website"},"primaryImageOfPage":{"@id":"https:\/\/zentrum-tcm-kampfkunst.de\/kampfkunstschule\/ueber-kampfkunst\/dim-mak-dian-xue-kunst-der-toedlichen-beruehrung\/#primaryimage"},"image":{"@id":"https:\/\/zentrum-tcm-kampfkunst.de\/kampfkunstschule\/ueber-kampfkunst\/dim-mak-dian-xue-kunst-der-toedlichen-beruehrung\/#primaryimage"},"thumbnailUrl":"https:\/\/zentrum-tcm-kampfkunst.de\/kampfkunstschule\/wp-content\/uploads\/sites\/3\/2017\/05\/Zhang_Sanfeng.jpg","datePublished":"2017-05-23T14:59:07+00:00","dateModified":"2017-07-09T19:07:01+00:00","breadcrumb":{"@id":"https:\/\/zentrum-tcm-kampfkunst.de\/kampfkunstschule\/ueber-kampfkunst\/dim-mak-dian-xue-kunst-der-toedlichen-beruehrung\/#breadcrumb"},"inLanguage":"de","potentialAction":[{"@type":"ReadAction","target":["https:\/\/zentrum-tcm-kampfkunst.de\/kampfkunstschule\/ueber-kampfkunst\/dim-mak-dian-xue-kunst-der-toedlichen-beruehrung\/"]}]},{"@type":"ImageObject","inLanguage":"de","@id":"https:\/\/zentrum-tcm-kampfkunst.de\/kampfkunstschule\/ueber-kampfkunst\/dim-mak-dian-xue-kunst-der-toedlichen-beruehrung\/#primaryimage","url":"https:\/\/zentrum-tcm-kampfkunst.de\/kampfkunstschule\/wp-content\/uploads\/sites\/3\/2017\/05\/Zhang_Sanfeng.jpg","contentUrl":"https:\/\/zentrum-tcm-kampfkunst.de\/kampfkunstschule\/wp-content\/uploads\/sites\/3\/2017\/05\/Zhang_Sanfeng.jpg","width":160,"height":295,"caption":"Zhang Sanfeng"},{"@type":"BreadcrumbList","@id":"https:\/\/zentrum-tcm-kampfkunst.de\/kampfkunstschule\/ueber-kampfkunst\/dim-mak-dian-xue-kunst-der-toedlichen-beruehrung\/#breadcrumb","itemListElement":[{"@type":"ListItem","position":1,"name":"Start","item":"https:\/\/zentrum-tcm-kampfkunst.de\/kampfkunstschule\/"},{"@type":"ListItem","position":2,"name":"\u00dcber Kampfkunst","item":"https:\/\/zentrum-tcm-kampfkunst.de\/kampfkunstschule\/ueber-kampfkunst\/"},{"@type":"ListItem","position":3,"name":"Dim Mak \/ Dian Xue &#8211; &#8222;Kunst der t\u00f6dlichen Ber\u00fchrung&#8220;"}]},{"@type":"WebSite","@id":"https:\/\/zentrum-tcm-kampfkunst.de\/kampfkunstschule\/#website","url":"https:\/\/zentrum-tcm-kampfkunst.de\/kampfkunstschule\/","name":"Kampfkunstschule Staufen\/ M\u00fcnstertal","description":"Zentrum f\u00fcr TCM &amp; Kampfkunst Guo-Shu","potentialAction":[{"@type":"SearchAction","target":{"@type":"EntryPoint","urlTemplate":"https:\/\/zentrum-tcm-kampfkunst.de\/kampfkunstschule\/?s={search_term_string}"},"query-input":{"@type":"PropertyValueSpecification","valueRequired":true,"valueName":"search_term_string"}}],"inLanguage":"de"}]}},"_links":{"self":[{"href":"https:\/\/zentrum-tcm-kampfkunst.de\/kampfkunstschule\/wp-json\/wp\/v2\/pages\/152","targetHints":{"allow":["GET"]}}],"collection":[{"href":"https:\/\/zentrum-tcm-kampfkunst.de\/kampfkunstschule\/wp-json\/wp\/v2\/pages"}],"about":[{"href":"https:\/\/zentrum-tcm-kampfkunst.de\/kampfkunstschule\/wp-json\/wp\/v2\/types\/page"}],"author":[{"embeddable":true,"href":"https:\/\/zentrum-tcm-kampfkunst.de\/kampfkunstschule\/wp-json\/wp\/v2\/users\/1"}],"replies":[{"embeddable":true,"href":"https:\/\/zentrum-tcm-kampfkunst.de\/kampfkunstschule\/wp-json\/wp\/v2\/comments?post=152"}],"version-history":[{"count":1,"href":"https:\/\/zentrum-tcm-kampfkunst.de\/kampfkunstschule\/wp-json\/wp\/v2\/pages\/152\/revisions"}],"predecessor-version":[{"id":321,"href":"https:\/\/zentrum-tcm-kampfkunst.de\/kampfkunstschule\/wp-json\/wp\/v2\/pages\/152\/revisions\/321"}],"up":[{"embeddable":true,"href":"https:\/\/zentrum-tcm-kampfkunst.de\/kampfkunstschule\/wp-json\/wp\/v2\/pages\/11"}],"wp:attachment":[{"href":"https:\/\/zentrum-tcm-kampfkunst.de\/kampfkunstschule\/wp-json\/wp\/v2\/media?parent=152"}],"curies":[{"name":"wp","href":"https:\/\/api.w.org\/{rel}","templated":true}]}}