{"id":150,"date":"2017-05-23T14:54:32","date_gmt":"2017-05-23T14:54:32","guid":{"rendered":"https:\/\/zentrum-tcm-kampfkunst.de\/kampfkunstschule\/?page_id=150"},"modified":"2017-05-23T14:54:32","modified_gmt":"2017-05-23T14:54:32","slug":"notwehr","status":"publish","type":"page","link":"https:\/\/zentrum-tcm-kampfkunst.de\/kampfkunstschule\/ueber-kampfkunst\/notwehr\/","title":{"rendered":"Notwehr"},"content":{"rendered":"<p class=\"bodytext\">Eine durch Notwehr (\u00a7 227 BGB) gebotene Handlung ist nicht widerrechtlich. Notwehr ist diejenige Verteidigung, welche erforderlich ist, um einen gegenw\u00e4rtigen Angriff von sich oder einem anderen abzuwehren.<\/p>\n<p>Der Angriff kann sich nicht nur gegen Leben und Gesundheit richten, jedes Rechtsgut darf gesch\u00fctzt werden.<\/p>\n<p>Hat der Angriff aufgeh\u00f6rt, so darf man nicht mehr gegen den Gegner vorgehen.<\/p>\n<p class=\"bodytext\"><span class=\"important\"><b>Jede Form von Vergeltung ist strafbar.<\/b><\/span><\/p>\n<p class=\"bodytext\">Gegenw\u00e4rtig ist der Angriff bereits, wenn er unmittelbar bevorsteht. Bei jeder Verteidigung ist R\u00fccksicht in Form der Verh\u00e4ltnism\u00e4\u00dfigkeit zu nehmen.<\/p>\n<p class=\"bodytext\"><span class=\"important\"><b>Mensch denke aber auch daran, dass er alles verantworten muss: vor dem Gesetz und sich selbst!<\/b><\/span><\/p>\n","protected":false},"excerpt":{"rendered":"<p>Eine durch Notwehr (\u00a7 227 BGB) gebotene Handlung ist nicht widerrechtlich. Notwehr ist diejenige Verteidigung, welche erforderlich ist, um einen gegenw\u00e4rtigen Angriff von sich oder einem anderen abzuwehren. Der Angriff [&hellip;]<\/p>\n","protected":false},"author":1,"featured_media":0,"parent":11,"menu_order":0,"comment_status":"closed","ping_status":"closed","template":"","meta":{"footnotes":""},"class_list":["post-150","page","type-page","status-publish","hentry"],"yoast_head":"<!-- This site is optimized with the Yoast SEO plugin v27.4 - https:\/\/yoast.com\/product\/yoast-seo-wordpress\/ -->\n<title>Notwehr - Kampfkunstschule Staufen\/ M\u00fcnstertal<\/title>\n<meta name=\"robots\" content=\"index, follow, max-snippet:-1, max-image-preview:large, max-video-preview:-1\" \/>\n<link rel=\"canonical\" href=\"https:\/\/zentrum-tcm-kampfkunst.de\/kampfkunstschule\/ueber-kampfkunst\/notwehr\/\" \/>\n<meta property=\"og:locale\" content=\"de_DE\" \/>\n<meta property=\"og:type\" content=\"article\" \/>\n<meta property=\"og:title\" content=\"Notwehr - Kampfkunstschule Staufen\/ M\u00fcnstertal\" \/>\n<meta property=\"og:description\" content=\"Eine durch Notwehr (\u00a7 227 BGB) gebotene Handlung ist nicht widerrechtlich. Notwehr ist diejenige Verteidigung, welche erforderlich ist, um einen gegenw\u00e4rtigen Angriff von sich oder einem anderen abzuwehren. Der Angriff [&hellip;]\" \/>\n<meta property=\"og:url\" content=\"https:\/\/zentrum-tcm-kampfkunst.de\/kampfkunstschule\/ueber-kampfkunst\/notwehr\/\" \/>\n<meta property=\"og:site_name\" content=\"Kampfkunstschule Staufen\/ M\u00fcnstertal\" \/>\n<meta property=\"article:publisher\" content=\"https:\/\/www.facebook.com\/dirk.kastner.7\" \/>\n<meta name=\"twitter:card\" content=\"summary_large_image\" \/>\n<meta name=\"twitter:label1\" content=\"Gesch\u00e4tzte Lesezeit\" \/>\n\t<meta name=\"twitter:data1\" content=\"1\u00a0Minute\" \/>\n<script type=\"application\/ld+json\" class=\"yoast-schema-graph\">{\"@context\":\"https:\\\/\\\/schema.org\",\"@graph\":[{\"@type\":\"WebPage\",\"@id\":\"https:\\\/\\\/zentrum-tcm-kampfkunst.de\\\/kampfkunstschule\\\/ueber-kampfkunst\\\/notwehr\\\/\",\"url\":\"https:\\\/\\\/zentrum-tcm-kampfkunst.de\\\/kampfkunstschule\\\/ueber-kampfkunst\\\/notwehr\\\/\",\"name\":\"Notwehr - Kampfkunstschule Staufen\\\/ M\u00fcnstertal\",\"isPartOf\":{\"@id\":\"https:\\\/\\\/zentrum-tcm-kampfkunst.de\\\/kampfkunstschule\\\/#website\"},\"datePublished\":\"2017-05-23T14:54:32+00:00\",\"breadcrumb\":{\"@id\":\"https:\\\/\\\/zentrum-tcm-kampfkunst.de\\\/kampfkunstschule\\\/ueber-kampfkunst\\\/notwehr\\\/#breadcrumb\"},\"inLanguage\":\"de\",\"potentialAction\":[{\"@type\":\"ReadAction\",\"target\":[\"https:\\\/\\\/zentrum-tcm-kampfkunst.de\\\/kampfkunstschule\\\/ueber-kampfkunst\\\/notwehr\\\/\"]}]},{\"@type\":\"BreadcrumbList\",\"@id\":\"https:\\\/\\\/zentrum-tcm-kampfkunst.de\\\/kampfkunstschule\\\/ueber-kampfkunst\\\/notwehr\\\/#breadcrumb\",\"itemListElement\":[{\"@type\":\"ListItem\",\"position\":1,\"name\":\"Start\",\"item\":\"https:\\\/\\\/zentrum-tcm-kampfkunst.de\\\/kampfkunstschule\\\/\"},{\"@type\":\"ListItem\",\"position\":2,\"name\":\"\u00dcber Kampfkunst\",\"item\":\"https:\\\/\\\/zentrum-tcm-kampfkunst.de\\\/kampfkunstschule\\\/ueber-kampfkunst\\\/\"},{\"@type\":\"ListItem\",\"position\":3,\"name\":\"Notwehr\"}]},{\"@type\":\"WebSite\",\"@id\":\"https:\\\/\\\/zentrum-tcm-kampfkunst.de\\\/kampfkunstschule\\\/#website\",\"url\":\"https:\\\/\\\/zentrum-tcm-kampfkunst.de\\\/kampfkunstschule\\\/\",\"name\":\"Kampfkunstschule Staufen\\\/ M\u00fcnstertal\",\"description\":\"Zentrum f\u00fcr TCM &amp; Kampfkunst Guo-Shu\",\"potentialAction\":[{\"@type\":\"SearchAction\",\"target\":{\"@type\":\"EntryPoint\",\"urlTemplate\":\"https:\\\/\\\/zentrum-tcm-kampfkunst.de\\\/kampfkunstschule\\\/?s={search_term_string}\"},\"query-input\":{\"@type\":\"PropertyValueSpecification\",\"valueRequired\":true,\"valueName\":\"search_term_string\"}}],\"inLanguage\":\"de\"}]}<\/script>\n<!-- \/ Yoast SEO plugin. -->","yoast_head_json":{"title":"Notwehr - Kampfkunstschule Staufen\/ M\u00fcnstertal","robots":{"index":"index","follow":"follow","max-snippet":"max-snippet:-1","max-image-preview":"max-image-preview:large","max-video-preview":"max-video-preview:-1"},"canonical":"https:\/\/zentrum-tcm-kampfkunst.de\/kampfkunstschule\/ueber-kampfkunst\/notwehr\/","og_locale":"de_DE","og_type":"article","og_title":"Notwehr - Kampfkunstschule Staufen\/ M\u00fcnstertal","og_description":"Eine durch Notwehr (\u00a7 227 BGB) gebotene Handlung ist nicht widerrechtlich. Notwehr ist diejenige Verteidigung, welche erforderlich ist, um einen gegenw\u00e4rtigen Angriff von sich oder einem anderen abzuwehren. Der Angriff [&hellip;]","og_url":"https:\/\/zentrum-tcm-kampfkunst.de\/kampfkunstschule\/ueber-kampfkunst\/notwehr\/","og_site_name":"Kampfkunstschule Staufen\/ M\u00fcnstertal","article_publisher":"https:\/\/www.facebook.com\/dirk.kastner.7","twitter_card":"summary_large_image","twitter_misc":{"Gesch\u00e4tzte Lesezeit":"1\u00a0Minute"},"schema":{"@context":"https:\/\/schema.org","@graph":[{"@type":"WebPage","@id":"https:\/\/zentrum-tcm-kampfkunst.de\/kampfkunstschule\/ueber-kampfkunst\/notwehr\/","url":"https:\/\/zentrum-tcm-kampfkunst.de\/kampfkunstschule\/ueber-kampfkunst\/notwehr\/","name":"Notwehr - Kampfkunstschule Staufen\/ M\u00fcnstertal","isPartOf":{"@id":"https:\/\/zentrum-tcm-kampfkunst.de\/kampfkunstschule\/#website"},"datePublished":"2017-05-23T14:54:32+00:00","breadcrumb":{"@id":"https:\/\/zentrum-tcm-kampfkunst.de\/kampfkunstschule\/ueber-kampfkunst\/notwehr\/#breadcrumb"},"inLanguage":"de","potentialAction":[{"@type":"ReadAction","target":["https:\/\/zentrum-tcm-kampfkunst.de\/kampfkunstschule\/ueber-kampfkunst\/notwehr\/"]}]},{"@type":"BreadcrumbList","@id":"https:\/\/zentrum-tcm-kampfkunst.de\/kampfkunstschule\/ueber-kampfkunst\/notwehr\/#breadcrumb","itemListElement":[{"@type":"ListItem","position":1,"name":"Start","item":"https:\/\/zentrum-tcm-kampfkunst.de\/kampfkunstschule\/"},{"@type":"ListItem","position":2,"name":"\u00dcber Kampfkunst","item":"https:\/\/zentrum-tcm-kampfkunst.de\/kampfkunstschule\/ueber-kampfkunst\/"},{"@type":"ListItem","position":3,"name":"Notwehr"}]},{"@type":"WebSite","@id":"https:\/\/zentrum-tcm-kampfkunst.de\/kampfkunstschule\/#website","url":"https:\/\/zentrum-tcm-kampfkunst.de\/kampfkunstschule\/","name":"Kampfkunstschule Staufen\/ M\u00fcnstertal","description":"Zentrum f\u00fcr TCM &amp; Kampfkunst Guo-Shu","potentialAction":[{"@type":"SearchAction","target":{"@type":"EntryPoint","urlTemplate":"https:\/\/zentrum-tcm-kampfkunst.de\/kampfkunstschule\/?s={search_term_string}"},"query-input":{"@type":"PropertyValueSpecification","valueRequired":true,"valueName":"search_term_string"}}],"inLanguage":"de"}]}},"_links":{"self":[{"href":"https:\/\/zentrum-tcm-kampfkunst.de\/kampfkunstschule\/wp-json\/wp\/v2\/pages\/150","targetHints":{"allow":["GET"]}}],"collection":[{"href":"https:\/\/zentrum-tcm-kampfkunst.de\/kampfkunstschule\/wp-json\/wp\/v2\/pages"}],"about":[{"href":"https:\/\/zentrum-tcm-kampfkunst.de\/kampfkunstschule\/wp-json\/wp\/v2\/types\/page"}],"author":[{"embeddable":true,"href":"https:\/\/zentrum-tcm-kampfkunst.de\/kampfkunstschule\/wp-json\/wp\/v2\/users\/1"}],"replies":[{"embeddable":true,"href":"https:\/\/zentrum-tcm-kampfkunst.de\/kampfkunstschule\/wp-json\/wp\/v2\/comments?post=150"}],"version-history":[{"count":0,"href":"https:\/\/zentrum-tcm-kampfkunst.de\/kampfkunstschule\/wp-json\/wp\/v2\/pages\/150\/revisions"}],"up":[{"embeddable":true,"href":"https:\/\/zentrum-tcm-kampfkunst.de\/kampfkunstschule\/wp-json\/wp\/v2\/pages\/11"}],"wp:attachment":[{"href":"https:\/\/zentrum-tcm-kampfkunst.de\/kampfkunstschule\/wp-json\/wp\/v2\/media?parent=150"}],"curies":[{"name":"wp","href":"https:\/\/api.w.org\/{rel}","templated":true}]}}