{"id":11,"date":"2017-05-12T15:17:03","date_gmt":"2017-05-12T15:17:03","guid":{"rendered":"https:\/\/zentrum-tcm-kampfkunst.de\/kampfkunstschule\/?page_id=10"},"modified":"2017-07-09T20:54:53","modified_gmt":"2017-07-09T18:54:53","slug":"ueber-kampfkunst","status":"publish","type":"page","link":"https:\/\/zentrum-tcm-kampfkunst.de\/kampfkunstschule\/ueber-kampfkunst\/","title":{"rendered":"\u00dcber Kampfkunst"},"content":{"rendered":"<figure id=\"attachment_302\" aria-describedby=\"caption-attachment-302\" style=\"width: 100px\" class=\"wp-caption alignright\"><img loading=\"lazy\" decoding=\"async\" class=\"size-full wp-image-302\" src=\"https:\/\/zentrum-tcm-kampfkunst.de\/kampfkunstschule\/wp-content\/uploads\/sites\/3\/2017\/05\/kungfu.jpg\" alt=\"Kung-Fu\" width=\"100\" height=\"194\" \/><figcaption id=\"caption-attachment-302\" class=\"wp-caption-text\">Kung-Fu<\/figcaption><\/figure>\n<p>&#8222;Kung Fu&#8220; ist ein Name, der von Engl\u00e4ndern und Amerikanern in die westliche Welt getragen wurde und bedeutet eigentlich nur &#8222;harte Arbeit&#8220;. Der eigentliche Name lautet: &#8222;Wu Shu&#8220; und bezeichnet Kriegskunst bzw. Kampfkunst, die durch die Erfahrungen der Kriege im asiatischen Raum \u00fcber Jahrhunderte hinweg gepr\u00e4gt und perfektioniert wurde.\u00a0 Kenntnisse der traditionellen Chinesischen Medizin (TCM), der menschlichen Anatomie und Physiologie vervollst\u00e4ndigen diese Kampfkunst. Es heisst, dass die Chinesen den Kampf als eine Kunst betrachten und noch dazu als die wichtigste, die der Mensch in seiner Evolution durchlaufen hat.<\/p>\n<figure id=\"attachment_299\" aria-describedby=\"caption-attachment-299\" style=\"width: 147px\" class=\"wp-caption alignleft\"><img loading=\"lazy\" decoding=\"async\" class=\"wp-image-299 size-medium\" src=\"https:\/\/zentrum-tcm-kampfkunst.de\/kampfkunstschule\/wp-content\/uploads\/sites\/3\/2017\/05\/huangdi-147x300.jpg\" alt=\"Huang Di\" width=\"147\" height=\"300\" srcset=\"https:\/\/zentrum-tcm-kampfkunst.de\/kampfkunstschule\/wp-content\/uploads\/sites\/3\/2017\/05\/huangdi-147x300.jpg 147w, https:\/\/zentrum-tcm-kampfkunst.de\/kampfkunstschule\/wp-content\/uploads\/sites\/3\/2017\/05\/huangdi.jpg 166w\" sizes=\"auto, (max-width: 147px) 100vw, 147px\" \/><figcaption id=\"caption-attachment-299\" class=\"wp-caption-text\">Huang Di<\/figcaption><\/figure>\n<p>Diese Kunst spiegelt sich auch in der Vielzahl der Wu Shu \/ Kung Fu Systeme wider. Heute kann man sagen, dass es ca. 2000 verschiedene Stile gibt, die sich in ihrer Vielfalt so gewaltig unterscheiden, wie z.B. das Boxen vom Ringen. Das Kung Fu, oder auch Wu Shu (= Kriegskunst) kommt, so denken viele Laien, urspr\u00fcnglich allein aus China. Wie wir jedoch heute wissen, hat diese Kampfkunst auch einen gro\u00dfen Einfluss aus Indien erfahren.<\/p>\n<figure id=\"attachment_300\" aria-describedby=\"caption-attachment-300\" style=\"width: 185px\" class=\"wp-caption alignright\"><img loading=\"lazy\" decoding=\"async\" class=\"wp-image-300 size-full\" src=\"https:\/\/zentrum-tcm-kampfkunst.de\/kampfkunstschule\/wp-content\/uploads\/sites\/3\/2017\/05\/bodidharma.jpg\" alt=\"Bodidharma\" width=\"185\" height=\"270\" \/><figcaption id=\"caption-attachment-300\" class=\"wp-caption-text\">Bodidharma<\/figcaption><\/figure>\n<p>Eine Person, die hier immer wieder auftaucht, ist der legend\u00e4re Kaiser Huang Di. Man schreibt ihm die Entstehung der chinesischen Faustkunst (ca. 3200 v. Chr.) zu. Au\u00dferdem kann man geschichtlich als \u00e4lteste Erw\u00e4hnung einen Arzt Namens Hua-Tuo (260-192 v. Chr.) nennen, dem die Entstehung des F\u00fcnf Tiere Kung Fu zugeschrieben wird.<\/p>\n<div class=\"csc-textpic csc-textpic-intext-right csc-textpic-caption-c csc-textpic-equalheight\">\n<div class=\"csc-textpic-text\">\n<p class=\"bodytext\">So kann man jedoch generell China als das Mutterland der asiatischen Kampfkunst ansehen. Doch sind Einfl\u00fcsse aus Indien und Hinterindien nicht zu verleugnen. Der indische M\u00f6nch Ta-Mo (Bodidharma) (ca. 600 n. Chr.) hat das Kung Fu im Shaolin-Kloster wesentlich mitbeeinflu\u00dft.<\/p>\n<\/div>\n<\/div>\n<p class=\"bodytext\">In vielen Teilen der Welt sind auf der Basis des Kung Fu \/ Wu Shu\u00a0 dann unz\u00e4hlige Stilrichtungen mit eigenen Charakteristika und Technikschwerpunkten\u00a0 entstanden.<\/p>\n<p class=\"bodytext\">\n","protected":false},"excerpt":{"rendered":"<p>&#8222;Kung Fu&#8220; ist ein Name, der von Engl\u00e4ndern und Amerikanern in die westliche Welt getragen wurde und bedeutet eigentlich nur &#8222;harte Arbeit&#8220;. Der eigentliche Name lautet: &#8222;Wu Shu&#8220; und bezeichnet [&hellip;]<\/p>\n","protected":false},"author":1,"featured_media":0,"parent":0,"menu_order":0,"comment_status":"closed","ping_status":"closed","template":"","meta":{"footnotes":""},"class_list":["post-11","page","type-page","status-publish","hentry"],"yoast_head":"<!-- This site is optimized with the Yoast SEO plugin v27.3 - https:\/\/yoast.com\/product\/yoast-seo-wordpress\/ -->\n<title>\u00dcber Kampfkunst - Kampfkunstschule Staufen\/ M\u00fcnstertal<\/title>\n<meta name=\"robots\" content=\"index, follow, max-snippet:-1, max-image-preview:large, max-video-preview:-1\" \/>\n<link rel=\"canonical\" href=\"https:\/\/zentrum-tcm-kampfkunst.de\/kampfkunstschule\/ueber-kampfkunst\/\" \/>\n<meta property=\"og:locale\" content=\"de_DE\" \/>\n<meta property=\"og:type\" content=\"article\" \/>\n<meta property=\"og:title\" content=\"\u00dcber Kampfkunst - Kampfkunstschule Staufen\/ M\u00fcnstertal\" \/>\n<meta property=\"og:description\" content=\"&#8222;Kung Fu&#8220; ist ein Name, der von Engl\u00e4ndern und Amerikanern in die westliche Welt getragen wurde und bedeutet eigentlich nur &#8222;harte Arbeit&#8220;. Der eigentliche Name lautet: &#8222;Wu Shu&#8220; und bezeichnet [&hellip;]\" \/>\n<meta property=\"og:url\" content=\"https:\/\/zentrum-tcm-kampfkunst.de\/kampfkunstschule\/ueber-kampfkunst\/\" \/>\n<meta property=\"og:site_name\" content=\"Kampfkunstschule Staufen\/ M\u00fcnstertal\" \/>\n<meta property=\"article:publisher\" content=\"https:\/\/www.facebook.com\/dirk.kastner.7\" \/>\n<meta property=\"article:modified_time\" content=\"2017-07-09T18:54:53+00:00\" \/>\n<meta property=\"og:image\" content=\"https:\/\/zentrum-tcm-kampfkunst.de\/kampfkunstschule\/wp-content\/uploads\/sites\/3\/2017\/05\/kungfu.jpg\" \/>\n<meta name=\"twitter:card\" content=\"summary_large_image\" \/>\n<meta name=\"twitter:label1\" content=\"Gesch\u00e4tzte Lesezeit\" \/>\n\t<meta name=\"twitter:data1\" content=\"2\u00a0Minuten\" \/>\n<script type=\"application\/ld+json\" class=\"yoast-schema-graph\">{\"@context\":\"https:\\\/\\\/schema.org\",\"@graph\":[{\"@type\":\"WebPage\",\"@id\":\"https:\\\/\\\/zentrum-tcm-kampfkunst.de\\\/kampfkunstschule\\\/ueber-kampfkunst\\\/\",\"url\":\"https:\\\/\\\/zentrum-tcm-kampfkunst.de\\\/kampfkunstschule\\\/ueber-kampfkunst\\\/\",\"name\":\"\u00dcber Kampfkunst - Kampfkunstschule Staufen\\\/ M\u00fcnstertal\",\"isPartOf\":{\"@id\":\"https:\\\/\\\/zentrum-tcm-kampfkunst.de\\\/kampfkunstschule\\\/#website\"},\"primaryImageOfPage\":{\"@id\":\"https:\\\/\\\/zentrum-tcm-kampfkunst.de\\\/kampfkunstschule\\\/ueber-kampfkunst\\\/#primaryimage\"},\"image\":{\"@id\":\"https:\\\/\\\/zentrum-tcm-kampfkunst.de\\\/kampfkunstschule\\\/ueber-kampfkunst\\\/#primaryimage\"},\"thumbnailUrl\":\"https:\\\/\\\/zentrum-tcm-kampfkunst.de\\\/kampfkunstschule\\\/wp-content\\\/uploads\\\/sites\\\/3\\\/2017\\\/05\\\/kungfu.jpg\",\"datePublished\":\"2017-05-12T15:17:03+00:00\",\"dateModified\":\"2017-07-09T18:54:53+00:00\",\"breadcrumb\":{\"@id\":\"https:\\\/\\\/zentrum-tcm-kampfkunst.de\\\/kampfkunstschule\\\/ueber-kampfkunst\\\/#breadcrumb\"},\"inLanguage\":\"de\",\"potentialAction\":[{\"@type\":\"ReadAction\",\"target\":[\"https:\\\/\\\/zentrum-tcm-kampfkunst.de\\\/kampfkunstschule\\\/ueber-kampfkunst\\\/\"]}]},{\"@type\":\"ImageObject\",\"inLanguage\":\"de\",\"@id\":\"https:\\\/\\\/zentrum-tcm-kampfkunst.de\\\/kampfkunstschule\\\/ueber-kampfkunst\\\/#primaryimage\",\"url\":\"https:\\\/\\\/zentrum-tcm-kampfkunst.de\\\/kampfkunstschule\\\/wp-content\\\/uploads\\\/sites\\\/3\\\/2017\\\/05\\\/kungfu.jpg\",\"contentUrl\":\"https:\\\/\\\/zentrum-tcm-kampfkunst.de\\\/kampfkunstschule\\\/wp-content\\\/uploads\\\/sites\\\/3\\\/2017\\\/05\\\/kungfu.jpg\",\"width\":100,\"height\":194,\"caption\":\"Kung-Fu\"},{\"@type\":\"BreadcrumbList\",\"@id\":\"https:\\\/\\\/zentrum-tcm-kampfkunst.de\\\/kampfkunstschule\\\/ueber-kampfkunst\\\/#breadcrumb\",\"itemListElement\":[{\"@type\":\"ListItem\",\"position\":1,\"name\":\"Start\",\"item\":\"https:\\\/\\\/zentrum-tcm-kampfkunst.de\\\/kampfkunstschule\\\/\"},{\"@type\":\"ListItem\",\"position\":2,\"name\":\"\u00dcber Kampfkunst\"}]},{\"@type\":\"WebSite\",\"@id\":\"https:\\\/\\\/zentrum-tcm-kampfkunst.de\\\/kampfkunstschule\\\/#website\",\"url\":\"https:\\\/\\\/zentrum-tcm-kampfkunst.de\\\/kampfkunstschule\\\/\",\"name\":\"Kampfkunstschule Staufen\\\/ M\u00fcnstertal\",\"description\":\"Zentrum f\u00fcr TCM &amp; Kampfkunst Guo-Shu\",\"potentialAction\":[{\"@type\":\"SearchAction\",\"target\":{\"@type\":\"EntryPoint\",\"urlTemplate\":\"https:\\\/\\\/zentrum-tcm-kampfkunst.de\\\/kampfkunstschule\\\/?s={search_term_string}\"},\"query-input\":{\"@type\":\"PropertyValueSpecification\",\"valueRequired\":true,\"valueName\":\"search_term_string\"}}],\"inLanguage\":\"de\"}]}<\/script>\n<!-- \/ Yoast SEO plugin. -->","yoast_head_json":{"title":"\u00dcber Kampfkunst - Kampfkunstschule Staufen\/ M\u00fcnstertal","robots":{"index":"index","follow":"follow","max-snippet":"max-snippet:-1","max-image-preview":"max-image-preview:large","max-video-preview":"max-video-preview:-1"},"canonical":"https:\/\/zentrum-tcm-kampfkunst.de\/kampfkunstschule\/ueber-kampfkunst\/","og_locale":"de_DE","og_type":"article","og_title":"\u00dcber Kampfkunst - Kampfkunstschule Staufen\/ M\u00fcnstertal","og_description":"&#8222;Kung Fu&#8220; ist ein Name, der von Engl\u00e4ndern und Amerikanern in die westliche Welt getragen wurde und bedeutet eigentlich nur &#8222;harte Arbeit&#8220;. Der eigentliche Name lautet: &#8222;Wu Shu&#8220; und bezeichnet [&hellip;]","og_url":"https:\/\/zentrum-tcm-kampfkunst.de\/kampfkunstschule\/ueber-kampfkunst\/","og_site_name":"Kampfkunstschule Staufen\/ M\u00fcnstertal","article_publisher":"https:\/\/www.facebook.com\/dirk.kastner.7","article_modified_time":"2017-07-09T18:54:53+00:00","og_image":[{"url":"https:\/\/zentrum-tcm-kampfkunst.de\/kampfkunstschule\/wp-content\/uploads\/sites\/3\/2017\/05\/kungfu.jpg","type":"","width":"","height":""}],"twitter_card":"summary_large_image","twitter_misc":{"Gesch\u00e4tzte Lesezeit":"2\u00a0Minuten"},"schema":{"@context":"https:\/\/schema.org","@graph":[{"@type":"WebPage","@id":"https:\/\/zentrum-tcm-kampfkunst.de\/kampfkunstschule\/ueber-kampfkunst\/","url":"https:\/\/zentrum-tcm-kampfkunst.de\/kampfkunstschule\/ueber-kampfkunst\/","name":"\u00dcber Kampfkunst - Kampfkunstschule Staufen\/ M\u00fcnstertal","isPartOf":{"@id":"https:\/\/zentrum-tcm-kampfkunst.de\/kampfkunstschule\/#website"},"primaryImageOfPage":{"@id":"https:\/\/zentrum-tcm-kampfkunst.de\/kampfkunstschule\/ueber-kampfkunst\/#primaryimage"},"image":{"@id":"https:\/\/zentrum-tcm-kampfkunst.de\/kampfkunstschule\/ueber-kampfkunst\/#primaryimage"},"thumbnailUrl":"https:\/\/zentrum-tcm-kampfkunst.de\/kampfkunstschule\/wp-content\/uploads\/sites\/3\/2017\/05\/kungfu.jpg","datePublished":"2017-05-12T15:17:03+00:00","dateModified":"2017-07-09T18:54:53+00:00","breadcrumb":{"@id":"https:\/\/zentrum-tcm-kampfkunst.de\/kampfkunstschule\/ueber-kampfkunst\/#breadcrumb"},"inLanguage":"de","potentialAction":[{"@type":"ReadAction","target":["https:\/\/zentrum-tcm-kampfkunst.de\/kampfkunstschule\/ueber-kampfkunst\/"]}]},{"@type":"ImageObject","inLanguage":"de","@id":"https:\/\/zentrum-tcm-kampfkunst.de\/kampfkunstschule\/ueber-kampfkunst\/#primaryimage","url":"https:\/\/zentrum-tcm-kampfkunst.de\/kampfkunstschule\/wp-content\/uploads\/sites\/3\/2017\/05\/kungfu.jpg","contentUrl":"https:\/\/zentrum-tcm-kampfkunst.de\/kampfkunstschule\/wp-content\/uploads\/sites\/3\/2017\/05\/kungfu.jpg","width":100,"height":194,"caption":"Kung-Fu"},{"@type":"BreadcrumbList","@id":"https:\/\/zentrum-tcm-kampfkunst.de\/kampfkunstschule\/ueber-kampfkunst\/#breadcrumb","itemListElement":[{"@type":"ListItem","position":1,"name":"Start","item":"https:\/\/zentrum-tcm-kampfkunst.de\/kampfkunstschule\/"},{"@type":"ListItem","position":2,"name":"\u00dcber Kampfkunst"}]},{"@type":"WebSite","@id":"https:\/\/zentrum-tcm-kampfkunst.de\/kampfkunstschule\/#website","url":"https:\/\/zentrum-tcm-kampfkunst.de\/kampfkunstschule\/","name":"Kampfkunstschule Staufen\/ M\u00fcnstertal","description":"Zentrum f\u00fcr TCM &amp; Kampfkunst Guo-Shu","potentialAction":[{"@type":"SearchAction","target":{"@type":"EntryPoint","urlTemplate":"https:\/\/zentrum-tcm-kampfkunst.de\/kampfkunstschule\/?s={search_term_string}"},"query-input":{"@type":"PropertyValueSpecification","valueRequired":true,"valueName":"search_term_string"}}],"inLanguage":"de"}]}},"_links":{"self":[{"href":"https:\/\/zentrum-tcm-kampfkunst.de\/kampfkunstschule\/wp-json\/wp\/v2\/pages\/11","targetHints":{"allow":["GET"]}}],"collection":[{"href":"https:\/\/zentrum-tcm-kampfkunst.de\/kampfkunstschule\/wp-json\/wp\/v2\/pages"}],"about":[{"href":"https:\/\/zentrum-tcm-kampfkunst.de\/kampfkunstschule\/wp-json\/wp\/v2\/types\/page"}],"author":[{"embeddable":true,"href":"https:\/\/zentrum-tcm-kampfkunst.de\/kampfkunstschule\/wp-json\/wp\/v2\/users\/1"}],"replies":[{"embeddable":true,"href":"https:\/\/zentrum-tcm-kampfkunst.de\/kampfkunstschule\/wp-json\/wp\/v2\/comments?post=11"}],"version-history":[{"count":3,"href":"https:\/\/zentrum-tcm-kampfkunst.de\/kampfkunstschule\/wp-json\/wp\/v2\/pages\/11\/revisions"}],"predecessor-version":[{"id":303,"href":"https:\/\/zentrum-tcm-kampfkunst.de\/kampfkunstschule\/wp-json\/wp\/v2\/pages\/11\/revisions\/303"}],"wp:attachment":[{"href":"https:\/\/zentrum-tcm-kampfkunst.de\/kampfkunstschule\/wp-json\/wp\/v2\/media?parent=11"}],"curies":[{"name":"wp","href":"https:\/\/api.w.org\/{rel}","templated":true}]}}